{"id":1040,"date":"2025-11-03T11:51:37","date_gmt":"2025-11-03T10:51:37","guid":{"rendered":"https:\/\/aubellys.fr\/?page_id=1040"},"modified":"2025-11-03T11:54:29","modified_gmt":"2025-11-03T10:54:29","slug":"pumpkin-cake","status":"publish","type":"page","link":"https:\/\/aubellys.fr\/index.php\/pumpkin-cake\/","title":{"rendered":"Pumpkin cake"},"content":{"rendered":"\n<p>Un souffle d\u2019\u00e9pices, une caresse de ch\u00e2taignes,<br>La douceur d\u2019une courge dor\u00e9e par le soleil d\u2019octobre\u2026<\/p>\n\n\n\n<div class=\"wp-block-columns is-layout-flex wp-container-core-columns-is-layout-9d6595d7 wp-block-columns-is-layout-flex\">\n<div class=\"wp-block-column is-layout-flow wp-block-column-is-layout-flow\">\n<figure class=\"wp-block-image size-large\"><img loading=\"lazy\" decoding=\"async\" width=\"724\" height=\"1024\" src=\"http:\/\/aubellys.fr\/wp-content\/uploads\/2025\/11\/Pumpkin-cake-chataigne-noisette-epices-bio-IG-bas-sans-gluten-sans-lactose-lavaur-Aubellys-724x1024.png\" alt=\"\" class=\"wp-image-1041\" srcset=\"https:\/\/aubellys.fr\/wp-content\/uploads\/2025\/11\/Pumpkin-cake-chataigne-noisette-epices-bio-IG-bas-sans-gluten-sans-lactose-lavaur-Aubellys-724x1024.png 724w, https:\/\/aubellys.fr\/wp-content\/uploads\/2025\/11\/Pumpkin-cake-chataigne-noisette-epices-bio-IG-bas-sans-gluten-sans-lactose-lavaur-Aubellys-212x300.png 212w, https:\/\/aubellys.fr\/wp-content\/uploads\/2025\/11\/Pumpkin-cake-chataigne-noisette-epices-bio-IG-bas-sans-gluten-sans-lactose-lavaur-Aubellys-768x1086.png 768w, https:\/\/aubellys.fr\/wp-content\/uploads\/2025\/11\/Pumpkin-cake-chataigne-noisette-epices-bio-IG-bas-sans-gluten-sans-lactose-lavaur-Aubellys-1086x1536.png 1086w, https:\/\/aubellys.fr\/wp-content\/uploads\/2025\/11\/Pumpkin-cake-chataigne-noisette-epices-bio-IG-bas-sans-gluten-sans-lactose-lavaur-Aubellys.png 1414w\" sizes=\"auto, (max-width: 724px) 100vw, 724px\" \/><\/figure>\n<\/div>\n\n\n\n<div class=\"wp-block-column is-layout-flow wp-block-column-is-layout-flow\">\n<figure class=\"wp-block-image size-large\"><img loading=\"lazy\" decoding=\"async\" width=\"724\" height=\"1024\" src=\"http:\/\/aubellys.fr\/wp-content\/uploads\/2025\/10\/Pumpkin-cake-chataigne-noisette-noix-sans-gluten-sans-lactose-bio-IG-bas-Aubellys-724x1024.png\" alt=\"\" class=\"wp-image-1032\" srcset=\"https:\/\/aubellys.fr\/wp-content\/uploads\/2025\/10\/Pumpkin-cake-chataigne-noisette-noix-sans-gluten-sans-lactose-bio-IG-bas-Aubellys-724x1024.png 724w, https:\/\/aubellys.fr\/wp-content\/uploads\/2025\/10\/Pumpkin-cake-chataigne-noisette-noix-sans-gluten-sans-lactose-bio-IG-bas-Aubellys-212x300.png 212w, https:\/\/aubellys.fr\/wp-content\/uploads\/2025\/10\/Pumpkin-cake-chataigne-noisette-noix-sans-gluten-sans-lactose-bio-IG-bas-Aubellys-768x1086.png 768w, https:\/\/aubellys.fr\/wp-content\/uploads\/2025\/10\/Pumpkin-cake-chataigne-noisette-noix-sans-gluten-sans-lactose-bio-IG-bas-Aubellys-1086x1536.png 1086w, https:\/\/aubellys.fr\/wp-content\/uploads\/2025\/10\/Pumpkin-cake-chataigne-noisette-noix-sans-gluten-sans-lactose-bio-IG-bas-Aubellys.png 1414w\" sizes=\"auto, (max-width: 724px) 100vw, 724px\" \/><\/figure>\n<\/div>\n<\/div>\n\n\n\n<p><strong>Ce Pumpkin Cake est une ode \u00e0 la saison, un voyage gourmand o\u00f9 chaque bouch\u00e9e raconte une histoire :<\/strong><br>&#8211; Celle des Noisettes du Tarn, Ch\u00e2taigne et Noix de Haute Garonne,<br>&#8211; Celle de l\u2019huile d\u2019olive, qui enveloppe le tout d\u2019une rondeur m\u00e9diterran\u00e9enne,<br>&#8211; Celle du sucre de fleur de coco avec son go\u00fbt caram\u00e9lis\u00e9.<br>&#8211; Celle du psyllium qui apporte une l\u00e9g\u00e8ret\u00e9, tout en prenant soin de votre digestion,<\/p>\n\n\n\n<p><strong>Un g\u00e2teau qui prend soin de vous\u2026<\/strong><br>&#8211; Sans gluten et Sans Lactose pour que chacun puisse savourer l\u2019automne sans renoncement.<br>&#8211; Indice glyc\u00e9mique bas, pour un plaisir qui nourrit le corps et l\u2019\u00e2me.<br>&#8211; Local et bio, parce que la gourmandise doit rimer avec respect \u2013 de la terre, des Hommes et de soi.<br>&#8211; Cuisson douce qui pr\u00e9servent leurs nutriments et leurs ar\u00f4mes.<\/p>\n","protected":false},"excerpt":{"rendered":"<p>Un souffle d\u2019\u00e9pices, une caresse de ch\u00e2taignes,La douceur d\u2019une courge dor\u00e9e par le soleil d\u2019octobre\u2026 Ce Pumpkin Cake est une ode \u00e0 la saison, un voyage gourmand o\u00f9 chaque bouch\u00e9e raconte une histoire :&#8211; Celle des Noisettes du Tarn, Ch\u00e2taigne et Noix de Haute Garonne,&#8211; Celle de l\u2019huile d\u2019olive, qui enveloppe le tout d\u2019une rondeur &hellip; <\/p>\n<p class=\"link-more\"><a href=\"https:\/\/aubellys.fr\/index.php\/pumpkin-cake\/\" class=\"more-link\">Continuer la lecture<span class=\"screen-reader-text\"> de &laquo;&nbsp;Pumpkin cake&nbsp;&raquo;<\/span><\/a><\/p>\n","protected":false},"author":1,"featured_media":0,"parent":0,"menu_order":0,"comment_status":"closed","ping_status":"closed","template":"","meta":{"inline_featured_image":false,"footnotes":""},"class_list":["post-1040","page","type-page","status-publish","hentry"],"_links":{"self":[{"href":"https:\/\/aubellys.fr\/index.php\/wp-json\/wp\/v2\/pages\/1040","targetHints":{"allow":["GET"]}}],"collection":[{"href":"https:\/\/aubellys.fr\/index.php\/wp-json\/wp\/v2\/pages"}],"about":[{"href":"https:\/\/aubellys.fr\/index.php\/wp-json\/wp\/v2\/types\/page"}],"author":[{"embeddable":true,"href":"https:\/\/aubellys.fr\/index.php\/wp-json\/wp\/v2\/users\/1"}],"replies":[{"embeddable":true,"href":"https:\/\/aubellys.fr\/index.php\/wp-json\/wp\/v2\/comments?post=1040"}],"version-history":[{"count":4,"href":"https:\/\/aubellys.fr\/index.php\/wp-json\/wp\/v2\/pages\/1040\/revisions"}],"predecessor-version":[{"id":1045,"href":"https:\/\/aubellys.fr\/index.php\/wp-json\/wp\/v2\/pages\/1040\/revisions\/1045"}],"wp:attachment":[{"href":"https:\/\/aubellys.fr\/index.php\/wp-json\/wp\/v2\/media?parent=1040"}],"curies":[{"name":"wp","href":"https:\/\/api.w.org\/{rel}","templated":true}]}}