{"id":1077,"date":"2025-11-29T17:34:16","date_gmt":"2025-11-29T16:34:16","guid":{"rendered":"https:\/\/aubellys.fr\/?page_id=1077"},"modified":"2025-11-29T17:34:16","modified_gmt":"2025-11-29T16:34:16","slug":"evenement","status":"publish","type":"page","link":"https:\/\/aubellys.fr\/index.php\/evenement\/","title":{"rendered":"Ev\u00e9nement"},"content":{"rendered":"\n<p>D\u00e9couvrez et Offrez mes gourmandises bienfaisantes et locales lors du march\u00e9 du 3 d\u00e9cembre \u00e0 Lavaur.<\/p>\n\n\n\n<figure class=\"wp-block-image size-full\"><img loading=\"lazy\" decoding=\"async\" width=\"750\" height=\"933\" src=\"https:\/\/aubellys.fr\/wp-content\/uploads\/2025\/11\/IMG_3978.jpg\" alt=\"\" class=\"wp-image-1078\" srcset=\"https:\/\/aubellys.fr\/wp-content\/uploads\/2025\/11\/IMG_3978.jpg 750w, https:\/\/aubellys.fr\/wp-content\/uploads\/2025\/11\/IMG_3978-241x300.jpg 241w\" sizes=\"auto, (max-width: 706px) 89vw, (max-width: 767px) 82vw, 740px\" \/><\/figure>\n","protected":false},"excerpt":{"rendered":"<p>D\u00e9couvrez et Offrez mes gourmandises bienfaisantes et locales lors du march\u00e9 du 3 d\u00e9cembre \u00e0 Lavaur.<\/p>\n","protected":false},"author":1,"featured_media":0,"parent":0,"menu_order":0,"comment_status":"closed","ping_status":"closed","template":"","meta":{"inline_featured_image":false,"footnotes":""},"class_list":["post-1077","page","type-page","status-publish","hentry"],"_links":{"self":[{"href":"https:\/\/aubellys.fr\/index.php\/wp-json\/wp\/v2\/pages\/1077","targetHints":{"allow":["GET"]}}],"collection":[{"href":"https:\/\/aubellys.fr\/index.php\/wp-json\/wp\/v2\/pages"}],"about":[{"href":"https:\/\/aubellys.fr\/index.php\/wp-json\/wp\/v2\/types\/page"}],"author":[{"embeddable":true,"href":"https:\/\/aubellys.fr\/index.php\/wp-json\/wp\/v2\/users\/1"}],"replies":[{"embeddable":true,"href":"https:\/\/aubellys.fr\/index.php\/wp-json\/wp\/v2\/comments?post=1077"}],"version-history":[{"count":1,"href":"https:\/\/aubellys.fr\/index.php\/wp-json\/wp\/v2\/pages\/1077\/revisions"}],"predecessor-version":[{"id":1079,"href":"https:\/\/aubellys.fr\/index.php\/wp-json\/wp\/v2\/pages\/1077\/revisions\/1079"}],"wp:attachment":[{"href":"https:\/\/aubellys.fr\/index.php\/wp-json\/wp\/v2\/media?parent=1077"}],"curies":[{"name":"wp","href":"https:\/\/api.w.org\/{rel}","templated":true}]}}