{"id":110,"date":"2025-04-19T16:03:36","date_gmt":"2025-04-19T14:03:36","guid":{"rendered":"https:\/\/aubellys.fr\/?page_id=110"},"modified":"2026-03-25T17:25:46","modified_gmt":"2026-03-25T16:25:46","slug":"presentation","status":"publish","type":"page","link":"https:\/\/aubellys.fr\/","title":{"rendered":"Pr\u00e9sentation"},"content":{"rendered":"\n<h1 class=\"wp-block-heading\"><strong>Cuisine florale bienfaisante<\/strong><\/h1>\n\n\n\n<h5 class=\"wp-block-heading\">D\u00e9couvrez une cuisine engag\u00e9e pour la sant\u00e9, la nature et remplie de po\u00e9sie insuffl\u00e9e par les beaut\u00e9s du Tarn.<\/h5>\n\n\n\n<p>Des gourmandises r\u00e9duites en sucre IG bas et  des pr\u00e9parations sal\u00e9es avec des fleurs comestibles, \u00e0 base d\u2019ingr\u00e9dients locaux, de qualit\u00e9 et biologiques.<\/p>\n\n\n\n<p>Petite production de fleurs comestibles, plantes aromatiques et m\u00e9dicinale et cueillettes sauvage.<\/p>\n\n\n\n<div class=\"wp-block-columns is-layout-flex wp-container-core-columns-is-layout-9d6595d7 wp-block-columns-is-layout-flex\">\n<div class=\"wp-block-column is-layout-flow wp-block-column-is-layout-flow\">\n<figure class=\"wp-block-image size-full\"><img loading=\"lazy\" decoding=\"async\" width=\"525\" height=\"700\" src=\"https:\/\/aubellys.fr\/wp-content\/uploads\/2026\/03\/Coffret-biscuits-assortiment-IG-bas-Aubellys-biscuiterie-artisanale-rotated.jpg\" alt=\"\" class=\"wp-image-1512\" srcset=\"https:\/\/aubellys.fr\/wp-content\/uploads\/2026\/03\/Coffret-biscuits-assortiment-IG-bas-Aubellys-biscuiterie-artisanale-rotated.jpg 525w, https:\/\/aubellys.fr\/wp-content\/uploads\/2026\/03\/Coffret-biscuits-assortiment-IG-bas-Aubellys-biscuiterie-artisanale-225x300.jpg 225w\" sizes=\"auto, (max-width: 525px) 100vw, 525px\" \/><\/figure>\n<\/div>\n\n\n\n<div class=\"wp-block-column is-layout-flow wp-block-column-is-layout-flow\">\n<figure class=\"wp-block-image size-full\"><img loading=\"lazy\" decoding=\"async\" width=\"450\" height=\"600\" src=\"http:\/\/aubellys.fr\/wp-content\/uploads\/2026\/03\/Muffins-sans-gluen-sans-lactose-chocolat-noir-IG-bas-patiiserie-Aubellys-occitanie-rotated.jpg\" alt=\"\" class=\"wp-image-1506\" srcset=\"https:\/\/aubellys.fr\/wp-content\/uploads\/2026\/03\/Muffins-sans-gluen-sans-lactose-chocolat-noir-IG-bas-patiiserie-Aubellys-occitanie-rotated.jpg 450w, https:\/\/aubellys.fr\/wp-content\/uploads\/2026\/03\/Muffins-sans-gluen-sans-lactose-chocolat-noir-IG-bas-patiiserie-Aubellys-occitanie-225x300.jpg 225w\" sizes=\"auto, (max-width: 450px) 100vw, 450px\" \/><\/figure>\n<\/div>\n<\/div>\n\n\n\n<div class=\"wp-block-group\"><div class=\"wp-block-group__inner-container is-layout-constrained wp-block-group-is-layout-constrained\">\n<div class=\"wp-block-columns is-layout-flex wp-container-core-columns-is-layout-9d6595d7 wp-block-columns-is-layout-flex\">\n<div class=\"wp-block-column is-layout-flow wp-block-column-is-layout-flow\" style=\"flex-basis:100%\">\n<div class=\"wp-block-group is-layout-grid wp-container-core-group-is-layout-9649a0d9 wp-block-group-is-layout-grid\">\n<figure class=\"wp-block-image size-large is-style-rounded\"><img loading=\"lazy\" decoding=\"async\" width=\"724\" height=\"1024\" src=\"https:\/\/aubellys.fr\/wp-content\/uploads\/2026\/03\/coeur-gateau-IG-bas-patiiserie-Lavaur-toulouse-Aubellys-724x1024.png\" alt=\"\" class=\"wp-image-1398\" srcset=\"https:\/\/aubellys.fr\/wp-content\/uploads\/2026\/03\/coeur-gateau-IG-bas-patiiserie-Lavaur-toulouse-Aubellys-724x1024.png 724w, https:\/\/aubellys.fr\/wp-content\/uploads\/2026\/03\/coeur-gateau-IG-bas-patiiserie-Lavaur-toulouse-Aubellys-212x300.png 212w, https:\/\/aubellys.fr\/wp-content\/uploads\/2026\/03\/coeur-gateau-IG-bas-patiiserie-Lavaur-toulouse-Aubellys-768x1086.png 768w, https:\/\/aubellys.fr\/wp-content\/uploads\/2026\/03\/coeur-gateau-IG-bas-patiiserie-Lavaur-toulouse-Aubellys-1086x1536.png 1086w, https:\/\/aubellys.fr\/wp-content\/uploads\/2026\/03\/coeur-gateau-IG-bas-patiiserie-Lavaur-toulouse-Aubellys.png 1414w\" sizes=\"auto, (max-width: 724px) 100vw, 724px\" \/><\/figure>\n\n\n\n<figure class=\"wp-block-image size-large is-style-rounded\"><img loading=\"lazy\" decoding=\"async\" width=\"724\" height=\"1024\" src=\"http:\/\/aubellys.fr\/wp-content\/uploads\/2026\/03\/patisserie-moelleux-sans-gluten-vegan-IG-bas-Aubellys-Toulouse-Lavaur-724x1024.png\" alt=\"\" class=\"wp-image-1400\" srcset=\"https:\/\/aubellys.fr\/wp-content\/uploads\/2026\/03\/patisserie-moelleux-sans-gluten-vegan-IG-bas-Aubellys-Toulouse-Lavaur-724x1024.png 724w, https:\/\/aubellys.fr\/wp-content\/uploads\/2026\/03\/patisserie-moelleux-sans-gluten-vegan-IG-bas-Aubellys-Toulouse-Lavaur-212x300.png 212w, https:\/\/aubellys.fr\/wp-content\/uploads\/2026\/03\/patisserie-moelleux-sans-gluten-vegan-IG-bas-Aubellys-Toulouse-Lavaur-768x1086.png 768w, https:\/\/aubellys.fr\/wp-content\/uploads\/2026\/03\/patisserie-moelleux-sans-gluten-vegan-IG-bas-Aubellys-Toulouse-Lavaur-1086x1536.png 1086w, https:\/\/aubellys.fr\/wp-content\/uploads\/2026\/03\/patisserie-moelleux-sans-gluten-vegan-IG-bas-Aubellys-Toulouse-Lavaur.png 1414w\" sizes=\"auto, (max-width: 724px) 100vw, 724px\" \/><\/figure>\n\n\n\n<figure class=\"wp-block-image size-large is-style-rounded\"><img loading=\"lazy\" decoding=\"async\" width=\"724\" height=\"1024\" src=\"http:\/\/aubellys.fr\/wp-content\/uploads\/2026\/03\/biscuit-floral-personnalise-sans-gluten-IG-bas-Aubellys-724x1024.png\" alt=\"\" class=\"wp-image-1395\" srcset=\"https:\/\/aubellys.fr\/wp-content\/uploads\/2026\/03\/biscuit-floral-personnalise-sans-gluten-IG-bas-Aubellys-724x1024.png 724w, https:\/\/aubellys.fr\/wp-content\/uploads\/2026\/03\/biscuit-floral-personnalise-sans-gluten-IG-bas-Aubellys-212x300.png 212w, https:\/\/aubellys.fr\/wp-content\/uploads\/2026\/03\/biscuit-floral-personnalise-sans-gluten-IG-bas-Aubellys-768x1086.png 768w, https:\/\/aubellys.fr\/wp-content\/uploads\/2026\/03\/biscuit-floral-personnalise-sans-gluten-IG-bas-Aubellys-1086x1536.png 1086w, https:\/\/aubellys.fr\/wp-content\/uploads\/2026\/03\/biscuit-floral-personnalise-sans-gluten-IG-bas-Aubellys.png 1414w\" sizes=\"auto, (max-width: 724px) 100vw, 724px\" \/><\/figure>\n\n\n\n<figure class=\"wp-block-image size-large is-style-rounded\"><img loading=\"lazy\" decoding=\"async\" width=\"768\" height=\"1024\" src=\"http:\/\/aubellys.fr\/wp-content\/uploads\/2025\/08\/IMG_1675-768x1024.jpg\" alt=\"\" class=\"wp-image-508\" srcset=\"https:\/\/aubellys.fr\/wp-content\/uploads\/2025\/08\/IMG_1675-768x1024.jpg 768w, https:\/\/aubellys.fr\/wp-content\/uploads\/2025\/08\/IMG_1675-225x300.jpg 225w, https:\/\/aubellys.fr\/wp-content\/uploads\/2025\/08\/IMG_1675-1152x1536.jpg 1152w, https:\/\/aubellys.fr\/wp-content\/uploads\/2025\/08\/IMG_1675-1536x2048.jpg 1536w, https:\/\/aubellys.fr\/wp-content\/uploads\/2025\/08\/IMG_1675-scaled.jpg 1920w\" sizes=\"auto, (max-width: 706px) 89vw, (max-width: 767px) 82vw, 740px\" \/><\/figure>\n\n\n\n<figure class=\"wp-block-image size-full is-style-rounded\"><img loading=\"lazy\" decoding=\"async\" width=\"300\" height=\"400\" src=\"http:\/\/aubellys.fr\/wp-content\/uploads\/2025\/12\/houmous-rose--rotated.jpg\" alt=\"\" class=\"wp-image-1118\" srcset=\"https:\/\/aubellys.fr\/wp-content\/uploads\/2025\/12\/houmous-rose--rotated.jpg 300w, https:\/\/aubellys.fr\/wp-content\/uploads\/2025\/12\/houmous-rose--225x300.jpg 225w\" sizes=\"auto, (max-width: 300px) 100vw, 300px\" \/><\/figure>\n\n\n\n<figure class=\"wp-block-image size-large is-style-rounded\"><img loading=\"lazy\" decoding=\"async\" width=\"768\" height=\"1024\" src=\"http:\/\/aubellys.fr\/wp-content\/uploads\/2025\/08\/e95222be-567e-4343-83d3-b3c9ac6eb680-768x1024.jpg\" alt=\"\" class=\"wp-image-446\" srcset=\"https:\/\/aubellys.fr\/wp-content\/uploads\/2025\/08\/e95222be-567e-4343-83d3-b3c9ac6eb680-768x1024.jpg 768w, https:\/\/aubellys.fr\/wp-content\/uploads\/2025\/08\/e95222be-567e-4343-83d3-b3c9ac6eb680-225x300.jpg 225w, https:\/\/aubellys.fr\/wp-content\/uploads\/2025\/08\/e95222be-567e-4343-83d3-b3c9ac6eb680-1152x1536.jpg 1152w, https:\/\/aubellys.fr\/wp-content\/uploads\/2025\/08\/e95222be-567e-4343-83d3-b3c9ac6eb680.jpg 1536w\" sizes=\"auto, (max-width: 706px) 89vw, (max-width: 767px) 82vw, 740px\" \/><\/figure>\n\n\n\n<figure class=\"wp-block-image size-large is-style-rounded\"><img loading=\"lazy\" decoding=\"async\" width=\"768\" height=\"1024\" src=\"http:\/\/aubellys.fr\/wp-content\/uploads\/2025\/08\/IMG_1955-1-768x1024.jpg\" alt=\"\" class=\"wp-image-528\" style=\"aspect-ratio:0.750008693535487\" srcset=\"https:\/\/aubellys.fr\/wp-content\/uploads\/2025\/08\/IMG_1955-1-768x1024.jpg 768w, https:\/\/aubellys.fr\/wp-content\/uploads\/2025\/08\/IMG_1955-1-225x300.jpg 225w, https:\/\/aubellys.fr\/wp-content\/uploads\/2025\/08\/IMG_1955-1-1152x1536.jpg 1152w, https:\/\/aubellys.fr\/wp-content\/uploads\/2025\/08\/IMG_1955-1-1536x2048.jpg 1536w, https:\/\/aubellys.fr\/wp-content\/uploads\/2025\/08\/IMG_1955-1-scaled.jpg 1920w\" sizes=\"auto, (max-width: 706px) 89vw, (max-width: 767px) 82vw, 740px\" \/><\/figure>\n\n\n\n<figure class=\"wp-block-image size-full is-style-rounded\"><img loading=\"lazy\" decoding=\"async\" width=\"333\" height=\"500\" src=\"http:\/\/aubellys.fr\/wp-content\/uploads\/2025\/12\/MARCHE-DE-NOEL-LAVAUR-ibis.jpg\" alt=\"\" class=\"wp-image-1098\" srcset=\"https:\/\/aubellys.fr\/wp-content\/uploads\/2025\/12\/MARCHE-DE-NOEL-LAVAUR-ibis.jpg 333w, https:\/\/aubellys.fr\/wp-content\/uploads\/2025\/12\/MARCHE-DE-NOEL-LAVAUR-ibis-200x300.jpg 200w\" sizes=\"auto, (max-width: 333px) 100vw, 333px\" \/><\/figure>\n\n\n\n<figure class=\"wp-block-image size-large is-style-rounded\"><img loading=\"lazy\" decoding=\"async\" width=\"683\" height=\"1024\" src=\"http:\/\/aubellys.fr\/wp-content\/uploads\/2025\/08\/assiette_crakers3-Aubellys-683x1024.jpg\" alt=\"\" class=\"wp-image-353\" srcset=\"https:\/\/aubellys.fr\/wp-content\/uploads\/2025\/08\/assiette_crakers3-Aubellys-683x1024.jpg 683w, https:\/\/aubellys.fr\/wp-content\/uploads\/2025\/08\/assiette_crakers3-Aubellys-200x300.jpg 200w, https:\/\/aubellys.fr\/wp-content\/uploads\/2025\/08\/assiette_crakers3-Aubellys-768x1152.jpg 768w, https:\/\/aubellys.fr\/wp-content\/uploads\/2025\/08\/assiette_crakers3-Aubellys.jpg 915w\" sizes=\"auto, (max-width: 683px) 100vw, 683px\" \/><\/figure>\n<\/div>\n<\/div>\n<\/div>\n<\/div><\/div>\n\n\n\n<h2 class=\"wp-block-heading\"><strong>MES VALEURS<\/strong><\/h2>\n\n\n<div class=\"wp-block-image\">\n<figure class=\"aligncenter size-large is-resized\"><img loading=\"lazy\" decoding=\"async\" width=\"794\" height=\"1123\" src=\"http:\/\/aubellys.fr\/wp-content\/uploads\/2025\/09\/Aubellys-cuisine-florale.svg\" alt=\"\" class=\"wp-image-725\" style=\"width:471px;height:auto\"\/><\/figure>\n<\/div>\n\n\n<ul class=\"wp-block-list\">\n<li>Des ingr\u00e9dients de qualit\u00e9, locaux et biologiques<\/li>\n\n\n\n<li>Des fleurs comestibles et plantes sauvages<\/li>\n\n\n\n<li>Des besoins nutritionnels respect\u00e9s<\/li>\n\n\n\n<li>Des techniques culinaires conservant les nutriments<\/li>\n\n\n\n<li>Un Indice Glyc\u00e9mique bas : pr\u00e9parations r\u00e9duites en sucre<\/li>\n\n\n\n<li>Des recettes pour les diff\u00e9rents r\u00e9gimes alimentaire: sans lactose, sans gluten, v\u00e9gane<\/li>\n<\/ul>\n\n\n\n<div class=\"wp-block-columns is-layout-flex wp-container-core-columns-is-layout-9d6595d7 wp-block-columns-is-layout-flex\">\n<div class=\"wp-block-column is-layout-flow wp-block-column-is-layout-flow\">\n<figure class=\"wp-block-image size-large\"><img loading=\"lazy\" decoding=\"async\" width=\"1024\" height=\"768\" src=\"http:\/\/aubellys.fr\/wp-content\/uploads\/2025\/05\/presentation-biscuits-table-1024x768.jpg\" alt=\"\" class=\"wp-image-290\" srcset=\"https:\/\/aubellys.fr\/wp-content\/uploads\/2025\/05\/presentation-biscuits-table-1024x768.jpg 1024w, https:\/\/aubellys.fr\/wp-content\/uploads\/2025\/05\/presentation-biscuits-table-300x225.jpg 300w, https:\/\/aubellys.fr\/wp-content\/uploads\/2025\/05\/presentation-biscuits-table-768x576.jpg 768w, https:\/\/aubellys.fr\/wp-content\/uploads\/2025\/05\/presentation-biscuits-table-1536x1152.jpg 1536w, https:\/\/aubellys.fr\/wp-content\/uploads\/2025\/05\/presentation-biscuits-table-2048x1536.jpg 2048w\" sizes=\"auto, (max-width: 706px) 89vw, (max-width: 767px) 82vw, 740px\" \/><\/figure>\n<\/div>\n<\/div>\n","protected":false},"excerpt":{"rendered":"<p>Cuisine florale bienfaisante D\u00e9couvrez une cuisine engag\u00e9e pour la sant\u00e9, la nature et remplie de po\u00e9sie insuffl\u00e9e par les beaut\u00e9s du Tarn. Des gourmandises r\u00e9duites en sucre IG bas et des pr\u00e9parations sal\u00e9es avec des fleurs comestibles, \u00e0 base d\u2019ingr\u00e9dients locaux, de qualit\u00e9 et biologiques. Petite production de fleurs comestibles, plantes aromatiques et m\u00e9dicinale et &hellip; <\/p>\n<p class=\"link-more\"><a href=\"https:\/\/aubellys.fr\/\" class=\"more-link\">Continuer la lecture<span class=\"screen-reader-text\"> de &laquo;&nbsp;Pr\u00e9sentation&nbsp;&raquo;<\/span><\/a><\/p>\n","protected":false},"author":1,"featured_media":290,"parent":0,"menu_order":0,"comment_status":"closed","ping_status":"closed","template":"","meta":{"inline_featured_image":false,"footnotes":""},"class_list":["post-110","page","type-page","status-publish","has-post-thumbnail","hentry"],"_links":{"self":[{"href":"https:\/\/aubellys.fr\/index.php\/wp-json\/wp\/v2\/pages\/110","targetHints":{"allow":["GET"]}}],"collection":[{"href":"https:\/\/aubellys.fr\/index.php\/wp-json\/wp\/v2\/pages"}],"about":[{"href":"https:\/\/aubellys.fr\/index.php\/wp-json\/wp\/v2\/types\/page"}],"author":[{"embeddable":true,"href":"https:\/\/aubellys.fr\/index.php\/wp-json\/wp\/v2\/users\/1"}],"replies":[{"embeddable":true,"href":"https:\/\/aubellys.fr\/index.php\/wp-json\/wp\/v2\/comments?post=110"}],"version-history":[{"count":74,"href":"https:\/\/aubellys.fr\/index.php\/wp-json\/wp\/v2\/pages\/110\/revisions"}],"predecessor-version":[{"id":1513,"href":"https:\/\/aubellys.fr\/index.php\/wp-json\/wp\/v2\/pages\/110\/revisions\/1513"}],"wp:featuredmedia":[{"embeddable":true,"href":"https:\/\/aubellys.fr\/index.php\/wp-json\/wp\/v2\/media\/290"}],"wp:attachment":[{"href":"https:\/\/aubellys.fr\/index.php\/wp-json\/wp\/v2\/media?parent=110"}],"curies":[{"name":"wp","href":"https:\/\/api.w.org\/{rel}","templated":true}]}}