{"id":1120,"date":"2025-12-21T12:13:20","date_gmt":"2025-12-21T11:13:20","guid":{"rendered":"https:\/\/aubellys.fr\/?page_id=1120"},"modified":"2026-01-06T07:54:38","modified_gmt":"2026-01-06T06:54:38","slug":"la-forestiere","status":"publish","type":"page","link":"https:\/\/aubellys.fr\/index.php\/la-forestiere\/","title":{"rendered":"La Foresti\u00e8re"},"content":{"rendered":"\n<h4 class=\"wp-block-heading\">UNE ESCAPADE GOURMANDE EN FORET<\/h4>\n\n\n<div class=\"wp-block-image\">\n<figure class=\"aligncenter size-large is-resized\"><img loading=\"lazy\" decoding=\"async\" width=\"576\" height=\"1024\" src=\"http:\/\/aubellys.fr\/wp-content\/uploads\/2026\/01\/tartinade-la-forestiere-traiteur-cuisine-saine-tarn-AUBELLYS-576x1024.jpg\" alt=\"\" class=\"wp-image-1245\" style=\"width:318px;height:auto\" srcset=\"https:\/\/aubellys.fr\/wp-content\/uploads\/2026\/01\/tartinade-la-forestiere-traiteur-cuisine-saine-tarn-AUBELLYS-576x1024.jpg 576w, https:\/\/aubellys.fr\/wp-content\/uploads\/2026\/01\/tartinade-la-forestiere-traiteur-cuisine-saine-tarn-AUBELLYS-169x300.jpg 169w, https:\/\/aubellys.fr\/wp-content\/uploads\/2026\/01\/tartinade-la-forestiere-traiteur-cuisine-saine-tarn-AUBELLYS-768x1365.jpg 768w, https:\/\/aubellys.fr\/wp-content\/uploads\/2026\/01\/tartinade-la-forestiere-traiteur-cuisine-saine-tarn-AUBELLYS-864x1536.jpg 864w, https:\/\/aubellys.fr\/wp-content\/uploads\/2026\/01\/tartinade-la-forestiere-traiteur-cuisine-saine-tarn-AUBELLYS.jpg 1080w\" sizes=\"auto, (max-width: 576px) 100vw, 576px\" \/><\/figure>\n<\/div>\n\n\n<p>100% CRUE<\/p>\n\n\n\n<p>Plongez au c\u0153ur des sous-bois, une tartinade sauvage et raffin\u00e9e o\u00f9 les champignons frais se m\u00ealent \u00e0 l\u2019onctuosit\u00e9 d\u2019un yaourt de brebis artisanal, relev\u00e9s par les graines de tournesol r\u00e9hydrat\u00e9es, l\u2019\u00e9clat des c\u00e2pres et la chaleur du cumin.<\/p>\n\n\n\n<p>Enti\u00e8rement crue, cette tartinade pr\u00e9serve les saveurs authentiques et les bienfaits de chaque ingr\u00e9dient, pour une exp\u00e9rience gustative naturelle et intense.<\/p>\n\n\n\n<p>sans gluten<\/p>\n","protected":false},"excerpt":{"rendered":"<p>UNE ESCAPADE GOURMANDE EN FORET 100% CRUE Plongez au c\u0153ur des sous-bois, une tartinade sauvage et raffin\u00e9e o\u00f9 les champignons frais se m\u00ealent \u00e0 l\u2019onctuosit\u00e9 d\u2019un yaourt de brebis artisanal, relev\u00e9s par les graines de tournesol r\u00e9hydrat\u00e9es, l\u2019\u00e9clat des c\u00e2pres et la chaleur du cumin. Enti\u00e8rement crue, cette tartinade pr\u00e9serve les saveurs authentiques et les &hellip; <\/p>\n<p class=\"link-more\"><a href=\"https:\/\/aubellys.fr\/index.php\/la-forestiere\/\" class=\"more-link\">Continuer la lecture<span class=\"screen-reader-text\"> de &laquo;&nbsp;La Foresti\u00e8re&nbsp;&raquo;<\/span><\/a><\/p>\n","protected":false},"author":1,"featured_media":0,"parent":0,"menu_order":0,"comment_status":"closed","ping_status":"closed","template":"","meta":{"inline_featured_image":false,"footnotes":""},"class_list":["post-1120","page","type-page","status-publish","hentry"],"_links":{"self":[{"href":"https:\/\/aubellys.fr\/index.php\/wp-json\/wp\/v2\/pages\/1120","targetHints":{"allow":["GET"]}}],"collection":[{"href":"https:\/\/aubellys.fr\/index.php\/wp-json\/wp\/v2\/pages"}],"about":[{"href":"https:\/\/aubellys.fr\/index.php\/wp-json\/wp\/v2\/types\/page"}],"author":[{"embeddable":true,"href":"https:\/\/aubellys.fr\/index.php\/wp-json\/wp\/v2\/users\/1"}],"replies":[{"embeddable":true,"href":"https:\/\/aubellys.fr\/index.php\/wp-json\/wp\/v2\/comments?post=1120"}],"version-history":[{"count":2,"href":"https:\/\/aubellys.fr\/index.php\/wp-json\/wp\/v2\/pages\/1120\/revisions"}],"predecessor-version":[{"id":1247,"href":"https:\/\/aubellys.fr\/index.php\/wp-json\/wp\/v2\/pages\/1120\/revisions\/1247"}],"wp:attachment":[{"href":"https:\/\/aubellys.fr\/index.php\/wp-json\/wp\/v2\/media?parent=1120"}],"curies":[{"name":"wp","href":"https:\/\/api.w.org\/{rel}","templated":true}]}}