{"id":1166,"date":"2025-12-21T15:45:34","date_gmt":"2025-12-21T14:45:34","guid":{"rendered":"https:\/\/aubellys.fr\/?page_id=1166"},"modified":"2026-01-02T11:26:11","modified_gmt":"2026-01-02T10:26:11","slug":"houmous-rose","status":"publish","type":"page","link":"https:\/\/aubellys.fr\/index.php\/houmous-rose\/","title":{"rendered":"Houmous Rose"},"content":{"rendered":"\n<p><strong>Une version vibrante et originale du classique houmous<\/strong><\/p>\n\n\n<div class=\"wp-block-image is-style-rounded\">\n<figure class=\"aligncenter size-full\"><img loading=\"lazy\" decoding=\"async\" width=\"300\" height=\"400\" src=\"http:\/\/aubellys.fr\/wp-content\/uploads\/2025\/12\/houmous-rose--rotated.jpg\" alt=\"\" class=\"wp-image-1118\" srcset=\"https:\/\/aubellys.fr\/wp-content\/uploads\/2025\/12\/houmous-rose--rotated.jpg 300w, https:\/\/aubellys.fr\/wp-content\/uploads\/2025\/12\/houmous-rose--225x300.jpg 225w\" sizes=\"auto, (max-width: 300px) 100vw, 300px\" \/><\/figure>\n<\/div>\n\n\n<p>O\u00f9 la douceur terreuse de la betterave bio rencontre la rondeur des pois chiches et le zeste de citron.<\/p>\n\n\n\n<p><strong>Naturellement color\u00e9, ce houmous allie esth\u00e9tique joyeuse et saveurs \u00e9quilibr\u00e9es, pour un ap\u00e9ritif qui s\u00e9duit les yeux autant que les papilles.<\/strong><\/p>\n\n\n\n<p>100% v\u00e9g\u00e9tal<\/p>\n\n\n\n<p>Ingr\u00e9dients bio &amp; locaux : Betteraves, pois chiches et tahini s\u00e9lectionn\u00e9s pour leur qualit\u00e9 et leur tra\u00e7abilit\u00e9.<\/p>\n\n\n\n<p>Riche en nutriments : Source de fibres, prot\u00e9ines v\u00e9g\u00e9tales et antioxydants gr\u00e2ce \u00e0 la betterave.<\/p>\n\n\n\n<p>\u00c0 tartiner sur des crackers, \u00e0 servir avec des l\u00e9gumes croquants ou en accompagnement de plats m\u00e9diterran\u00e9ens.<\/p>\n\n\n\n<p>Frais, Non pasteuris\u00e9<\/p>\n","protected":false},"excerpt":{"rendered":"<p>Une version vibrante et originale du classique houmous O\u00f9 la douceur terreuse de la betterave bio rencontre la rondeur des pois chiches et le zeste de citron. Naturellement color\u00e9, ce houmous allie esth\u00e9tique joyeuse et saveurs \u00e9quilibr\u00e9es, pour un ap\u00e9ritif qui s\u00e9duit les yeux autant que les papilles. 100% v\u00e9g\u00e9tal Ingr\u00e9dients bio &amp; locaux : &hellip; <\/p>\n<p class=\"link-more\"><a href=\"https:\/\/aubellys.fr\/index.php\/houmous-rose\/\" class=\"more-link\">Continuer la lecture<span class=\"screen-reader-text\"> de &laquo;&nbsp;Houmous Rose&nbsp;&raquo;<\/span><\/a><\/p>\n","protected":false},"author":1,"featured_media":0,"parent":0,"menu_order":0,"comment_status":"closed","ping_status":"closed","template":"","meta":{"inline_featured_image":false,"footnotes":""},"class_list":["post-1166","page","type-page","status-publish","hentry"],"_links":{"self":[{"href":"https:\/\/aubellys.fr\/index.php\/wp-json\/wp\/v2\/pages\/1166","targetHints":{"allow":["GET"]}}],"collection":[{"href":"https:\/\/aubellys.fr\/index.php\/wp-json\/wp\/v2\/pages"}],"about":[{"href":"https:\/\/aubellys.fr\/index.php\/wp-json\/wp\/v2\/types\/page"}],"author":[{"embeddable":true,"href":"https:\/\/aubellys.fr\/index.php\/wp-json\/wp\/v2\/users\/1"}],"replies":[{"embeddable":true,"href":"https:\/\/aubellys.fr\/index.php\/wp-json\/wp\/v2\/comments?post=1166"}],"version-history":[{"count":2,"href":"https:\/\/aubellys.fr\/index.php\/wp-json\/wp\/v2\/pages\/1166\/revisions"}],"predecessor-version":[{"id":1215,"href":"https:\/\/aubellys.fr\/index.php\/wp-json\/wp\/v2\/pages\/1166\/revisions\/1215"}],"wp:attachment":[{"href":"https:\/\/aubellys.fr\/index.php\/wp-json\/wp\/v2\/media?parent=1166"}],"curies":[{"name":"wp","href":"https:\/\/api.w.org\/{rel}","templated":true}]}}