{"id":154,"date":"2025-04-19T17:03:02","date_gmt":"2025-04-19T15:03:02","guid":{"rendered":"https:\/\/aubellys.fr\/?page_id=154"},"modified":"2025-10-15T12:49:29","modified_gmt":"2025-10-15T10:49:29","slug":"ma-production","status":"publish","type":"page","link":"https:\/\/aubellys.fr\/index.php\/ma-production\/","title":{"rendered":"Cultures de plantes"},"content":{"rendered":"\n<h4 class=\"wp-block-heading\">Je cultive des aromates, plantes m\u00e9dicinales et fleurs comestibles dans le Tarn.<\/h4>\n\n\n\n<p>Ces plantes sont cueillies \u00e0 la main, s\u00e9ch\u00e9es et transform\u00e9es par mes soins pour les valoriser dans mes recettes.<\/p>\n\n\n\n<p>Je fais aussi de la cueillette sauvage responsable.<\/p>\n\n\n\n<div class=\"wp-block-group is-layout-grid wp-container-core-group-is-layout-9649a0d9 wp-block-group-is-layout-grid\">\n<figure class=\"wp-block-image size-large is-style-rounded\"><img loading=\"lazy\" decoding=\"async\" width=\"768\" height=\"1024\" src=\"https:\/\/aubellys.fr\/wp-content\/uploads\/2025\/04\/IMG_8979-768x1024.jpg\" alt=\"\" class=\"wp-image-221\" srcset=\"https:\/\/aubellys.fr\/wp-content\/uploads\/2025\/04\/IMG_8979-768x1024.jpg 768w, https:\/\/aubellys.fr\/wp-content\/uploads\/2025\/04\/IMG_8979-225x300.jpg 225w, https:\/\/aubellys.fr\/wp-content\/uploads\/2025\/04\/IMG_8979-1152x1536.jpg 1152w, https:\/\/aubellys.fr\/wp-content\/uploads\/2025\/04\/IMG_8979-1536x2048.jpg 1536w, https:\/\/aubellys.fr\/wp-content\/uploads\/2025\/04\/IMG_8979-scaled.jpg 1920w\" sizes=\"auto, (max-width: 706px) 89vw, (max-width: 767px) 82vw, 740px\" \/><\/figure>\n\n\n\n<figure class=\"wp-block-image size-full is-style-rounded\"><img loading=\"lazy\" decoding=\"async\" width=\"600\" height=\"800\" src=\"http:\/\/aubellys.fr\/wp-content\/uploads\/2025\/04\/094c2d4d1a04e24faf01b97a67508f44.jpg\" alt=\"\" class=\"wp-image-156\" srcset=\"https:\/\/aubellys.fr\/wp-content\/uploads\/2025\/04\/094c2d4d1a04e24faf01b97a67508f44.jpg 600w, https:\/\/aubellys.fr\/wp-content\/uploads\/2025\/04\/094c2d4d1a04e24faf01b97a67508f44-225x300.jpg 225w\" sizes=\"auto, (max-width: 600px) 100vw, 600px\" \/><\/figure>\n\n\n\n<figure class=\"wp-block-image size-full is-style-rounded\"><img loading=\"lazy\" decoding=\"async\" width=\"600\" height=\"800\" src=\"http:\/\/aubellys.fr\/wp-content\/uploads\/2025\/04\/0023efb2df71a76e43eb4b6b7ca39444.jpg\" alt=\"\" class=\"wp-image-155\" srcset=\"https:\/\/aubellys.fr\/wp-content\/uploads\/2025\/04\/0023efb2df71a76e43eb4b6b7ca39444.jpg 600w, https:\/\/aubellys.fr\/wp-content\/uploads\/2025\/04\/0023efb2df71a76e43eb4b6b7ca39444-225x300.jpg 225w\" sizes=\"auto, (max-width: 600px) 100vw, 600px\" \/><\/figure>\n<\/div>\n\n\n\n<figure class=\"wp-block-gallery has-nested-images columns-default is-cropped wp-block-gallery-1 is-layout-flex wp-block-gallery-is-layout-flex\">\n<figure class=\"wp-block-image size-large is-style-rounded\"><img loading=\"lazy\" decoding=\"async\" width=\"768\" height=\"1024\" data-id=\"63\" src=\"https:\/\/aubellys.fr\/wp-content\/uploads\/2025\/04\/IMG_8878-768x1024.jpg\" alt=\"\" class=\"wp-image-63\" srcset=\"https:\/\/aubellys.fr\/wp-content\/uploads\/2025\/04\/IMG_8878-768x1024.jpg 768w, https:\/\/aubellys.fr\/wp-content\/uploads\/2025\/04\/IMG_8878-225x300.jpg 225w, https:\/\/aubellys.fr\/wp-content\/uploads\/2025\/04\/IMG_8878-1152x1536.jpg 1152w, https:\/\/aubellys.fr\/wp-content\/uploads\/2025\/04\/IMG_8878-1536x2048.jpg 1536w, https:\/\/aubellys.fr\/wp-content\/uploads\/2025\/04\/IMG_8878-scaled.jpg 1920w\" sizes=\"auto, (max-width: 706px) 89vw, (max-width: 767px) 82vw, 740px\" \/><\/figure>\n\n\n\n<figure class=\"wp-block-image size-large is-style-rounded\"><img loading=\"lazy\" decoding=\"async\" width=\"768\" height=\"1024\" data-id=\"687\" src=\"https:\/\/aubellys.fr\/wp-content\/uploads\/2025\/09\/IMG_1931-768x1024.jpg\" alt=\"\" class=\"wp-image-687\" srcset=\"https:\/\/aubellys.fr\/wp-content\/uploads\/2025\/09\/IMG_1931-768x1024.jpg 768w, https:\/\/aubellys.fr\/wp-content\/uploads\/2025\/09\/IMG_1931-225x300.jpg 225w, https:\/\/aubellys.fr\/wp-content\/uploads\/2025\/09\/IMG_1931-1152x1536.jpg 1152w, https:\/\/aubellys.fr\/wp-content\/uploads\/2025\/09\/IMG_1931-1536x2048.jpg 1536w, https:\/\/aubellys.fr\/wp-content\/uploads\/2025\/09\/IMG_1931-scaled.jpg 1920w\" sizes=\"auto, (max-width: 706px) 89vw, (max-width: 767px) 82vw, 740px\" \/><\/figure>\n\n\n\n<figure class=\"wp-block-image size-large is-style-rounded\"><img loading=\"lazy\" decoding=\"async\" width=\"768\" height=\"1024\" data-id=\"89\" src=\"https:\/\/aubellys.fr\/wp-content\/uploads\/2025\/04\/IMG_8877-768x1024.jpg\" alt=\"\" class=\"wp-image-89\" srcset=\"https:\/\/aubellys.fr\/wp-content\/uploads\/2025\/04\/IMG_8877-768x1024.jpg 768w, https:\/\/aubellys.fr\/wp-content\/uploads\/2025\/04\/IMG_8877-225x300.jpg 225w, https:\/\/aubellys.fr\/wp-content\/uploads\/2025\/04\/IMG_8877-1152x1536.jpg 1152w, https:\/\/aubellys.fr\/wp-content\/uploads\/2025\/04\/IMG_8877-1536x2048.jpg 1536w, https:\/\/aubellys.fr\/wp-content\/uploads\/2025\/04\/IMG_8877-scaled.jpg 1920w\" sizes=\"auto, (max-width: 706px) 89vw, (max-width: 767px) 82vw, 740px\" \/><\/figure>\n<\/figure>\n\n\n\n<figure class=\"wp-block-gallery has-nested-images columns-default is-cropped wp-block-gallery-2 is-layout-flex wp-block-gallery-is-layout-flex\">\n<figure class=\"wp-block-image size-large\"><img loading=\"lazy\" decoding=\"async\" width=\"768\" height=\"1024\" data-id=\"706\" src=\"https:\/\/aubellys.fr\/wp-content\/uploads\/2025\/09\/IMG_2725-768x1024.jpg\" alt=\"\" class=\"wp-image-706\" srcset=\"https:\/\/aubellys.fr\/wp-content\/uploads\/2025\/09\/IMG_2725-768x1024.jpg 768w, https:\/\/aubellys.fr\/wp-content\/uploads\/2025\/09\/IMG_2725-225x300.jpg 225w, https:\/\/aubellys.fr\/wp-content\/uploads\/2025\/09\/IMG_2725-1152x1536.jpg 1152w, https:\/\/aubellys.fr\/wp-content\/uploads\/2025\/09\/IMG_2725-1536x2048.jpg 1536w, https:\/\/aubellys.fr\/wp-content\/uploads\/2025\/09\/IMG_2725-scaled.jpg 1920w\" sizes=\"auto, (max-width: 706px) 89vw, (max-width: 767px) 82vw, 740px\" \/><\/figure>\n\n\n\n<figure class=\"wp-block-image size-large\"><img loading=\"lazy\" decoding=\"async\" width=\"768\" height=\"1024\" data-id=\"707\" src=\"https:\/\/aubellys.fr\/wp-content\/uploads\/2025\/09\/IMG_2262-768x1024.jpg\" alt=\"\" class=\"wp-image-707\" srcset=\"https:\/\/aubellys.fr\/wp-content\/uploads\/2025\/09\/IMG_2262-768x1024.jpg 768w, https:\/\/aubellys.fr\/wp-content\/uploads\/2025\/09\/IMG_2262-225x300.jpg 225w, https:\/\/aubellys.fr\/wp-content\/uploads\/2025\/09\/IMG_2262-1152x1536.jpg 1152w, https:\/\/aubellys.fr\/wp-content\/uploads\/2025\/09\/IMG_2262-1536x2048.jpg 1536w, https:\/\/aubellys.fr\/wp-content\/uploads\/2025\/09\/IMG_2262-scaled.jpg 1920w\" sizes=\"auto, (max-width: 706px) 89vw, (max-width: 767px) 82vw, 740px\" \/><\/figure>\n<\/figure>\n\n\n\n<figure class=\"wp-block-gallery has-nested-images columns-default is-cropped wp-block-gallery-3 is-layout-flex wp-block-gallery-is-layout-flex\">\n<figure class=\"wp-block-image size-large\"><img loading=\"lazy\" decoding=\"async\" width=\"768\" height=\"1024\" data-id=\"710\" src=\"https:\/\/aubellys.fr\/wp-content\/uploads\/2025\/09\/IMG_8414-768x1024.jpg\" alt=\"\" class=\"wp-image-710\" srcset=\"https:\/\/aubellys.fr\/wp-content\/uploads\/2025\/09\/IMG_8414-768x1024.jpg 768w, https:\/\/aubellys.fr\/wp-content\/uploads\/2025\/09\/IMG_8414-225x300.jpg 225w, https:\/\/aubellys.fr\/wp-content\/uploads\/2025\/09\/IMG_8414-1152x1536.jpg 1152w, https:\/\/aubellys.fr\/wp-content\/uploads\/2025\/09\/IMG_8414-1536x2048.jpg 1536w, https:\/\/aubellys.fr\/wp-content\/uploads\/2025\/09\/IMG_8414-scaled.jpg 1920w\" sizes=\"auto, (max-width: 706px) 89vw, (max-width: 767px) 82vw, 740px\" \/><\/figure>\n\n\n\n<figure class=\"wp-block-image size-large\"><img loading=\"lazy\" decoding=\"async\" width=\"768\" height=\"1024\" data-id=\"705\" src=\"https:\/\/aubellys.fr\/wp-content\/uploads\/2025\/09\/IMG_1647-768x1024.jpg\" alt=\"\" class=\"wp-image-705\" srcset=\"https:\/\/aubellys.fr\/wp-content\/uploads\/2025\/09\/IMG_1647-768x1024.jpg 768w, https:\/\/aubellys.fr\/wp-content\/uploads\/2025\/09\/IMG_1647-225x300.jpg 225w, https:\/\/aubellys.fr\/wp-content\/uploads\/2025\/09\/IMG_1647-1152x1536.jpg 1152w, https:\/\/aubellys.fr\/wp-content\/uploads\/2025\/09\/IMG_1647-1536x2048.jpg 1536w, https:\/\/aubellys.fr\/wp-content\/uploads\/2025\/09\/IMG_1647-scaled.jpg 1920w\" sizes=\"auto, (max-width: 706px) 89vw, (max-width: 767px) 82vw, 740px\" \/><\/figure>\n<\/figure>\n\n\n\n<figure class=\"wp-block-gallery has-nested-images columns-default is-cropped wp-block-gallery-4 is-layout-flex wp-block-gallery-is-layout-flex\">\n<figure class=\"wp-block-image size-large\"><img loading=\"lazy\" decoding=\"async\" width=\"768\" height=\"1024\" data-id=\"713\" src=\"http:\/\/aubellys.fr\/wp-content\/uploads\/2025\/09\/IMG_2495-768x1024.jpg\" alt=\"\" class=\"wp-image-713\" srcset=\"https:\/\/aubellys.fr\/wp-content\/uploads\/2025\/09\/IMG_2495-768x1024.jpg 768w, https:\/\/aubellys.fr\/wp-content\/uploads\/2025\/09\/IMG_2495-225x300.jpg 225w, https:\/\/aubellys.fr\/wp-content\/uploads\/2025\/09\/IMG_2495-1152x1536.jpg 1152w, https:\/\/aubellys.fr\/wp-content\/uploads\/2025\/09\/IMG_2495-1536x2048.jpg 1536w, https:\/\/aubellys.fr\/wp-content\/uploads\/2025\/09\/IMG_2495-scaled.jpg 1920w\" sizes=\"auto, (max-width: 706px) 89vw, (max-width: 767px) 82vw, 740px\" \/><\/figure>\n<\/figure>\n","protected":false},"excerpt":{"rendered":"<p>Je cultive des aromates, plantes m\u00e9dicinales et fleurs comestibles dans le Tarn. Ces plantes sont cueillies \u00e0 la main, s\u00e9ch\u00e9es et transform\u00e9es par mes soins pour les valoriser dans mes recettes. Je fais aussi de la cueillette sauvage responsable.<\/p>\n","protected":false},"author":1,"featured_media":166,"parent":0,"menu_order":0,"comment_status":"closed","ping_status":"closed","template":"","meta":{"inline_featured_image":false,"footnotes":""},"class_list":["post-154","page","type-page","status-publish","has-post-thumbnail","hentry"],"_links":{"self":[{"href":"https:\/\/aubellys.fr\/index.php\/wp-json\/wp\/v2\/pages\/154","targetHints":{"allow":["GET"]}}],"collection":[{"href":"https:\/\/aubellys.fr\/index.php\/wp-json\/wp\/v2\/pages"}],"about":[{"href":"https:\/\/aubellys.fr\/index.php\/wp-json\/wp\/v2\/types\/page"}],"author":[{"embeddable":true,"href":"https:\/\/aubellys.fr\/index.php\/wp-json\/wp\/v2\/users\/1"}],"replies":[{"embeddable":true,"href":"https:\/\/aubellys.fr\/index.php\/wp-json\/wp\/v2\/comments?post=154"}],"version-history":[{"count":16,"href":"https:\/\/aubellys.fr\/index.php\/wp-json\/wp\/v2\/pages\/154\/revisions"}],"predecessor-version":[{"id":916,"href":"https:\/\/aubellys.fr\/index.php\/wp-json\/wp\/v2\/pages\/154\/revisions\/916"}],"wp:featuredmedia":[{"embeddable":true,"href":"https:\/\/aubellys.fr\/index.php\/wp-json\/wp\/v2\/media\/166"}],"wp:attachment":[{"href":"https:\/\/aubellys.fr\/index.php\/wp-json\/wp\/v2\/media?parent=154"}],"curies":[{"name":"wp","href":"https:\/\/api.w.org\/{rel}","templated":true}]}}