{"id":192,"date":"2025-04-19T18:10:30","date_gmt":"2025-04-19T16:10:30","guid":{"rendered":"https:\/\/aubellys.fr\/?page_id=192"},"modified":"2026-03-11T15:52:06","modified_gmt":"2026-03-11T14:52:06","slug":"preparation-salees","status":"publish","type":"page","link":"https:\/\/aubellys.fr\/index.php\/preparation-salees\/","title":{"rendered":"CRACKERS sal\u00e9s"},"content":{"rendered":"\n<h2 class=\"wp-block-heading\"><strong>CRACKERS CRUS 100% v\u00e9g\u00e9tal<\/strong> <\/h2>\n\n\n\n<p><strong>Une bouch\u00e9e de vitalit\u00e9 \u00e0 savourer avec plaisir !<\/strong><\/p>\n\n\n<div class=\"wp-block-image\">\n<figure class=\"aligncenter size-large is-resized\"><img loading=\"lazy\" decoding=\"async\" width=\"1019\" height=\"1024\" src=\"http:\/\/aubellys.fr\/wp-content\/uploads\/2026\/01\/Crackers-crus-Aubellys-1019x1024.jpg\" alt=\"\" class=\"wp-image-1257\" style=\"aspect-ratio:0.9951323044270654;width:366px;height:auto\" srcset=\"https:\/\/aubellys.fr\/wp-content\/uploads\/2026\/01\/Crackers-crus-Aubellys-1019x1024.jpg 1019w, https:\/\/aubellys.fr\/wp-content\/uploads\/2026\/01\/Crackers-crus-Aubellys-300x300.jpg 300w, https:\/\/aubellys.fr\/wp-content\/uploads\/2026\/01\/Crackers-crus-Aubellys-150x150.jpg 150w, https:\/\/aubellys.fr\/wp-content\/uploads\/2026\/01\/Crackers-crus-Aubellys-768x772.jpg 768w, https:\/\/aubellys.fr\/wp-content\/uploads\/2026\/01\/Crackers-crus-Aubellys-1529x1536.jpg 1529w, https:\/\/aubellys.fr\/wp-content\/uploads\/2026\/01\/Crackers-crus-Aubellys-2038x2048.jpg 2038w, https:\/\/aubellys.fr\/wp-content\/uploads\/2026\/01\/Crackers-crus-Aubellys-100x100.jpg 100w\" sizes=\"auto, (max-width: 706px) 89vw, (max-width: 767px) 82vw, 740px\" \/><\/figure>\n<\/div>\n\n\n<p>Ils mettent en valeur la carotte, douce et croquante, l\u2019oignon rouge et les graines de lin, riches en om\u00e9ga-3 sont sublim\u00e9s par une d\u00e9shydratation douce \u00e0 basse temp\u00e9rature.<\/p>\n\n\n\n<p><strong>D\u00e9shydrat\u00e9s, Sans cuisson, ils gardent toute leur fra\u00eecheur et leurs nutriments, pour un en-cas vivant, l\u00e9ger et savoureux.<\/strong><\/p>\n\n\n\n<p>D\u00e9cor\u00e9s de fleurs, ils apportent une touche po\u00e9tique et d\u00e9licate, aussi belle que d\u00e9licieuse.<\/p>\n\n\n\n<p class=\"has-text-align-center\"><a href=\"https:\/\/aubellys.fr\/index.php\/crackers-crus\/\" data-type=\"page\" data-id=\"490\">Crackers crus carotte oignon<\/a> lin<\/p>\n\n\n\n<div class=\"wp-block-columns is-layout-flex wp-container-core-columns-is-layout-9d6595d7 wp-block-columns-is-layout-flex\">\n<div class=\"wp-block-column is-layout-flow wp-block-column-is-layout-flow\">\n<figure class=\"wp-block-image size-large\"><img loading=\"lazy\" decoding=\"async\" width=\"1024\" height=\"724\" src=\"http:\/\/aubellys.fr\/wp-content\/uploads\/2026\/01\/crackers-deshydrates-crus-aubellys-fabrication-artisanale-tarn-1024x724.jpg\" alt=\"\" class=\"wp-image-1261\" srcset=\"https:\/\/aubellys.fr\/wp-content\/uploads\/2026\/01\/crackers-deshydrates-crus-aubellys-fabrication-artisanale-tarn-1024x724.jpg 1024w, https:\/\/aubellys.fr\/wp-content\/uploads\/2026\/01\/crackers-deshydrates-crus-aubellys-fabrication-artisanale-tarn-300x212.jpg 300w, https:\/\/aubellys.fr\/wp-content\/uploads\/2026\/01\/crackers-deshydrates-crus-aubellys-fabrication-artisanale-tarn-768x543.jpg 768w, https:\/\/aubellys.fr\/wp-content\/uploads\/2026\/01\/crackers-deshydrates-crus-aubellys-fabrication-artisanale-tarn-1536x1086.jpg 1536w, https:\/\/aubellys.fr\/wp-content\/uploads\/2026\/01\/crackers-deshydrates-crus-aubellys-fabrication-artisanale-tarn.jpg 2000w\" sizes=\"auto, (max-width: 706px) 89vw, (max-width: 767px) 82vw, 740px\" \/><\/figure>\n<\/div>\n\n\n\n<div class=\"wp-block-column is-layout-flow wp-block-column-is-layout-flow\">\n<figure class=\"wp-block-image size-large is-resized\"><img loading=\"lazy\" decoding=\"async\" width=\"724\" height=\"1024\" src=\"http:\/\/aubellys.fr\/wp-content\/uploads\/2025\/11\/Crackers-crus-carotte-aubellys-724x1024.png\" alt=\"\" class=\"wp-image-1086\" style=\"aspect-ratio:0.7070484581497798;width:197px;height:auto\" srcset=\"https:\/\/aubellys.fr\/wp-content\/uploads\/2025\/11\/Crackers-crus-carotte-aubellys-724x1024.png 724w, https:\/\/aubellys.fr\/wp-content\/uploads\/2025\/11\/Crackers-crus-carotte-aubellys-212x300.png 212w, https:\/\/aubellys.fr\/wp-content\/uploads\/2025\/11\/Crackers-crus-carotte-aubellys-768x1086.png 768w, https:\/\/aubellys.fr\/wp-content\/uploads\/2025\/11\/Crackers-crus-carotte-aubellys-1086x1536.png 1086w, https:\/\/aubellys.fr\/wp-content\/uploads\/2025\/11\/Crackers-crus-carotte-aubellys.png 1414w\" sizes=\"auto, (max-width: 724px) 100vw, 724px\" \/><\/figure>\n<\/div>\n<\/div>\n\n\n\n<h2 class=\"wp-block-heading\"><strong>CRACKERS A LA DRECHE <\/strong><\/h2>\n\n\n\n<h4 class=\"wp-block-heading\">N\u00e9s de l&rsquo;orge de brasserie, ces croquants savoureux  sont une explosion de saveurs malt\u00e9es, d&rsquo;ar\u00f4mes ensoleill\u00e9s, d&rsquo;huile d&rsquo;olive, de la douceur de farine de bl\u00e9 semi compl\u00e8te et l\u00e9g\u00e8rement sal\u00e9.<\/h4>\n\n\n\n<p>Id\u00e9aux pour accompagner vos moments de partage, sublimer des tapenades ou des fromages, ou simplement se d\u00e9guster en solo, ces crackers sont le choix gourmand pour ceux qui aiment les saveurs authentiques.<\/p>\n\n\n\n<div class=\"wp-block-group\"><div class=\"wp-block-group__inner-container is-layout-constrained wp-block-group-is-layout-constrained\">\n<div class=\"wp-block-columns is-layout-flex wp-container-core-columns-is-layout-9d6595d7 wp-block-columns-is-layout-flex\">\n<div class=\"wp-block-column is-layout-flow wp-block-column-is-layout-flow\"><div class=\"wp-block-image\">\n<figure class=\"aligncenter size-large is-resized\"><img loading=\"lazy\" decoding=\"async\" width=\"683\" height=\"1024\" src=\"http:\/\/aubellys.fr\/wp-content\/uploads\/2025\/08\/assiette_crakers3-Aubellys-683x1024.jpg\" alt=\"\" class=\"wp-image-353\" style=\"aspect-ratio:0.6670034296652753;width:392px;height:auto\" srcset=\"https:\/\/aubellys.fr\/wp-content\/uploads\/2025\/08\/assiette_crakers3-Aubellys-683x1024.jpg 683w, https:\/\/aubellys.fr\/wp-content\/uploads\/2025\/08\/assiette_crakers3-Aubellys-200x300.jpg 200w, https:\/\/aubellys.fr\/wp-content\/uploads\/2025\/08\/assiette_crakers3-Aubellys-768x1152.jpg 768w, https:\/\/aubellys.fr\/wp-content\/uploads\/2025\/08\/assiette_crakers3-Aubellys.jpg 915w\" sizes=\"auto, (max-width: 683px) 100vw, 683px\" \/><\/figure>\n<\/div><\/div>\n<\/div>\n<\/div><\/div>\n\n\n\n<ul class=\"wp-block-list\">\n<li><a href=\"https:\/\/aubellys.fr\/index.php\/crackers-thym-romarin-lavande-huile-dolive\/\" data-type=\"page\" data-id=\"433\">Le Croquant aux herbes ensoleill\u00e9es: Thym Romarin Lavande<\/a><\/li>\n\n\n\n<li><a href=\"https:\/\/aubellys.fr\/index.php\/crackers-fenouil-sarriette-huile-dolive\/\" data-type=\"page\" data-id=\"441\">Le croquant anis\u00e9: Fenouil Sarriette<\/a><\/li>\n\n\n\n<li><a href=\"https:\/\/aubellys.fr\/index.php\/crackers-gingembre-ortie-curcuma\/\" data-type=\"page\" data-id=\"468\">Le croquant revitalisant: Gingembre Ortie Curcuma<\/a><\/li>\n<\/ul>\n\n\n\n<figure class=\"wp-block-gallery has-nested-images columns-default is-cropped wp-block-gallery-1 is-layout-flex wp-block-gallery-is-layout-flex\">\n<figure class=\"wp-block-image size-large\"><img loading=\"lazy\" decoding=\"async\" width=\"768\" height=\"1024\" data-id=\"444\" src=\"http:\/\/aubellys.fr\/wp-content\/uploads\/2025\/08\/IMG_3076-768x1024.jpg\" alt=\"\" class=\"wp-image-444\" srcset=\"https:\/\/aubellys.fr\/wp-content\/uploads\/2025\/08\/IMG_3076-768x1024.jpg 768w, https:\/\/aubellys.fr\/wp-content\/uploads\/2025\/08\/IMG_3076-225x300.jpg 225w, https:\/\/aubellys.fr\/wp-content\/uploads\/2025\/08\/IMG_3076-1152x1536.jpg 1152w, https:\/\/aubellys.fr\/wp-content\/uploads\/2025\/08\/IMG_3076-1536x2048.jpg 1536w, https:\/\/aubellys.fr\/wp-content\/uploads\/2025\/08\/IMG_3076-scaled.jpg 1920w\" sizes=\"auto, (max-width: 706px) 89vw, (max-width: 767px) 82vw, 740px\" \/><\/figure>\n\n\n\n<figure class=\"wp-block-image size-full\"><img loading=\"lazy\" decoding=\"async\" width=\"843\" height=\"1011\" data-id=\"754\" src=\"http:\/\/aubellys.fr\/wp-content\/uploads\/2025\/09\/crakers-dreche-epice-aromatique-lavande-Aubellys.jpg\" alt=\"\" class=\"wp-image-754\" srcset=\"https:\/\/aubellys.fr\/wp-content\/uploads\/2025\/09\/crakers-dreche-epice-aromatique-lavande-Aubellys.jpg 843w, https:\/\/aubellys.fr\/wp-content\/uploads\/2025\/09\/crakers-dreche-epice-aromatique-lavande-Aubellys-250x300.jpg 250w, https:\/\/aubellys.fr\/wp-content\/uploads\/2025\/09\/crakers-dreche-epice-aromatique-lavande-Aubellys-768x921.jpg 768w\" sizes=\"auto, (max-width: 706px) 89vw, (max-width: 767px) 82vw, 740px\" \/><\/figure>\n\n\n\n<figure class=\"wp-block-image size-large\"><img loading=\"lazy\" decoding=\"async\" width=\"792\" height=\"1024\" data-id=\"430\" src=\"http:\/\/aubellys.fr\/wp-content\/uploads\/2025\/08\/crackers-dreche-aubellys-792x1024.jpg\" alt=\"\" class=\"wp-image-430\" srcset=\"https:\/\/aubellys.fr\/wp-content\/uploads\/2025\/08\/crackers-dreche-aubellys-792x1024.jpg 792w, https:\/\/aubellys.fr\/wp-content\/uploads\/2025\/08\/crackers-dreche-aubellys-232x300.jpg 232w, https:\/\/aubellys.fr\/wp-content\/uploads\/2025\/08\/crackers-dreche-aubellys-768x993.jpg 768w, https:\/\/aubellys.fr\/wp-content\/uploads\/2025\/08\/crackers-dreche-aubellys-1188x1536.jpg 1188w, https:\/\/aubellys.fr\/wp-content\/uploads\/2025\/08\/crackers-dreche-aubellys-1584x2048.jpg 1584w, https:\/\/aubellys.fr\/wp-content\/uploads\/2025\/08\/crackers-dreche-aubellys-scaled.jpg 1980w\" sizes=\"auto, (max-width: 706px) 89vw, (max-width: 767px) 82vw, 740px\" \/><\/figure>\n<\/figure>\n","protected":false},"excerpt":{"rendered":"<p>CRACKERS CRUS 100% v\u00e9g\u00e9tal Une bouch\u00e9e de vitalit\u00e9 \u00e0 savourer avec plaisir ! Ils mettent en valeur la carotte, douce et croquante, l\u2019oignon rouge et les graines de lin, riches en om\u00e9ga-3 sont sublim\u00e9s par une d\u00e9shydratation douce \u00e0 basse temp\u00e9rature. D\u00e9shydrat\u00e9s, Sans cuisson, ils gardent toute leur fra\u00eecheur et leurs nutriments, pour un en-cas &hellip; <\/p>\n<p class=\"link-more\"><a href=\"https:\/\/aubellys.fr\/index.php\/preparation-salees\/\" class=\"more-link\">Continuer la lecture<span class=\"screen-reader-text\"> de &laquo;&nbsp;CRACKERS sal\u00e9s&nbsp;&raquo;<\/span><\/a><\/p>\n","protected":false},"author":1,"featured_media":203,"parent":0,"menu_order":0,"comment_status":"closed","ping_status":"closed","template":"","meta":{"inline_featured_image":false,"footnotes":""},"class_list":["post-192","page","type-page","status-publish","has-post-thumbnail","hentry"],"_links":{"self":[{"href":"https:\/\/aubellys.fr\/index.php\/wp-json\/wp\/v2\/pages\/192","targetHints":{"allow":["GET"]}}],"collection":[{"href":"https:\/\/aubellys.fr\/index.php\/wp-json\/wp\/v2\/pages"}],"about":[{"href":"https:\/\/aubellys.fr\/index.php\/wp-json\/wp\/v2\/types\/page"}],"author":[{"embeddable":true,"href":"https:\/\/aubellys.fr\/index.php\/wp-json\/wp\/v2\/users\/1"}],"replies":[{"embeddable":true,"href":"https:\/\/aubellys.fr\/index.php\/wp-json\/wp\/v2\/comments?post=192"}],"version-history":[{"count":43,"href":"https:\/\/aubellys.fr\/index.php\/wp-json\/wp\/v2\/pages\/192\/revisions"}],"predecessor-version":[{"id":1471,"href":"https:\/\/aubellys.fr\/index.php\/wp-json\/wp\/v2\/pages\/192\/revisions\/1471"}],"wp:featuredmedia":[{"embeddable":true,"href":"https:\/\/aubellys.fr\/index.php\/wp-json\/wp\/v2\/media\/203"}],"wp:attachment":[{"href":"https:\/\/aubellys.fr\/index.php\/wp-json\/wp\/v2\/media?parent=192"}],"curies":[{"name":"wp","href":"https:\/\/api.w.org\/{rel}","templated":true}]}}