{"id":404,"date":"2025-08-29T09:36:45","date_gmt":"2025-08-29T07:36:45","guid":{"rendered":"https:\/\/aubellys.fr\/?page_id=404"},"modified":"2026-03-26T17:09:41","modified_gmt":"2026-03-26T16:09:41","slug":"cuisine-florale","status":"publish","type":"page","link":"https:\/\/aubellys.fr\/index.php\/cuisine-florale\/","title":{"rendered":"Cuisine florale"},"content":{"rendered":"\n<h3 class=\"wp-block-heading\"><strong>Une cuisine v\u00e9g\u00e9tarienne bienfaisante, gourmande et durable engag\u00e9e pour le vivant en soutenant l\u2019\u00e9conomie et le terroir local.<\/strong><\/h3>\n\n\n\n<p>Ces tr\u00e9sors de douceur sont une invitation \u00e0 savourer l\u2019harmonie parfaite entre gourmandise et bien-\u00eatre.<\/p>\n\n\n\n<ul class=\"wp-block-list\">\n<li><a href=\"https:\/\/aubellys.fr\/index.php\/biscuit-floral\/\">Biscuit Floral<\/a><\/li>\n\n\n\n<li><a href=\"https:\/\/aubellys.fr\/index.php\/patisseries-seches\/\" data-type=\"page\" data-id=\"134\">P\u00e2tisserie<\/a>s<\/li>\n\n\n\n<li><a href=\"https:\/\/aubellys.fr\/index.php\/boissons\/\" data-type=\"page\" data-id=\"223\">Boissons<\/a><\/li>\n\n\n\n<li><a href=\"https:\/\/aubellys.fr\/index.php\/preparation-salees\/\" data-type=\"page\" data-id=\"192\">Crackers<\/a><\/li>\n\n\n\n<li><a href=\"https:\/\/aubellys.fr\/index.php\/tartinades\/\" data-type=\"page\" data-id=\"413\">Tartinades<\/a><\/li>\n\n\n\n<li><a href=\"https:\/\/aubellys.fr\/index.php\/mes-prestations\/\" data-type=\"page\" data-id=\"199\">Traiteur<\/a><\/li>\n<\/ul>\n\n\n\n<figure class=\"wp-block-gallery has-nested-images columns-default is-cropped wp-block-gallery-1 is-layout-flex wp-block-gallery-is-layout-flex\">\n<figure class=\"wp-block-image size-large\"><img loading=\"lazy\" decoding=\"async\" width=\"768\" height=\"1024\" data-id=\"501\" src=\"https:\/\/aubellys.fr\/wp-content\/uploads\/2025\/08\/IMG_2099-1-768x1024.jpg\" alt=\"\" class=\"wp-image-501\" srcset=\"https:\/\/aubellys.fr\/wp-content\/uploads\/2025\/08\/IMG_2099-1-768x1024.jpg 768w, https:\/\/aubellys.fr\/wp-content\/uploads\/2025\/08\/IMG_2099-1-225x300.jpg 225w, https:\/\/aubellys.fr\/wp-content\/uploads\/2025\/08\/IMG_2099-1-1152x1536.jpg 1152w, https:\/\/aubellys.fr\/wp-content\/uploads\/2025\/08\/IMG_2099-1-1536x2048.jpg 1536w, https:\/\/aubellys.fr\/wp-content\/uploads\/2025\/08\/IMG_2099-1-scaled.jpg 1920w\" sizes=\"auto, (max-width: 706px) 89vw, (max-width: 767px) 82vw, 740px\" \/><\/figure>\n\n\n\n<figure class=\"wp-block-image size-large\"><img loading=\"lazy\" decoding=\"async\" width=\"1024\" height=\"768\" data-id=\"321\" src=\"http:\/\/aubellys.fr\/wp-content\/uploads\/2025\/08\/IMG_2893-1024x768.jpg\" alt=\"\" class=\"wp-image-321\" srcset=\"https:\/\/aubellys.fr\/wp-content\/uploads\/2025\/08\/IMG_2893-1024x768.jpg 1024w, https:\/\/aubellys.fr\/wp-content\/uploads\/2025\/08\/IMG_2893-300x225.jpg 300w, https:\/\/aubellys.fr\/wp-content\/uploads\/2025\/08\/IMG_2893-768x576.jpg 768w, https:\/\/aubellys.fr\/wp-content\/uploads\/2025\/08\/IMG_2893-1536x1152.jpg 1536w, https:\/\/aubellys.fr\/wp-content\/uploads\/2025\/08\/IMG_2893-2048x1536.jpg 2048w\" sizes=\"auto, (max-width: 706px) 89vw, (max-width: 767px) 82vw, 740px\" \/><\/figure>\n\n\n\n<figure class=\"wp-block-image size-large\"><img loading=\"lazy\" decoding=\"async\" width=\"768\" height=\"1024\" data-id=\"481\" src=\"http:\/\/aubellys.fr\/wp-content\/uploads\/2025\/08\/IMG_2698-768x1024.jpg\" alt=\"\" class=\"wp-image-481\" srcset=\"https:\/\/aubellys.fr\/wp-content\/uploads\/2025\/08\/IMG_2698-768x1024.jpg 768w, https:\/\/aubellys.fr\/wp-content\/uploads\/2025\/08\/IMG_2698-225x300.jpg 225w, https:\/\/aubellys.fr\/wp-content\/uploads\/2025\/08\/IMG_2698-1152x1536.jpg 1152w, https:\/\/aubellys.fr\/wp-content\/uploads\/2025\/08\/IMG_2698-1536x2048.jpg 1536w, https:\/\/aubellys.fr\/wp-content\/uploads\/2025\/08\/IMG_2698-scaled.jpg 1920w\" sizes=\"auto, (max-width: 706px) 89vw, (max-width: 767px) 82vw, 740px\" \/><\/figure>\n\n\n\n<figure class=\"wp-block-image size-large\"><img loading=\"lazy\" decoding=\"async\" width=\"600\" height=\"800\" data-id=\"218\" src=\"https:\/\/aubellys.fr\/wp-content\/uploads\/2025\/04\/48ec5d4ddf663849bc1da16d1ce83165-1.jpg\" alt=\"\" class=\"wp-image-218\" srcset=\"https:\/\/aubellys.fr\/wp-content\/uploads\/2025\/04\/48ec5d4ddf663849bc1da16d1ce83165-1.jpg 600w, https:\/\/aubellys.fr\/wp-content\/uploads\/2025\/04\/48ec5d4ddf663849bc1da16d1ce83165-1-225x300.jpg 225w\" sizes=\"auto, (max-width: 600px) 100vw, 600px\" \/><\/figure>\n<\/figure>\n\n\n\n<figure class=\"wp-block-image size-large\"><img loading=\"lazy\" decoding=\"async\" width=\"794\" height=\"1123\" src=\"http:\/\/aubellys.fr\/wp-content\/uploads\/2025\/09\/Aubellys-cuisine-florale.svg\" alt=\"\" class=\"wp-image-725\"\/><\/figure>\n","protected":false},"excerpt":{"rendered":"<p>Une cuisine v\u00e9g\u00e9tarienne bienfaisante, gourmande et durable engag\u00e9e pour le vivant en soutenant l\u2019\u00e9conomie et le terroir local. Ces tr\u00e9sors de douceur sont une invitation \u00e0 savourer l\u2019harmonie parfaite entre gourmandise et bien-\u00eatre.<\/p>\n","protected":false},"author":1,"featured_media":0,"parent":0,"menu_order":0,"comment_status":"closed","ping_status":"closed","template":"","meta":{"inline_featured_image":false,"footnotes":""},"class_list":["post-404","page","type-page","status-publish","hentry"],"_links":{"self":[{"href":"https:\/\/aubellys.fr\/index.php\/wp-json\/wp\/v2\/pages\/404","targetHints":{"allow":["GET"]}}],"collection":[{"href":"https:\/\/aubellys.fr\/index.php\/wp-json\/wp\/v2\/pages"}],"about":[{"href":"https:\/\/aubellys.fr\/index.php\/wp-json\/wp\/v2\/types\/page"}],"author":[{"embeddable":true,"href":"https:\/\/aubellys.fr\/index.php\/wp-json\/wp\/v2\/users\/1"}],"replies":[{"embeddable":true,"href":"https:\/\/aubellys.fr\/index.php\/wp-json\/wp\/v2\/comments?post=404"}],"version-history":[{"count":22,"href":"https:\/\/aubellys.fr\/index.php\/wp-json\/wp\/v2\/pages\/404\/revisions"}],"predecessor-version":[{"id":1573,"href":"https:\/\/aubellys.fr\/index.php\/wp-json\/wp\/v2\/pages\/404\/revisions\/1573"}],"wp:attachment":[{"href":"https:\/\/aubellys.fr\/index.php\/wp-json\/wp\/v2\/media?parent=404"}],"curies":[{"name":"wp","href":"https:\/\/api.w.org\/{rel}","templated":true}]}}