{"id":413,"date":"2025-08-29T09:45:06","date_gmt":"2025-08-29T07:45:06","guid":{"rendered":"https:\/\/aubellys.fr\/?page_id=413"},"modified":"2026-03-25T17:56:19","modified_gmt":"2026-03-25T16:56:19","slug":"tartinades","status":"publish","type":"page","link":"https:\/\/aubellys.fr\/index.php\/tartinades\/","title":{"rendered":"TARTINABLE"},"content":{"rendered":"\n<p><strong>Un \u00e9clat de fraicheur et de gourmandise v\u00e9g\u00e9tarienne.<\/strong><\/p>\n\n\n<div class=\"wp-block-image\">\n<figure class=\"aligncenter size-large is-resized\"><img loading=\"lazy\" decoding=\"async\" width=\"768\" height=\"1024\" src=\"http:\/\/aubellys.fr\/wp-content\/uploads\/2026\/03\/TARTINABLE-PLANTES-SAUVAGES-Aubellys-traiteur-vegetarien-768x1024.jpg\" alt=\"\" class=\"wp-image-1530\" style=\"aspect-ratio:0.750008693535487;width:297px;height:auto\" srcset=\"https:\/\/aubellys.fr\/wp-content\/uploads\/2026\/03\/TARTINABLE-PLANTES-SAUVAGES-Aubellys-traiteur-vegetarien-768x1024.jpg 768w, https:\/\/aubellys.fr\/wp-content\/uploads\/2026\/03\/TARTINABLE-PLANTES-SAUVAGES-Aubellys-traiteur-vegetarien-225x300.jpg 225w, https:\/\/aubellys.fr\/wp-content\/uploads\/2026\/03\/TARTINABLE-PLANTES-SAUVAGES-Aubellys-traiteur-vegetarien-1152x1536.jpg 1152w, https:\/\/aubellys.fr\/wp-content\/uploads\/2026\/03\/TARTINABLE-PLANTES-SAUVAGES-Aubellys-traiteur-vegetarien-1536x2048.jpg 1536w, https:\/\/aubellys.fr\/wp-content\/uploads\/2026\/03\/TARTINABLE-PLANTES-SAUVAGES-Aubellys-traiteur-vegetarien-scaled.jpg 1920w\" sizes=\"auto, (max-width: 706px) 89vw, (max-width: 767px) 82vw, 740px\" \/><\/figure>\n<\/div>\n\n\n<p>Des recettes vivantes et \u00e9quilibr\u00e9es, avec des ingr\u00e9dients frais et de saison.<\/p>\n\n\n\n<p>Parfaites pour un ap\u00e9ritif, une pause d\u00e9jeuner ou en en-cas \u00e9nerg\u00e9tiques, mes tartinades s&rsquo;associent \u00e0 merveille avec du pain, des crackers ou des bat\u00f4nnets de l\u00e9gumes.<\/p>\n\n\n\n<p><strong>Elles sont riche en nutriments et couleurs, un moment de plaisir sain \u00e0 d\u00e9guster.<\/strong><\/p>\n\n\n\n<div class=\"wp-block-columns is-layout-flex wp-container-core-columns-is-layout-9d6595d7 wp-block-columns-is-layout-flex\">\n<div class=\"wp-block-column is-layout-flow wp-block-column-is-layout-flow\">\n<figure class=\"wp-block-image size-large\"><img loading=\"lazy\" decoding=\"async\" width=\"768\" height=\"1024\" src=\"https:\/\/aubellys.fr\/wp-content\/uploads\/2026\/03\/IMG_5057-768x1024.jpg\" alt=\"\" class=\"wp-image-1475\" srcset=\"https:\/\/aubellys.fr\/wp-content\/uploads\/2026\/03\/IMG_5057-768x1024.jpg 768w, https:\/\/aubellys.fr\/wp-content\/uploads\/2026\/03\/IMG_5057-225x300.jpg 225w, https:\/\/aubellys.fr\/wp-content\/uploads\/2026\/03\/IMG_5057-1152x1536.jpg 1152w, https:\/\/aubellys.fr\/wp-content\/uploads\/2026\/03\/IMG_5057-1536x2048.jpg 1536w, https:\/\/aubellys.fr\/wp-content\/uploads\/2026\/03\/IMG_5057-scaled.jpg 1920w\" sizes=\"auto, (max-width: 706px) 89vw, (max-width: 767px) 82vw, 740px\" \/><\/figure>\n<\/div>\n\n\n\n<div class=\"wp-block-column is-layout-flow wp-block-column-is-layout-flow\">\n<figure class=\"wp-block-image size-large\"><img loading=\"lazy\" decoding=\"async\" width=\"576\" height=\"1024\" src=\"https:\/\/aubellys.fr\/wp-content\/uploads\/2026\/01\/tartinade-la-forestiere-traiteur-cuisine-saine-tarn-AUBELLYS-576x1024.jpg\" alt=\"\" class=\"wp-image-1245\" srcset=\"https:\/\/aubellys.fr\/wp-content\/uploads\/2026\/01\/tartinade-la-forestiere-traiteur-cuisine-saine-tarn-AUBELLYS-576x1024.jpg 576w, https:\/\/aubellys.fr\/wp-content\/uploads\/2026\/01\/tartinade-la-forestiere-traiteur-cuisine-saine-tarn-AUBELLYS-169x300.jpg 169w, https:\/\/aubellys.fr\/wp-content\/uploads\/2026\/01\/tartinade-la-forestiere-traiteur-cuisine-saine-tarn-AUBELLYS-768x1365.jpg 768w, https:\/\/aubellys.fr\/wp-content\/uploads\/2026\/01\/tartinade-la-forestiere-traiteur-cuisine-saine-tarn-AUBELLYS-864x1536.jpg 864w, https:\/\/aubellys.fr\/wp-content\/uploads\/2026\/01\/tartinade-la-forestiere-traiteur-cuisine-saine-tarn-AUBELLYS.jpg 1080w\" sizes=\"auto, (max-width: 576px) 100vw, 576px\" \/><\/figure>\n<\/div>\n\n\n\n<div class=\"wp-block-column is-layout-flow wp-block-column-is-layout-flow\">\n<figure class=\"wp-block-image size-large\"><img loading=\"lazy\" decoding=\"async\" width=\"576\" height=\"1024\" src=\"https:\/\/aubellys.fr\/wp-content\/uploads\/2026\/01\/TRAITEUR-VEGETARIEN-TARN-HAUTE-GARONNE-AUBELLYS-HOUMOUS-ROSE-576x1024.jpg\" alt=\"\" class=\"wp-image-1243\" srcset=\"https:\/\/aubellys.fr\/wp-content\/uploads\/2026\/01\/TRAITEUR-VEGETARIEN-TARN-HAUTE-GARONNE-AUBELLYS-HOUMOUS-ROSE-576x1024.jpg 576w, https:\/\/aubellys.fr\/wp-content\/uploads\/2026\/01\/TRAITEUR-VEGETARIEN-TARN-HAUTE-GARONNE-AUBELLYS-HOUMOUS-ROSE-169x300.jpg 169w, https:\/\/aubellys.fr\/wp-content\/uploads\/2026\/01\/TRAITEUR-VEGETARIEN-TARN-HAUTE-GARONNE-AUBELLYS-HOUMOUS-ROSE-768x1365.jpg 768w, https:\/\/aubellys.fr\/wp-content\/uploads\/2026\/01\/TRAITEUR-VEGETARIEN-TARN-HAUTE-GARONNE-AUBELLYS-HOUMOUS-ROSE-864x1536.jpg 864w, https:\/\/aubellys.fr\/wp-content\/uploads\/2026\/01\/TRAITEUR-VEGETARIEN-TARN-HAUTE-GARONNE-AUBELLYS-HOUMOUS-ROSE.jpg 1080w\" sizes=\"auto, (max-width: 576px) 100vw, 576px\" \/><\/figure>\n<\/div>\n<\/div>\n\n\n\n<div class=\"wp-block-columns is-layout-flex wp-container-core-columns-is-layout-9d6595d7 wp-block-columns-is-layout-flex\">\n<div class=\"wp-block-column is-layout-flow wp-block-column-is-layout-flow\">\n<figure class=\"wp-block-image size-large\"><img loading=\"lazy\" decoding=\"async\" width=\"576\" height=\"1024\" src=\"https:\/\/aubellys.fr\/wp-content\/uploads\/2026\/01\/TRAITEUR-VEGETAL-TARN-LAVAUR-AROMA-TARTINADE-AUBELLYS-LAVAUR-TOULOUSE-ALBI-576x1024.jpg\" alt=\"\" class=\"wp-image-1244\" srcset=\"https:\/\/aubellys.fr\/wp-content\/uploads\/2026\/01\/TRAITEUR-VEGETAL-TARN-LAVAUR-AROMA-TARTINADE-AUBELLYS-LAVAUR-TOULOUSE-ALBI-576x1024.jpg 576w, https:\/\/aubellys.fr\/wp-content\/uploads\/2026\/01\/TRAITEUR-VEGETAL-TARN-LAVAUR-AROMA-TARTINADE-AUBELLYS-LAVAUR-TOULOUSE-ALBI-169x300.jpg 169w, https:\/\/aubellys.fr\/wp-content\/uploads\/2026\/01\/TRAITEUR-VEGETAL-TARN-LAVAUR-AROMA-TARTINADE-AUBELLYS-LAVAUR-TOULOUSE-ALBI-768x1365.jpg 768w, https:\/\/aubellys.fr\/wp-content\/uploads\/2026\/01\/TRAITEUR-VEGETAL-TARN-LAVAUR-AROMA-TARTINADE-AUBELLYS-LAVAUR-TOULOUSE-ALBI-864x1536.jpg 864w, https:\/\/aubellys.fr\/wp-content\/uploads\/2026\/01\/TRAITEUR-VEGETAL-TARN-LAVAUR-AROMA-TARTINADE-AUBELLYS-LAVAUR-TOULOUSE-ALBI.jpg 1080w\" sizes=\"auto, (max-width: 576px) 100vw, 576px\" \/><\/figure>\n<\/div>\n\n\n\n<div class=\"wp-block-column is-layout-flow wp-block-column-is-layout-flow\">\n<figure class=\"wp-block-image size-large\"><img loading=\"lazy\" decoding=\"async\" width=\"768\" height=\"1024\" src=\"http:\/\/aubellys.fr\/wp-content\/uploads\/2025\/12\/IMG_0460-768x1024.jpg\" alt=\"\" class=\"wp-image-1134\" srcset=\"https:\/\/aubellys.fr\/wp-content\/uploads\/2025\/12\/IMG_0460-768x1024.jpg 768w, https:\/\/aubellys.fr\/wp-content\/uploads\/2025\/12\/IMG_0460-225x300.jpg 225w, https:\/\/aubellys.fr\/wp-content\/uploads\/2025\/12\/IMG_0460-1152x1536.jpg 1152w, https:\/\/aubellys.fr\/wp-content\/uploads\/2025\/12\/IMG_0460-1536x2048.jpg 1536w, https:\/\/aubellys.fr\/wp-content\/uploads\/2025\/12\/IMG_0460-scaled.jpg 1920w\" sizes=\"auto, (max-width: 706px) 89vw, (max-width: 767px) 82vw, 740px\" \/><\/figure>\n<\/div>\n\n\n\n<div class=\"wp-block-column is-layout-flow wp-block-column-is-layout-flow\">\n<figure class=\"wp-block-image size-large\"><img loading=\"lazy\" decoding=\"async\" width=\"768\" height=\"1024\" src=\"http:\/\/aubellys.fr\/wp-content\/uploads\/2025\/08\/IMG_3054-768x1024.jpg\" alt=\"\" class=\"wp-image-385\" srcset=\"https:\/\/aubellys.fr\/wp-content\/uploads\/2025\/08\/IMG_3054-768x1024.jpg 768w, https:\/\/aubellys.fr\/wp-content\/uploads\/2025\/08\/IMG_3054-225x300.jpg 225w, https:\/\/aubellys.fr\/wp-content\/uploads\/2025\/08\/IMG_3054-1152x1536.jpg 1152w, https:\/\/aubellys.fr\/wp-content\/uploads\/2025\/08\/IMG_3054-1536x2048.jpg 1536w, https:\/\/aubellys.fr\/wp-content\/uploads\/2025\/08\/IMG_3054-scaled.jpg 1920w\" sizes=\"auto, (max-width: 706px) 89vw, (max-width: 767px) 82vw, 740px\" \/><\/figure>\n<\/div>\n<\/div>\n\n\n\n<ul class=\"wp-block-list\">\n<li><a href=\"https:\/\/aubellys.fr\/index.php\/lor-vert-des-collines-tarnaise-pesto-revisite-frais-100-vegetal-aux-plantes-sauvages\/\" data-type=\"page\" data-id=\"630\"><strong>L&rsquo;or vert des collines tarnaise: pesto revisit\u00e9 frais 100% v\u00e9g\u00e9tal aux plantes sauvages<\/strong><\/a><\/li>\n\n\n\n<li><a href=\"https:\/\/aubellys.fr\/index.php\/la-forestiere\/\" data-type=\"page\" data-id=\"1120\"><strong>La foresti\u00e8re: Champignon, yaourt de brebis<\/strong><\/a><\/li>\n\n\n\n<li><strong><a href=\"https:\/\/aubellys.fr\/index.php\/houmous-rose\/\" data-type=\"page\" data-id=\"1166\">Houmous rose<\/a><\/strong><\/li>\n\n\n\n<li>Baba Ganoush: onctueux aux saveurs m\u00e9diterran\u00e9enne<\/li>\n\n\n\n<li>Beurre de poivron<\/li>\n<\/ul>\n\n\n\n<p>diff\u00e9rentes recettes \u00e0 chaque saison \u00e0 d\u00e9couvrir<\/p>\n","protected":false},"excerpt":{"rendered":"<p>Un \u00e9clat de fraicheur et de gourmandise v\u00e9g\u00e9tarienne. Des recettes vivantes et \u00e9quilibr\u00e9es, avec des ingr\u00e9dients frais et de saison. Parfaites pour un ap\u00e9ritif, une pause d\u00e9jeuner ou en en-cas \u00e9nerg\u00e9tiques, mes tartinades s&rsquo;associent \u00e0 merveille avec du pain, des crackers ou des bat\u00f4nnets de l\u00e9gumes. Elles sont riche en nutriments et couleurs, un moment &hellip; <\/p>\n<p class=\"link-more\"><a href=\"https:\/\/aubellys.fr\/index.php\/tartinades\/\" class=\"more-link\">Continuer la lecture<span class=\"screen-reader-text\"> de &laquo;&nbsp;TARTINABLE&nbsp;&raquo;<\/span><\/a><\/p>\n","protected":false},"author":1,"featured_media":0,"parent":0,"menu_order":0,"comment_status":"closed","ping_status":"closed","template":"","meta":{"inline_featured_image":false,"footnotes":""},"class_list":["post-413","page","type-page","status-publish","hentry"],"_links":{"self":[{"href":"https:\/\/aubellys.fr\/index.php\/wp-json\/wp\/v2\/pages\/413","targetHints":{"allow":["GET"]}}],"collection":[{"href":"https:\/\/aubellys.fr\/index.php\/wp-json\/wp\/v2\/pages"}],"about":[{"href":"https:\/\/aubellys.fr\/index.php\/wp-json\/wp\/v2\/types\/page"}],"author":[{"embeddable":true,"href":"https:\/\/aubellys.fr\/index.php\/wp-json\/wp\/v2\/users\/1"}],"replies":[{"embeddable":true,"href":"https:\/\/aubellys.fr\/index.php\/wp-json\/wp\/v2\/comments?post=413"}],"version-history":[{"count":23,"href":"https:\/\/aubellys.fr\/index.php\/wp-json\/wp\/v2\/pages\/413\/revisions"}],"predecessor-version":[{"id":1531,"href":"https:\/\/aubellys.fr\/index.php\/wp-json\/wp\/v2\/pages\/413\/revisions\/1531"}],"wp:attachment":[{"href":"https:\/\/aubellys.fr\/index.php\/wp-json\/wp\/v2\/media?parent=413"}],"curies":[{"name":"wp","href":"https:\/\/api.w.org\/{rel}","templated":true}]}}