{"id":415,"date":"2025-08-29T10:09:01","date_gmt":"2025-08-29T08:09:01","guid":{"rendered":"https:\/\/aubellys.fr\/?page_id=415"},"modified":"2026-03-11T17:21:02","modified_gmt":"2026-03-11T16:21:02","slug":"les-ateliers","status":"publish","type":"page","link":"https:\/\/aubellys.fr\/index.php\/les-ateliers\/","title":{"rendered":"Les ateliers"},"content":{"rendered":"\n<h2 class=\"wp-block-heading\"><strong>Vivez une exp\u00e9rience sensorielle en vous laissant envo\u00fbter par les saveurs et les bienfaits de la nature. <\/strong><\/h2>\n\n\n\n<p>Prenez le temps de vous reconnecter \u00e0 la nature, un moment pour vous tout en douceur.<\/p>\n\n\n\n<p>Plongez au c\u0153ur de ces tr\u00e9sors avec mes ateliers culinaires bienfaisants.<\/p>\n\n\n\n<figure class=\"wp-block-gallery has-nested-images columns-default is-cropped wp-block-gallery-1 is-layout-flex wp-block-gallery-is-layout-flex\">\n<figure class=\"wp-block-image size-large is-style-rounded\"><img loading=\"lazy\" decoding=\"async\" width=\"768\" height=\"1024\" data-id=\"806\" src=\"http:\/\/aubellys.fr\/wp-content\/uploads\/2025\/09\/IMG_3077-768x1024.jpg\" alt=\"\" class=\"wp-image-806\" srcset=\"https:\/\/aubellys.fr\/wp-content\/uploads\/2025\/09\/IMG_3077-768x1024.jpg 768w, https:\/\/aubellys.fr\/wp-content\/uploads\/2025\/09\/IMG_3077-225x300.jpg 225w, https:\/\/aubellys.fr\/wp-content\/uploads\/2025\/09\/IMG_3077-1152x1536.jpg 1152w, https:\/\/aubellys.fr\/wp-content\/uploads\/2025\/09\/IMG_3077-1536x2048.jpg 1536w, https:\/\/aubellys.fr\/wp-content\/uploads\/2025\/09\/IMG_3077-scaled.jpg 1920w\" sizes=\"auto, (max-width: 706px) 89vw, (max-width: 767px) 82vw, 740px\" \/><\/figure>\n\n\n\n<figure class=\"wp-block-image size-large is-style-rounded\"><img loading=\"lazy\" decoding=\"async\" width=\"768\" height=\"1024\" data-id=\"527\" src=\"https:\/\/aubellys.fr\/wp-content\/uploads\/2025\/08\/IMG_3088-768x1024.jpg\" alt=\"\" class=\"wp-image-527\" srcset=\"https:\/\/aubellys.fr\/wp-content\/uploads\/2025\/08\/IMG_3088-768x1024.jpg 768w, https:\/\/aubellys.fr\/wp-content\/uploads\/2025\/08\/IMG_3088-225x300.jpg 225w, https:\/\/aubellys.fr\/wp-content\/uploads\/2025\/08\/IMG_3088-1152x1536.jpg 1152w, https:\/\/aubellys.fr\/wp-content\/uploads\/2025\/08\/IMG_3088-1536x2048.jpg 1536w, https:\/\/aubellys.fr\/wp-content\/uploads\/2025\/08\/IMG_3088-scaled.jpg 1920w\" sizes=\"auto, (max-width: 706px) 89vw, (max-width: 767px) 82vw, 740px\" \/><\/figure>\n\n\n\n<figure class=\"wp-block-image size-large is-style-rounded\"><img loading=\"lazy\" decoding=\"async\" width=\"768\" height=\"1024\" data-id=\"481\" src=\"https:\/\/aubellys.fr\/wp-content\/uploads\/2025\/08\/IMG_2698-768x1024.jpg\" alt=\"\" class=\"wp-image-481\" srcset=\"https:\/\/aubellys.fr\/wp-content\/uploads\/2025\/08\/IMG_2698-768x1024.jpg 768w, https:\/\/aubellys.fr\/wp-content\/uploads\/2025\/08\/IMG_2698-225x300.jpg 225w, https:\/\/aubellys.fr\/wp-content\/uploads\/2025\/08\/IMG_2698-1152x1536.jpg 1152w, https:\/\/aubellys.fr\/wp-content\/uploads\/2025\/08\/IMG_2698-1536x2048.jpg 1536w, https:\/\/aubellys.fr\/wp-content\/uploads\/2025\/08\/IMG_2698-scaled.jpg 1920w\" sizes=\"auto, (max-width: 706px) 89vw, (max-width: 767px) 82vw, 740px\" \/><\/figure>\n\n\n\n<figure class=\"wp-block-image size-large is-style-rounded\"><img loading=\"lazy\" decoding=\"async\" width=\"793\" height=\"1024\" data-id=\"804\" src=\"http:\/\/aubellys.fr\/wp-content\/uploads\/2025\/09\/table-florale-traiteur-lavaur-tarn-Aubellys-1-793x1024.jpg\" alt=\"\" class=\"wp-image-804\" srcset=\"https:\/\/aubellys.fr\/wp-content\/uploads\/2025\/09\/table-florale-traiteur-lavaur-tarn-Aubellys-1-793x1024.jpg 793w, https:\/\/aubellys.fr\/wp-content\/uploads\/2025\/09\/table-florale-traiteur-lavaur-tarn-Aubellys-1-232x300.jpg 232w, https:\/\/aubellys.fr\/wp-content\/uploads\/2025\/09\/table-florale-traiteur-lavaur-tarn-Aubellys-1-768x991.jpg 768w, https:\/\/aubellys.fr\/wp-content\/uploads\/2025\/09\/table-florale-traiteur-lavaur-tarn-Aubellys-1-1190x1536.jpg 1190w, https:\/\/aubellys.fr\/wp-content\/uploads\/2025\/09\/table-florale-traiteur-lavaur-tarn-Aubellys-1-1586x2048.jpg 1586w, https:\/\/aubellys.fr\/wp-content\/uploads\/2025\/09\/table-florale-traiteur-lavaur-tarn-Aubellys-1-scaled.jpg 1983w\" sizes=\"auto, (max-width: 706px) 89vw, (max-width: 767px) 82vw, 740px\" \/><\/figure>\n\n\n\n<figure class=\"wp-block-image size-large is-style-rounded\"><img loading=\"lazy\" decoding=\"async\" width=\"768\" height=\"1024\" data-id=\"226\" src=\"http:\/\/aubellys.fr\/wp-content\/uploads\/2025\/04\/044b5150fe9f71289634f01521b39fe5-768x1024.png\" alt=\"\" class=\"wp-image-226\" srcset=\"https:\/\/aubellys.fr\/wp-content\/uploads\/2025\/04\/044b5150fe9f71289634f01521b39fe5-768x1024.png 768w, https:\/\/aubellys.fr\/wp-content\/uploads\/2025\/04\/044b5150fe9f71289634f01521b39fe5-225x300.png 225w, https:\/\/aubellys.fr\/wp-content\/uploads\/2025\/04\/044b5150fe9f71289634f01521b39fe5-1152x1536.png 1152w, https:\/\/aubellys.fr\/wp-content\/uploads\/2025\/04\/044b5150fe9f71289634f01521b39fe5.png 1200w\" sizes=\"auto, (max-width: 706px) 89vw, (max-width: 767px) 82vw, 740px\" \/><\/figure>\n\n\n\n<figure class=\"wp-block-image size-large is-style-rounded\"><img loading=\"lazy\" decoding=\"async\" width=\"768\" height=\"1024\" data-id=\"809\" src=\"https:\/\/aubellys.fr\/wp-content\/uploads\/2025\/09\/PHOTO-2025-08-06-23-27-30-768x1024.jpg\" alt=\"\" class=\"wp-image-809\" srcset=\"https:\/\/aubellys.fr\/wp-content\/uploads\/2025\/09\/PHOTO-2025-08-06-23-27-30-768x1024.jpg 768w, https:\/\/aubellys.fr\/wp-content\/uploads\/2025\/09\/PHOTO-2025-08-06-23-27-30-225x300.jpg 225w, https:\/\/aubellys.fr\/wp-content\/uploads\/2025\/09\/PHOTO-2025-08-06-23-27-30-1152x1536.jpg 1152w, https:\/\/aubellys.fr\/wp-content\/uploads\/2025\/09\/PHOTO-2025-08-06-23-27-30.jpg 1200w\" sizes=\"auto, (max-width: 706px) 89vw, (max-width: 767px) 82vw, 740px\" \/><\/figure>\n<\/figure>\n\n\n\n<div class=\"wp-block-columns is-layout-flex wp-container-core-columns-is-layout-9d6595d7 wp-block-columns-is-layout-flex\">\n<div class=\"wp-block-column is-layout-flow wp-block-column-is-layout-flow\">\n<figure class=\"wp-block-image size-large\"><img loading=\"lazy\" decoding=\"async\" width=\"768\" height=\"1024\" src=\"http:\/\/aubellys.fr\/wp-content\/uploads\/2026\/03\/IMG_3086-768x1024.jpg\" alt=\"\" class=\"wp-image-1416\"\/><\/figure>\n<\/div>\n\n\n\n<div class=\"wp-block-column is-layout-flow wp-block-column-is-layout-flow\">\n<figure class=\"wp-block-image size-large\"><img loading=\"lazy\" decoding=\"async\" width=\"768\" height=\"1024\" src=\"http:\/\/aubellys.fr\/wp-content\/uploads\/2025\/08\/09fa8827-44ce-48f3-b72c-a2ff934c4617-768x1024.jpg\" alt=\"\" class=\"wp-image-521\"\/><\/figure>\n<\/div>\n<\/div>\n\n\n<div class=\"wp-block-image\">\n<figure class=\"aligncenter size-large is-resized\"><img loading=\"lazy\" decoding=\"async\" width=\"724\" height=\"1024\" src=\"http:\/\/aubellys.fr\/wp-content\/uploads\/2025\/10\/BOISSON-FLORALE-FERMENTEE-27-SEPTEMBRE-2-724x1024.png\" alt=\"\" class=\"wp-image-914\" style=\"aspect-ratio:0.707047619047619;width:244px;height:auto\" srcset=\"https:\/\/aubellys.fr\/wp-content\/uploads\/2025\/10\/BOISSON-FLORALE-FERMENTEE-27-SEPTEMBRE-2-724x1024.png 724w, https:\/\/aubellys.fr\/wp-content\/uploads\/2025\/10\/BOISSON-FLORALE-FERMENTEE-27-SEPTEMBRE-2-212x300.png 212w, https:\/\/aubellys.fr\/wp-content\/uploads\/2025\/10\/BOISSON-FLORALE-FERMENTEE-27-SEPTEMBRE-2-768x1086.png 768w, https:\/\/aubellys.fr\/wp-content\/uploads\/2025\/10\/BOISSON-FLORALE-FERMENTEE-27-SEPTEMBRE-2-1086x1536.png 1086w, https:\/\/aubellys.fr\/wp-content\/uploads\/2025\/10\/BOISSON-FLORALE-FERMENTEE-27-SEPTEMBRE-2.png 1414w\" sizes=\"auto, (max-width: 724px) 100vw, 724px\" \/><\/figure>\n<\/div>\n\n\n<p>\ud83c\udf3c <strong>Atelier de Boisson Florale Ferment\u00e9e<\/strong>\ud83c\udf3c<br>Dur\u00e9e : 2 heures<\/p>\n\n\n\n<p> Tarif : 40 \u20ac<\/p>\n\n\n\n<p><br><strong>Au programme<\/strong> :<\/p>\n\n\n\n<ul class=\"wp-block-list\">\n<li>Infusion de bienvenue<\/li>\n\n\n\n<li>Reconnexion \u00e0 la nature<\/li>\n\n\n\n<li>Pr\u00e9sentation et cueillette des fleurs<\/li>\n\n\n\n<li>D\u00e9couverte de la fermentation<\/li>\n\n\n\n<li>Pr\u00e9paration de votre boisson, excellente pour votre microbiote<\/li>\n\n\n\n<li>D\u00e9gustations de diff\u00e9rents p\u00e9tillants accompagn\u00e9s de mes biscuits<\/li>\n<\/ul>\n\n\n\n<p>Vous repartirez avec un bocal de votre pr\u00e9paration.<\/p>\n\n\n\n<p>\ud83c\udf38 Vous recevrez par mail avec un document \u00e9crit retra\u00e7ant cet atelier avec la recette d\u00e9taill\u00e9e.<br><br><strong>Reconnectez vous \u00e0 la nature, savourez des mets gourmands et bienfaisants et passez un moment ressou\u00e7ant et bucolique.<\/strong><br>\u00c0 Montans, en plein champ floral de la p\u00e9pini\u00e8re bio de Samantha\u00a0<a href=\"https:\/\/www.instagram.com\/lejolibazar\/?hl=fr\">@lejolibazar<\/a><br><br>Laissez-vous tenter par une exp\u00e9rience sensorielle bienfaisante en pleine nature !<\/p>\n\n\n\n<p>R\u00e9servation par mail ou par t\u00e9l\u00e9phone ou par la fiche <a href=\"https:\/\/aubellys.fr\/index.php\/contact\/\" data-type=\"link\" data-id=\"https:\/\/aubellys.fr\/index.php\/contact\/\">contact<\/a><\/p>\n","protected":false},"excerpt":{"rendered":"<p>Vivez une exp\u00e9rience sensorielle en vous laissant envo\u00fbter par les saveurs et les bienfaits de la nature. Prenez le temps de vous reconnecter \u00e0 la nature, un moment pour vous tout en douceur. Plongez au c\u0153ur de ces tr\u00e9sors avec mes ateliers culinaires bienfaisants. \ud83c\udf3c Atelier de Boisson Florale Ferment\u00e9e\ud83c\udf3cDur\u00e9e : 2 heures Tarif : &hellip; <\/p>\n<p class=\"link-more\"><a href=\"https:\/\/aubellys.fr\/index.php\/les-ateliers\/\" class=\"more-link\">Continuer la lecture<span class=\"screen-reader-text\"> de &laquo;&nbsp;Les ateliers&nbsp;&raquo;<\/span><\/a><\/p>\n","protected":false},"author":1,"featured_media":0,"parent":0,"menu_order":0,"comment_status":"closed","ping_status":"closed","template":"","meta":{"inline_featured_image":false,"footnotes":""},"class_list":["post-415","page","type-page","status-publish","hentry"],"_links":{"self":[{"href":"https:\/\/aubellys.fr\/index.php\/wp-json\/wp\/v2\/pages\/415","targetHints":{"allow":["GET"]}}],"collection":[{"href":"https:\/\/aubellys.fr\/index.php\/wp-json\/wp\/v2\/pages"}],"about":[{"href":"https:\/\/aubellys.fr\/index.php\/wp-json\/wp\/v2\/types\/page"}],"author":[{"embeddable":true,"href":"https:\/\/aubellys.fr\/index.php\/wp-json\/wp\/v2\/users\/1"}],"replies":[{"embeddable":true,"href":"https:\/\/aubellys.fr\/index.php\/wp-json\/wp\/v2\/comments?post=415"}],"version-history":[{"count":27,"href":"https:\/\/aubellys.fr\/index.php\/wp-json\/wp\/v2\/pages\/415\/revisions"}],"predecessor-version":[{"id":1419,"href":"https:\/\/aubellys.fr\/index.php\/wp-json\/wp\/v2\/pages\/415\/revisions\/1419"}],"wp:attachment":[{"href":"https:\/\/aubellys.fr\/index.php\/wp-json\/wp\/v2\/media?parent=415"}],"curies":[{"name":"wp","href":"https:\/\/api.w.org\/{rel}","templated":true}]}}