{"id":433,"date":"2025-08-29T11:25:51","date_gmt":"2025-08-29T09:25:51","guid":{"rendered":"https:\/\/aubellys.fr\/?page_id=433"},"modified":"2026-03-25T18:32:14","modified_gmt":"2026-03-25T17:32:14","slug":"crackers-thym-romarin-lavande-huile-dolive","status":"publish","type":"page","link":"https:\/\/aubellys.fr\/index.php\/crackers-thym-romarin-lavande-huile-dolive\/","title":{"rendered":"Crackers Thym Romarin Lavande, Huile d\u2019Olive"},"content":{"rendered":"\n<p><strong>Le Croquant aux Herbes Ensoleill\u00e9es<\/strong><\/p>\n\n\n\n<figure class=\"wp-block-image size-full is-resized\"><img loading=\"lazy\" decoding=\"async\" width=\"525\" height=\"700\" src=\"https:\/\/aubellys.fr\/wp-content\/uploads\/2026\/03\/crackers-dreche-thym-romarin-lavande-sachet-Aubellys-traiteur-engage-vegetarien.jpg\" alt=\"\" class=\"wp-image-1542\" style=\"aspect-ratio:0.750008693535487;width:216px;height:auto\" srcset=\"https:\/\/aubellys.fr\/wp-content\/uploads\/2026\/03\/crackers-dreche-thym-romarin-lavande-sachet-Aubellys-traiteur-engage-vegetarien.jpg 525w, https:\/\/aubellys.fr\/wp-content\/uploads\/2026\/03\/crackers-dreche-thym-romarin-lavande-sachet-Aubellys-traiteur-engage-vegetarien-225x300.jpg 225w\" sizes=\"auto, (max-width: 525px) 100vw, 525px\" \/><\/figure>\n\n\n\n<p>Plongez dans l\u2019univers aromatique de ces crackers, mariant le thym, aux notes fra\u00eeches et intenses, le romarin, bois\u00e9 et l\u00e9g\u00e8rement poivr\u00e9 puis une pointe de lavande pour une touche florale.<\/p>\n\n\n\n<p><strong>Enrichis de dr\u00eache de brasserie apportant un c\u00f4t\u00e9 rustique et malt\u00e9 qui est sublim\u00e9 par un filet d\u2019huile d\u2019olive. La farine de bl\u00e9 T80 leur donne un croquant irr\u00e9sistible.<\/strong><\/p>\n\n\n\n<p>Peu sal\u00e9s, ils mettent en valeur la puret\u00e9 des saveurs.<\/p>\n\n\n\n<p>Id\u00e9aux pour accompagner vos moments de partage, sublimer des tapenades ou des fromages, ou simplement se d\u00e9guster en solo.<\/p>\n\n\n\n<p>Crackers aux saveurs authentiques.<\/p>\n\n\n\n<p>Dr\u00e8che issu de brasserie, c&rsquo;est de l&rsquo;orge!<\/p>\n\n\n\n<p>Ingr\u00e9dients locaux, de qualit\u00e9 et biologiques.<\/p>\n\n\n\n<figure class=\"wp-block-image size-large is-resized\"><img loading=\"lazy\" decoding=\"async\" width=\"794\" height=\"1123\" src=\"http:\/\/aubellys.fr\/wp-content\/uploads\/2025\/08\/Crackers-a-la-Dreche-Fenouil-Sarriette-Thym-Lavande-Romarin-Curcuma-Ortie-Gingembre-2.svg\" alt=\"\" class=\"wp-image-575\" style=\"aspect-ratio:0.7070432231310134;width:479px;height:auto\"\/><\/figure>\n\n\n\n<p><\/p>\n","protected":false},"excerpt":{"rendered":"<p>Le Croquant aux Herbes Ensoleill\u00e9es Plongez dans l\u2019univers aromatique de ces crackers, mariant le thym, aux notes fra\u00eeches et intenses, le romarin, bois\u00e9 et l\u00e9g\u00e8rement poivr\u00e9 puis une pointe de lavande pour une touche florale. Enrichis de dr\u00eache de brasserie apportant un c\u00f4t\u00e9 rustique et malt\u00e9 qui est sublim\u00e9 par un filet d\u2019huile d\u2019olive. La &hellip; <\/p>\n<p class=\"link-more\"><a href=\"https:\/\/aubellys.fr\/index.php\/crackers-thym-romarin-lavande-huile-dolive\/\" class=\"more-link\">Continuer la lecture<span class=\"screen-reader-text\"> de &laquo;&nbsp;Crackers Thym Romarin Lavande, Huile d\u2019Olive&nbsp;&raquo;<\/span><\/a><\/p>\n","protected":false},"author":1,"featured_media":0,"parent":0,"menu_order":0,"comment_status":"closed","ping_status":"closed","template":"","meta":{"inline_featured_image":false,"footnotes":""},"class_list":["post-433","page","type-page","status-publish","hentry"],"_links":{"self":[{"href":"https:\/\/aubellys.fr\/index.php\/wp-json\/wp\/v2\/pages\/433","targetHints":{"allow":["GET"]}}],"collection":[{"href":"https:\/\/aubellys.fr\/index.php\/wp-json\/wp\/v2\/pages"}],"about":[{"href":"https:\/\/aubellys.fr\/index.php\/wp-json\/wp\/v2\/types\/page"}],"author":[{"embeddable":true,"href":"https:\/\/aubellys.fr\/index.php\/wp-json\/wp\/v2\/users\/1"}],"replies":[{"embeddable":true,"href":"https:\/\/aubellys.fr\/index.php\/wp-json\/wp\/v2\/comments?post=433"}],"version-history":[{"count":11,"href":"https:\/\/aubellys.fr\/index.php\/wp-json\/wp\/v2\/pages\/433\/revisions"}],"predecessor-version":[{"id":1546,"href":"https:\/\/aubellys.fr\/index.php\/wp-json\/wp\/v2\/pages\/433\/revisions\/1546"}],"wp:attachment":[{"href":"https:\/\/aubellys.fr\/index.php\/wp-json\/wp\/v2\/media?parent=433"}],"curies":[{"name":"wp","href":"https:\/\/api.w.org\/{rel}","templated":true}]}}