{"id":441,"date":"2025-08-29T11:41:14","date_gmt":"2025-08-29T09:41:14","guid":{"rendered":"https:\/\/aubellys.fr\/?page_id=441"},"modified":"2026-03-25T18:33:29","modified_gmt":"2026-03-25T17:33:29","slug":"crackers-fenouil-sarriette-huile-dolive","status":"publish","type":"page","link":"https:\/\/aubellys.fr\/index.php\/crackers-fenouil-sarriette-huile-dolive\/","title":{"rendered":"Crackers Fenouil Sarriette, Huile d\u2019Olive"},"content":{"rendered":"\n<p><strong>Le croquant anis\u00e9<\/strong><\/p>\n\n\n<div class=\"wp-block-image\">\n<figure class=\"aligncenter size-large is-resized\"><img loading=\"lazy\" decoding=\"async\" width=\"768\" height=\"1024\" src=\"https:\/\/aubellys.fr\/wp-content\/uploads\/2026\/03\/crackers-fenouil-sarriette-creche-Aubellys-tarn-agout-768x1024.jpg\" alt=\"\" class=\"wp-image-1539\" style=\"aspect-ratio:0.750008693535487;width:227px;height:auto\" srcset=\"https:\/\/aubellys.fr\/wp-content\/uploads\/2026\/03\/crackers-fenouil-sarriette-creche-Aubellys-tarn-agout-768x1024.jpg 768w, https:\/\/aubellys.fr\/wp-content\/uploads\/2026\/03\/crackers-fenouil-sarriette-creche-Aubellys-tarn-agout-225x300.jpg 225w, https:\/\/aubellys.fr\/wp-content\/uploads\/2026\/03\/crackers-fenouil-sarriette-creche-Aubellys-tarn-agout-1152x1536.jpg 1152w, https:\/\/aubellys.fr\/wp-content\/uploads\/2026\/03\/crackers-fenouil-sarriette-creche-Aubellys-tarn-agout-1536x2048.jpg 1536w, https:\/\/aubellys.fr\/wp-content\/uploads\/2026\/03\/crackers-fenouil-sarriette-creche-Aubellys-tarn-agout-scaled.jpg 1920w\" sizes=\"auto, (max-width: 706px) 89vw, (max-width: 767px) 82vw, 740px\" \/><\/figure>\n<\/div>\n\n\n<p><strong>D\u00e9couvrez ces crackers originaux et savoureux, o\u00f9 les graines de fenouil, douces et anis\u00e9e, la sarriette, poivr\u00e9e et aromatique, se marient \u00e0 la dr\u00eache de brasserie pour une touche malt\u00e9e et rustique.<\/strong> Rehauss\u00e9s d\u2019un filet d\u2019huile d\u2019olive et fabriqu\u00e9s avec de la farine de bl\u00e9 semi-compl\u00e8te, ils offrent un croquant irr\u00e9sistible et une saveur profonde.<\/p>\n\n\n\n<p>Peu sal\u00e9s, ils pr\u00e9servent toute la complexit\u00e9 des saveurs se d\u00e9gustant seul tout en se mariant \u00e0 merveille avec des produits du terroir<\/p>\n\n\n\n<p><strong>Un d\u00e9lice croquant qui surprend et s\u00e9duit !<\/strong><\/p>\n\n\n\n<p>Dr\u00e8che issu de brasserie (orge)<\/p>\n\n\n\n<p>Ingr\u00e9dients locaux, de qualit\u00e9 et biologiques.<\/p>\n\n\n<div class=\"wp-block-image\">\n<figure class=\"aligncenter size-large is-resized\"><img loading=\"lazy\" decoding=\"async\" width=\"794\" height=\"1123\" src=\"http:\/\/aubellys.fr\/wp-content\/uploads\/2025\/08\/Crackers-a-la-Dreche-Fenouil-Sarriette-Thym-Lavande-Romarin-Curcuma-Ortie-Gingembre-2.svg\" alt=\"\" class=\"wp-image-575\" style=\"aspect-ratio:0.7070432231310134;width:419px;height:auto\"\/><\/figure>\n<\/div>","protected":false},"excerpt":{"rendered":"<p>Le croquant anis\u00e9 D\u00e9couvrez ces crackers originaux et savoureux, o\u00f9 les graines de fenouil, douces et anis\u00e9e, la sarriette, poivr\u00e9e et aromatique, se marient \u00e0 la dr\u00eache de brasserie pour une touche malt\u00e9e et rustique. Rehauss\u00e9s d\u2019un filet d\u2019huile d\u2019olive et fabriqu\u00e9s avec de la farine de bl\u00e9 semi-compl\u00e8te, ils offrent un croquant irr\u00e9sistible et &hellip; <\/p>\n<p class=\"link-more\"><a href=\"https:\/\/aubellys.fr\/index.php\/crackers-fenouil-sarriette-huile-dolive\/\" class=\"more-link\">Continuer la lecture<span class=\"screen-reader-text\"> de &laquo;&nbsp;Crackers Fenouil Sarriette, Huile d\u2019Olive&nbsp;&raquo;<\/span><\/a><\/p>\n","protected":false},"author":1,"featured_media":0,"parent":0,"menu_order":0,"comment_status":"closed","ping_status":"closed","template":"","meta":{"inline_featured_image":false,"footnotes":""},"class_list":["post-441","page","type-page","status-publish","hentry"],"_links":{"self":[{"href":"https:\/\/aubellys.fr\/index.php\/wp-json\/wp\/v2\/pages\/441","targetHints":{"allow":["GET"]}}],"collection":[{"href":"https:\/\/aubellys.fr\/index.php\/wp-json\/wp\/v2\/pages"}],"about":[{"href":"https:\/\/aubellys.fr\/index.php\/wp-json\/wp\/v2\/types\/page"}],"author":[{"embeddable":true,"href":"https:\/\/aubellys.fr\/index.php\/wp-json\/wp\/v2\/users\/1"}],"replies":[{"embeddable":true,"href":"https:\/\/aubellys.fr\/index.php\/wp-json\/wp\/v2\/comments?post=441"}],"version-history":[{"count":8,"href":"https:\/\/aubellys.fr\/index.php\/wp-json\/wp\/v2\/pages\/441\/revisions"}],"predecessor-version":[{"id":1548,"href":"https:\/\/aubellys.fr\/index.php\/wp-json\/wp\/v2\/pages\/441\/revisions\/1548"}],"wp:attachment":[{"href":"https:\/\/aubellys.fr\/index.php\/wp-json\/wp\/v2\/media?parent=441"}],"curies":[{"name":"wp","href":"https:\/\/api.w.org\/{rel}","templated":true}]}}