{"id":468,"date":"2025-08-29T15:26:25","date_gmt":"2025-08-29T13:26:25","guid":{"rendered":"https:\/\/aubellys.fr\/?page_id=468"},"modified":"2025-08-29T15:26:25","modified_gmt":"2025-08-29T13:26:25","slug":"crackers-gingembre-ortie-curcuma","status":"publish","type":"page","link":"https:\/\/aubellys.fr\/index.php\/crackers-gingembre-ortie-curcuma\/","title":{"rendered":"Crackers Gingembre Ortie Curcuma"},"content":{"rendered":"\n<p><strong>Le croquant revitalisant<\/strong><\/p>\n\n\n\n<p>Laissez-vous s\u00e9duire par ces crackers originaux au gingembre, \u00e9nergisant, l\u2019ortie riche en min\u00e9raux et le curcuma anti-inflammatoire s\u2019unissant pour cr\u00e9er une symphonie de saveurs et de bienfaits. La dr\u00eache et l\u2019huile d\u2019olive apportent une note de rustique et malt\u00e9e. La farine de bl\u00e9 semi-compl\u00e8te garantit un r\u00e9sultat gourmand et \u00e9quilibr\u00e9.<\/p>\n\n\n\n<p>Peu sal\u00e9s, ils laissent s\u2019exprimer toute la richesse des \u00e9pices et des plantes.<\/p>\n\n\n\n<p>Id\u00e9aux pour accompagner vos ap\u00e9ritifs, relever une tartinade ou soupe ou simplement se d\u00e9guster en collation.<\/p>\n\n\n\n<p>Une bouch\u00e9e \u00e9nergisante qui r\u00e9veille les sens.<\/p>\n\n\n\n<figure class=\"wp-block-image size-large\"><img loading=\"lazy\" decoding=\"async\" width=\"794\" height=\"1123\" src=\"http:\/\/aubellys.fr\/wp-content\/uploads\/2025\/08\/Crackers-a-la-Dreche-Fenouil-Sarriette-Thym-Lavande-Romarin-Curcuma-Ortie-Gingembre-1.svg\" alt=\"\" class=\"wp-image-465\"\/><\/figure>\n","protected":false},"excerpt":{"rendered":"<p>Le croquant revitalisant Laissez-vous s\u00e9duire par ces crackers originaux au gingembre, \u00e9nergisant, l\u2019ortie riche en min\u00e9raux et le curcuma anti-inflammatoire s\u2019unissant pour cr\u00e9er une symphonie de saveurs et de bienfaits. La dr\u00eache et l\u2019huile d\u2019olive apportent une note de rustique et malt\u00e9e. La farine de bl\u00e9 semi-compl\u00e8te garantit un r\u00e9sultat gourmand et \u00e9quilibr\u00e9. Peu sal\u00e9s, &hellip; <\/p>\n<p class=\"link-more\"><a href=\"https:\/\/aubellys.fr\/index.php\/crackers-gingembre-ortie-curcuma\/\" class=\"more-link\">Continuer la lecture<span class=\"screen-reader-text\"> de &laquo;&nbsp;Crackers Gingembre Ortie Curcuma&nbsp;&raquo;<\/span><\/a><\/p>\n","protected":false},"author":1,"featured_media":0,"parent":0,"menu_order":0,"comment_status":"closed","ping_status":"closed","template":"","meta":{"inline_featured_image":false,"footnotes":""},"class_list":["post-468","page","type-page","status-publish","hentry"],"_links":{"self":[{"href":"https:\/\/aubellys.fr\/index.php\/wp-json\/wp\/v2\/pages\/468","targetHints":{"allow":["GET"]}}],"collection":[{"href":"https:\/\/aubellys.fr\/index.php\/wp-json\/wp\/v2\/pages"}],"about":[{"href":"https:\/\/aubellys.fr\/index.php\/wp-json\/wp\/v2\/types\/page"}],"author":[{"embeddable":true,"href":"https:\/\/aubellys.fr\/index.php\/wp-json\/wp\/v2\/users\/1"}],"replies":[{"embeddable":true,"href":"https:\/\/aubellys.fr\/index.php\/wp-json\/wp\/v2\/comments?post=468"}],"version-history":[{"count":1,"href":"https:\/\/aubellys.fr\/index.php\/wp-json\/wp\/v2\/pages\/468\/revisions"}],"predecessor-version":[{"id":469,"href":"https:\/\/aubellys.fr\/index.php\/wp-json\/wp\/v2\/pages\/468\/revisions\/469"}],"wp:attachment":[{"href":"https:\/\/aubellys.fr\/index.php\/wp-json\/wp\/v2\/media?parent=468"}],"curies":[{"name":"wp","href":"https:\/\/api.w.org\/{rel}","templated":true}]}}