{"id":490,"date":"2025-08-29T15:57:41","date_gmt":"2025-08-29T13:57:41","guid":{"rendered":"https:\/\/aubellys.fr\/?page_id=490"},"modified":"2026-01-06T08:10:19","modified_gmt":"2026-01-06T07:10:19","slug":"crackers-crus","status":"publish","type":"page","link":"https:\/\/aubellys.fr\/index.php\/crackers-crus\/","title":{"rendered":"CRACKERS CRUS"},"content":{"rendered":"\n<p><strong>Crackers D\u00e9shydrat\u00e9s Carottes Oignon Lin<\/strong><\/p>\n\n\n\n<p>Ils mettent en valeur la carotte, douce et croquante, l\u2019oignon rouge et les graines de lin, riches en om\u00e9ga-3 sont sublim\u00e9s par une d\u00e9shydratation douce \u00e0 basse temp\u00e9rature.<\/p>\n\n\n\n<p><strong>Sans cuisson, D\u00e9shydrat\u00e9s ils gardent toute leur fra\u00eecheur et leurs nutriments, pour un en-cas vivant, l\u00e9ger et savoureux.<\/strong><\/p>\n\n\n<div class=\"wp-block-image\">\n<figure class=\"aligncenter size-large is-resized\"><img loading=\"lazy\" decoding=\"async\" width=\"724\" height=\"1024\" src=\"http:\/\/aubellys.fr\/wp-content\/uploads\/2025\/11\/Crackers-crus-carotte-aubellys-724x1024.png\" alt=\"\" class=\"wp-image-1086\" style=\"aspect-ratio:0.7070437984799812;width:341px;height:auto\" srcset=\"https:\/\/aubellys.fr\/wp-content\/uploads\/2025\/11\/Crackers-crus-carotte-aubellys-724x1024.png 724w, https:\/\/aubellys.fr\/wp-content\/uploads\/2025\/11\/Crackers-crus-carotte-aubellys-212x300.png 212w, https:\/\/aubellys.fr\/wp-content\/uploads\/2025\/11\/Crackers-crus-carotte-aubellys-768x1086.png 768w, https:\/\/aubellys.fr\/wp-content\/uploads\/2025\/11\/Crackers-crus-carotte-aubellys-1086x1536.png 1086w, https:\/\/aubellys.fr\/wp-content\/uploads\/2025\/11\/Crackers-crus-carotte-aubellys.png 1414w\" sizes=\"auto, (max-width: 724px) 100vw, 724px\" \/><\/figure>\n<\/div>\n\n\n<ul class=\"wp-block-list\">\n<li>D\u00e9cor\u00e9s de fleurs, ils apportent une touche po\u00e9tique et d\u00e9licate, aussi belle que d\u00e9licieuse.<\/li>\n\n\n\n<li><strong>Une bouch\u00e9e de vitalit\u00e9 \u00e0 savourer avec plaisir !<\/strong><\/li>\n<\/ul>\n\n\n<div class=\"wp-block-image\">\n<figure class=\"aligncenter size-large is-resized\"><img loading=\"lazy\" decoding=\"async\" width=\"1024\" height=\"724\" src=\"http:\/\/aubellys.fr\/wp-content\/uploads\/2026\/01\/crackers-deshydrates-crus-aubellys-fabrication-artisanale-tarn-1024x724.jpg\" alt=\"\" class=\"wp-image-1261\" style=\"aspect-ratio:1.4143878287100793;width:417px;height:auto\" srcset=\"https:\/\/aubellys.fr\/wp-content\/uploads\/2026\/01\/crackers-deshydrates-crus-aubellys-fabrication-artisanale-tarn-1024x724.jpg 1024w, https:\/\/aubellys.fr\/wp-content\/uploads\/2026\/01\/crackers-deshydrates-crus-aubellys-fabrication-artisanale-tarn-300x212.jpg 300w, https:\/\/aubellys.fr\/wp-content\/uploads\/2026\/01\/crackers-deshydrates-crus-aubellys-fabrication-artisanale-tarn-768x543.jpg 768w, https:\/\/aubellys.fr\/wp-content\/uploads\/2026\/01\/crackers-deshydrates-crus-aubellys-fabrication-artisanale-tarn-1536x1086.jpg 1536w, https:\/\/aubellys.fr\/wp-content\/uploads\/2026\/01\/crackers-deshydrates-crus-aubellys-fabrication-artisanale-tarn.jpg 2000w\" sizes=\"auto, (max-width: 706px) 89vw, (max-width: 767px) 82vw, 740px\" \/><\/figure>\n<\/div>","protected":false},"excerpt":{"rendered":"<p>Crackers D\u00e9shydrat\u00e9s Carottes Oignon Lin Ils mettent en valeur la carotte, douce et croquante, l\u2019oignon rouge et les graines de lin, riches en om\u00e9ga-3 sont sublim\u00e9s par une d\u00e9shydratation douce \u00e0 basse temp\u00e9rature. Sans cuisson, D\u00e9shydrat\u00e9s ils gardent toute leur fra\u00eecheur et leurs nutriments, pour un en-cas vivant, l\u00e9ger et savoureux.<\/p>\n","protected":false},"author":1,"featured_media":0,"parent":0,"menu_order":0,"comment_status":"closed","ping_status":"closed","template":"","meta":{"inline_featured_image":false,"footnotes":""},"class_list":["post-490","page","type-page","status-publish","hentry"],"_links":{"self":[{"href":"https:\/\/aubellys.fr\/index.php\/wp-json\/wp\/v2\/pages\/490","targetHints":{"allow":["GET"]}}],"collection":[{"href":"https:\/\/aubellys.fr\/index.php\/wp-json\/wp\/v2\/pages"}],"about":[{"href":"https:\/\/aubellys.fr\/index.php\/wp-json\/wp\/v2\/types\/page"}],"author":[{"embeddable":true,"href":"https:\/\/aubellys.fr\/index.php\/wp-json\/wp\/v2\/users\/1"}],"replies":[{"embeddable":true,"href":"https:\/\/aubellys.fr\/index.php\/wp-json\/wp\/v2\/comments?post=490"}],"version-history":[{"count":7,"href":"https:\/\/aubellys.fr\/index.php\/wp-json\/wp\/v2\/pages\/490\/revisions"}],"predecessor-version":[{"id":1265,"href":"https:\/\/aubellys.fr\/index.php\/wp-json\/wp\/v2\/pages\/490\/revisions\/1265"}],"wp:attachment":[{"href":"https:\/\/aubellys.fr\/index.php\/wp-json\/wp\/v2\/media?parent=490"}],"curies":[{"name":"wp","href":"https:\/\/api.w.org\/{rel}","templated":true}]}}