{"id":541,"date":"2025-08-31T08:37:50","date_gmt":"2025-08-31T06:37:50","guid":{"rendered":"https:\/\/aubellys.fr\/?page_id=541"},"modified":"2025-10-18T19:56:56","modified_gmt":"2025-10-18T17:56:56","slug":"mini-cookies-chocolat-sarrasin-fleur-d-oranger","status":"publish","type":"page","link":"https:\/\/aubellys.fr\/index.php\/mini-cookies-chocolat-sarrasin-fleur-d-oranger\/","title":{"rendered":"MINI COOKIES Chocolat Sarrasin Fleur D&rsquo; Oranger"},"content":{"rendered":"\n<h2 class=\"wp-block-heading\"><strong>Recette 100% v\u00e9g\u00e9tale et peu sucr\u00e9e, IG bas.<\/strong><\/h2>\n\n\n\n<p>Plongez dans l\u2019univers intense et raffin\u00e9 de ces cookies o\u00f9 le chocolat noir profond 70%rencontre la farine de sarrasin riche en saveur et naturellement sans gluten. La fleur d\u2019oranger, d\u00e9licate et parfum\u00e9e apporte une note florale subtile et une texture fondante gr\u00e2ce \u00e0 l\u2019huile de coco.<\/p>\n\n\n\n<h5 class=\"wp-block-heading\">Une harmonie de texture et d\u2019ar\u00f4mes, pour une pause gourmande alliant plaisir et bien-\u00eatre pour savourer chaque instant sans culpabilit\u00e9.<\/h5>\n\n\n\n<p>Sans Gluten et V\u00e9gan (sans produit issus des animaux).<\/p>\n\n\n\n<p>Ingr\u00e9dients locaux, de qualit\u00e9 et biologiques.<\/p>\n\n\n<div class=\"wp-block-image\">\n<figure class=\"aligncenter size-large\"><img loading=\"lazy\" decoding=\"async\" width=\"724\" height=\"1024\" src=\"http:\/\/aubellys.fr\/wp-content\/uploads\/2025\/10\/Mini-cookiesSarrasin-Fleur-dO-724x1024.png\" alt=\"\" class=\"wp-image-945\" srcset=\"https:\/\/aubellys.fr\/wp-content\/uploads\/2025\/10\/Mini-cookiesSarrasin-Fleur-dO-724x1024.png 724w, https:\/\/aubellys.fr\/wp-content\/uploads\/2025\/10\/Mini-cookiesSarrasin-Fleur-dO-212x300.png 212w, https:\/\/aubellys.fr\/wp-content\/uploads\/2025\/10\/Mini-cookiesSarrasin-Fleur-dO-768x1086.png 768w, https:\/\/aubellys.fr\/wp-content\/uploads\/2025\/10\/Mini-cookiesSarrasin-Fleur-dO-1086x1536.png 1086w, https:\/\/aubellys.fr\/wp-content\/uploads\/2025\/10\/Mini-cookiesSarrasin-Fleur-dO.png 1414w\" sizes=\"auto, (max-width: 724px) 100vw, 724px\" \/><\/figure>\n<\/div>\n\n<div class=\"wp-block-image\">\n<figure class=\"aligncenter size-large is-resized\"><img loading=\"lazy\" decoding=\"async\" width=\"1024\" height=\"724\" src=\"http:\/\/aubellys.fr\/wp-content\/uploads\/2025\/08\/affiche-biscuit-chocolat-sarrasin-fleur-d-oranger-aubellys-1-1024x724.png\" alt=\"\" class=\"wp-image-589\" style=\"width:429px;height:auto\" srcset=\"https:\/\/aubellys.fr\/wp-content\/uploads\/2025\/08\/affiche-biscuit-chocolat-sarrasin-fleur-d-oranger-aubellys-1-1024x724.png 1024w, https:\/\/aubellys.fr\/wp-content\/uploads\/2025\/08\/affiche-biscuit-chocolat-sarrasin-fleur-d-oranger-aubellys-1-300x212.png 300w, https:\/\/aubellys.fr\/wp-content\/uploads\/2025\/08\/affiche-biscuit-chocolat-sarrasin-fleur-d-oranger-aubellys-1-768x543.png 768w, https:\/\/aubellys.fr\/wp-content\/uploads\/2025\/08\/affiche-biscuit-chocolat-sarrasin-fleur-d-oranger-aubellys-1-1536x1086.png 1536w, https:\/\/aubellys.fr\/wp-content\/uploads\/2025\/08\/affiche-biscuit-chocolat-sarrasin-fleur-d-oranger-aubellys-1.png 2000w\" sizes=\"auto, (max-width: 706px) 89vw, (max-width: 767px) 82vw, 740px\" \/><\/figure>\n<\/div>\n\n\n<p><em>Atelier de fabrication utilisant du gluten<\/em><\/p>\n","protected":false},"excerpt":{"rendered":"<p>Recette 100% v\u00e9g\u00e9tale et peu sucr\u00e9e, IG bas. Plongez dans l\u2019univers intense et raffin\u00e9 de ces cookies o\u00f9 le chocolat noir profond 70%rencontre la farine de sarrasin riche en saveur et naturellement sans gluten. La fleur d\u2019oranger, d\u00e9licate et parfum\u00e9e apporte une note florale subtile et une texture fondante gr\u00e2ce \u00e0 l\u2019huile de coco. Une &hellip; <\/p>\n<p class=\"link-more\"><a href=\"https:\/\/aubellys.fr\/index.php\/mini-cookies-chocolat-sarrasin-fleur-d-oranger\/\" class=\"more-link\">Continuer la lecture<span class=\"screen-reader-text\"> de &laquo;&nbsp;MINI COOKIES Chocolat Sarrasin Fleur D&rsquo; Oranger&nbsp;&raquo;<\/span><\/a><\/p>\n","protected":false},"author":1,"featured_media":0,"parent":0,"menu_order":0,"comment_status":"closed","ping_status":"closed","template":"","meta":{"inline_featured_image":false,"footnotes":""},"class_list":["post-541","page","type-page","status-publish","hentry"],"_links":{"self":[{"href":"https:\/\/aubellys.fr\/index.php\/wp-json\/wp\/v2\/pages\/541","targetHints":{"allow":["GET"]}}],"collection":[{"href":"https:\/\/aubellys.fr\/index.php\/wp-json\/wp\/v2\/pages"}],"about":[{"href":"https:\/\/aubellys.fr\/index.php\/wp-json\/wp\/v2\/types\/page"}],"author":[{"embeddable":true,"href":"https:\/\/aubellys.fr\/index.php\/wp-json\/wp\/v2\/users\/1"}],"replies":[{"embeddable":true,"href":"https:\/\/aubellys.fr\/index.php\/wp-json\/wp\/v2\/comments?post=541"}],"version-history":[{"count":7,"href":"https:\/\/aubellys.fr\/index.php\/wp-json\/wp\/v2\/pages\/541\/revisions"}],"predecessor-version":[{"id":947,"href":"https:\/\/aubellys.fr\/index.php\/wp-json\/wp\/v2\/pages\/541\/revisions\/947"}],"wp:attachment":[{"href":"https:\/\/aubellys.fr\/index.php\/wp-json\/wp\/v2\/media?parent=541"}],"curies":[{"name":"wp","href":"https:\/\/api.w.org\/{rel}","templated":true}]}}