{"id":549,"date":"2025-08-31T10:13:41","date_gmt":"2025-08-31T08:13:41","guid":{"rendered":"https:\/\/aubellys.fr\/?page_id=549"},"modified":"2025-09-17T15:42:25","modified_gmt":"2025-09-17T13:42:25","slug":"biscuits-amande-verveine-melisse","status":"publish","type":"page","link":"https:\/\/aubellys.fr\/index.php\/biscuits-amande-verveine-melisse\/","title":{"rendered":"BISCUITS AMANDE VERVEINE MELISSE"},"content":{"rendered":"\n<p>Biscuits gourmands et l\u00e9gers o\u00f9 les amandes dansent avec la fraicheur de la verveine et la m\u00e9lisse apaisante avec l\u2019alliance d\u00e9licate de la farine de petit \u00e9peautre compl\u00e8te qui s\u2019harmonise avec la rondeur du beurre et le go\u00fbt caram\u00e9lis\u00e9 du sucre de fleur de coco.<\/p>\n\n\n\n<p>Une recette peu sucr\u00e9e, bienfaisante et respectueuse de votre \u00e9nergie, avec un indice glyc\u00e9mique faible.<\/p>\n\n\n\n<p>Un d\u00e9lice sain, qui transforme votre pause en un moment de douceur, de plaisir pour les papilles et de l\u00e9g\u00e8ret\u00e9.<\/p>\n\n\n\n<p>IG bas : indice glyc\u00e9mique faible<\/p>\n\n\n\n<p>Ingr\u00e9dients locaux, de qualit\u00e9 et biologiques.<\/p>\n\n\n<div class=\"wp-block-image\">\n<figure class=\"aligncenter size-large is-resized\"><img loading=\"lazy\" decoding=\"async\" width=\"794\" height=\"1123\" src=\"http:\/\/aubellys.fr\/wp-content\/uploads\/2025\/09\/aFFICHE-SITE-BISCUIT-AMANDE-VERVEINE-MELISSE-AUBELLYS.svg\" alt=\"\" class=\"wp-image-820\" style=\"width:583px;height:auto\"\/><\/figure>\n<\/div>\n\n<div class=\"wp-block-image\">\n<figure class=\"aligncenter size-large is-resized\"><img loading=\"lazy\" decoding=\"async\" width=\"1024\" height=\"724\" src=\"http:\/\/aubellys.fr\/wp-content\/uploads\/2025\/08\/affiche-B-amande-V-M--1024x724.jpg\" alt=\"\" class=\"wp-image-550\" style=\"width:450px;height:auto\" srcset=\"https:\/\/aubellys.fr\/wp-content\/uploads\/2025\/08\/affiche-B-amande-V-M--1024x724.jpg 1024w, https:\/\/aubellys.fr\/wp-content\/uploads\/2025\/08\/affiche-B-amande-V-M--300x212.jpg 300w, https:\/\/aubellys.fr\/wp-content\/uploads\/2025\/08\/affiche-B-amande-V-M--768x543.jpg 768w, https:\/\/aubellys.fr\/wp-content\/uploads\/2025\/08\/affiche-B-amande-V-M--1536x1086.jpg 1536w, https:\/\/aubellys.fr\/wp-content\/uploads\/2025\/08\/affiche-B-amande-V-M-.jpg 2000w\" sizes=\"auto, (max-width: 706px) 89vw, (max-width: 767px) 82vw, 740px\" \/><\/figure>\n<\/div>\n\n\n<p><\/p>\n","protected":false},"excerpt":{"rendered":"<p>Biscuits gourmands et l\u00e9gers o\u00f9 les amandes dansent avec la fraicheur de la verveine et la m\u00e9lisse apaisante avec l\u2019alliance d\u00e9licate de la farine de petit \u00e9peautre compl\u00e8te qui s\u2019harmonise avec la rondeur du beurre et le go\u00fbt caram\u00e9lis\u00e9 du sucre de fleur de coco. Une recette peu sucr\u00e9e, bienfaisante et respectueuse de votre \u00e9nergie, &hellip; <\/p>\n<p class=\"link-more\"><a href=\"https:\/\/aubellys.fr\/index.php\/biscuits-amande-verveine-melisse\/\" class=\"more-link\">Continuer la lecture<span class=\"screen-reader-text\"> de &laquo;&nbsp;BISCUITS AMANDE VERVEINE MELISSE&nbsp;&raquo;<\/span><\/a><\/p>\n","protected":false},"author":1,"featured_media":0,"parent":0,"menu_order":0,"comment_status":"closed","ping_status":"closed","template":"","meta":{"inline_featured_image":false,"footnotes":""},"class_list":["post-549","page","type-page","status-publish","hentry"],"_links":{"self":[{"href":"https:\/\/aubellys.fr\/index.php\/wp-json\/wp\/v2\/pages\/549","targetHints":{"allow":["GET"]}}],"collection":[{"href":"https:\/\/aubellys.fr\/index.php\/wp-json\/wp\/v2\/pages"}],"about":[{"href":"https:\/\/aubellys.fr\/index.php\/wp-json\/wp\/v2\/types\/page"}],"author":[{"embeddable":true,"href":"https:\/\/aubellys.fr\/index.php\/wp-json\/wp\/v2\/users\/1"}],"replies":[{"embeddable":true,"href":"https:\/\/aubellys.fr\/index.php\/wp-json\/wp\/v2\/comments?post=549"}],"version-history":[{"count":2,"href":"https:\/\/aubellys.fr\/index.php\/wp-json\/wp\/v2\/pages\/549\/revisions"}],"predecessor-version":[{"id":822,"href":"https:\/\/aubellys.fr\/index.php\/wp-json\/wp\/v2\/pages\/549\/revisions\/822"}],"wp:attachment":[{"href":"https:\/\/aubellys.fr\/index.php\/wp-json\/wp\/v2\/media?parent=549"}],"curies":[{"name":"wp","href":"https:\/\/api.w.org\/{rel}","templated":true}]}}