{"id":555,"date":"2025-08-31T10:26:18","date_gmt":"2025-08-31T08:26:18","guid":{"rendered":"https:\/\/aubellys.fr\/?page_id=555"},"modified":"2025-10-18T20:08:31","modified_gmt":"2025-10-18T18:08:31","slug":"555-2","status":"publish","type":"page","link":"https:\/\/aubellys.fr\/index.php\/555-2\/","title":{"rendered":"BISCUITS NOISETTE CAFE D&rsquo;ORGE"},"content":{"rendered":"\n<h2 class=\"wp-block-heading\"><strong>Parfait pour accompagner un caf\u00e9 ou simplement c\u00e9l\u00e9brer les petites joies du quotidien.<\/strong><\/h2>\n\n\n\n<p>Des biscuits envoutants, o\u00f9 la <strong>noisette<\/strong> d\u00e9ploie ces aromes grill\u00e9s et onctueux, tandis que le <strong>caf\u00e9 d\u2019orge<\/strong> apporte une touche torr\u00e9fi\u00e9e et r\u00e9confortante. La douceur de la <strong>farine de petite \u00e9peautre compl\u00e8te<\/strong> s\u2019unit au <strong>sucre de canne complet<\/strong> pour une saveur caram\u00e9lis\u00e9e et naturelle.<\/p>\n\n\n\n<h5 class=\"wp-block-heading\">Une recette r\u00e9duite en sucre , \u00e9quilibr\u00e9e pour un plaisir authentique et bienfaisant, aux saveurs simples et g\u00e9n\u00e9reuses, avec un indice glyc\u00e9mique bas.<\/h5>\n\n\n\n<p>Sans \u0153uf, Sans caf\u00e9ine<\/p>\n\n\n\n<p>Ingr\u00e9dients locaux, de qualit\u00e9 et biologiques.<\/p>\n\n\n<div class=\"wp-block-image\">\n<figure class=\"aligncenter size-large is-resized\"><img loading=\"lazy\" decoding=\"async\" width=\"724\" height=\"1024\" src=\"http:\/\/aubellys.fr\/wp-content\/uploads\/2025\/10\/biscuits-noisette-cafe-dorge-724x1024.png\" alt=\"\" class=\"wp-image-949\" style=\"width:595px;height:auto\" srcset=\"https:\/\/aubellys.fr\/wp-content\/uploads\/2025\/10\/biscuits-noisette-cafe-dorge-724x1024.png 724w, https:\/\/aubellys.fr\/wp-content\/uploads\/2025\/10\/biscuits-noisette-cafe-dorge-212x300.png 212w, https:\/\/aubellys.fr\/wp-content\/uploads\/2025\/10\/biscuits-noisette-cafe-dorge-768x1086.png 768w, https:\/\/aubellys.fr\/wp-content\/uploads\/2025\/10\/biscuits-noisette-cafe-dorge-1086x1536.png 1086w, https:\/\/aubellys.fr\/wp-content\/uploads\/2025\/10\/biscuits-noisette-cafe-dorge.png 1414w\" sizes=\"auto, (max-width: 724px) 100vw, 724px\" \/><\/figure>\n<\/div>\n\n<div class=\"wp-block-image\">\n<figure class=\"aligncenter size-large is-resized\"><img loading=\"lazy\" decoding=\"async\" width=\"768\" height=\"1024\" src=\"http:\/\/aubellys.fr\/wp-content\/uploads\/2025\/08\/IMG_2339-768x1024.jpg\" alt=\"\" class=\"wp-image-560\" style=\"width:287px;height:auto\" srcset=\"https:\/\/aubellys.fr\/wp-content\/uploads\/2025\/08\/IMG_2339-768x1024.jpg 768w, https:\/\/aubellys.fr\/wp-content\/uploads\/2025\/08\/IMG_2339-225x300.jpg 225w, https:\/\/aubellys.fr\/wp-content\/uploads\/2025\/08\/IMG_2339-1152x1536.jpg 1152w, https:\/\/aubellys.fr\/wp-content\/uploads\/2025\/08\/IMG_2339-1536x2048.jpg 1536w, https:\/\/aubellys.fr\/wp-content\/uploads\/2025\/08\/IMG_2339-scaled.jpg 1920w\" sizes=\"auto, (max-width: 706px) 89vw, (max-width: 767px) 82vw, 740px\" \/><\/figure>\n<\/div>","protected":false},"excerpt":{"rendered":"<p>Parfait pour accompagner un caf\u00e9 ou simplement c\u00e9l\u00e9brer les petites joies du quotidien. Des biscuits envoutants, o\u00f9 la noisette d\u00e9ploie ces aromes grill\u00e9s et onctueux, tandis que le caf\u00e9 d\u2019orge apporte une touche torr\u00e9fi\u00e9e et r\u00e9confortante. La douceur de la farine de petite \u00e9peautre compl\u00e8te s\u2019unit au sucre de canne complet pour une saveur caram\u00e9lis\u00e9e &hellip; <\/p>\n<p class=\"link-more\"><a href=\"https:\/\/aubellys.fr\/index.php\/555-2\/\" class=\"more-link\">Continuer la lecture<span class=\"screen-reader-text\"> de &laquo;&nbsp;BISCUITS NOISETTE CAFE D&rsquo;ORGE&nbsp;&raquo;<\/span><\/a><\/p>\n","protected":false},"author":1,"featured_media":0,"parent":0,"menu_order":0,"comment_status":"closed","ping_status":"closed","template":"","meta":{"inline_featured_image":false,"footnotes":""},"class_list":["post-555","page","type-page","status-publish","hentry"],"_links":{"self":[{"href":"https:\/\/aubellys.fr\/index.php\/wp-json\/wp\/v2\/pages\/555","targetHints":{"allow":["GET"]}}],"collection":[{"href":"https:\/\/aubellys.fr\/index.php\/wp-json\/wp\/v2\/pages"}],"about":[{"href":"https:\/\/aubellys.fr\/index.php\/wp-json\/wp\/v2\/types\/page"}],"author":[{"embeddable":true,"href":"https:\/\/aubellys.fr\/index.php\/wp-json\/wp\/v2\/users\/1"}],"replies":[{"embeddable":true,"href":"https:\/\/aubellys.fr\/index.php\/wp-json\/wp\/v2\/comments?post=555"}],"version-history":[{"count":6,"href":"https:\/\/aubellys.fr\/index.php\/wp-json\/wp\/v2\/pages\/555\/revisions"}],"predecessor-version":[{"id":953,"href":"https:\/\/aubellys.fr\/index.php\/wp-json\/wp\/v2\/pages\/555\/revisions\/953"}],"wp:attachment":[{"href":"https:\/\/aubellys.fr\/index.php\/wp-json\/wp\/v2\/media?parent=555"}],"curies":[{"name":"wp","href":"https:\/\/api.w.org\/{rel}","templated":true}]}}