{"id":565,"date":"2025-08-31T10:33:57","date_gmt":"2025-08-31T08:33:57","guid":{"rendered":"https:\/\/aubellys.fr\/?page_id=565"},"modified":"2025-09-17T15:42:45","modified_gmt":"2025-09-17T13:42:45","slug":"biscuit-lavande","status":"publish","type":"page","link":"https:\/\/aubellys.fr\/index.php\/biscuit-lavande\/","title":{"rendered":"BISCUIT LAVANDE"},"content":{"rendered":"\n<p><strong>Chaque bouch\u00e9e est une invitation \u00e0 la d\u00e9tente, un moment de douceur o\u00f9 le sucr\u00e9 rencontre la s\u00e9r\u00e9nit\u00e9.<\/strong><\/p>\n\n\n\n<p>Ces biscuits sont une ode \u00e0 la Provence avec la lavande d\u00e9licatement parfum\u00e9e aux vertus relaxante et digestive qui s\u2019unit avec la farine de petit \u00e9peautre compl\u00e8te, douce et nourrissante. Le sucre de canne complet au go\u00fbt rond, compl\u00e8te cette recette respectueuse et bienfaisante avec un indice glyc\u00e9mique faible, peu sucr\u00e9e.<\/p>\n\n\n\n<p>Parfaits pour accompagner un th\u00e9 ou simplement embellir vos journ\u00e9es d\u2019une touche florale et gourmande.<\/p>\n\n\n\n<p>IG bas : indice glyc\u00e9mique faible<\/p>\n\n\n\n<p>Ingr\u00e9dients locaux, de qualit\u00e9 et biologiques.<\/p>\n\n\n<div class=\"wp-block-image\">\n<figure class=\"aligncenter size-large\"><img loading=\"lazy\" decoding=\"async\" width=\"724\" height=\"1024\" src=\"http:\/\/aubellys.fr\/wp-content\/uploads\/2025\/09\/Affiche-BIS-lavande-aubellys-724x1024.png\" alt=\"\" class=\"wp-image-818\" srcset=\"https:\/\/aubellys.fr\/wp-content\/uploads\/2025\/09\/Affiche-BIS-lavande-aubellys-724x1024.png 724w, https:\/\/aubellys.fr\/wp-content\/uploads\/2025\/09\/Affiche-BIS-lavande-aubellys-212x300.png 212w, https:\/\/aubellys.fr\/wp-content\/uploads\/2025\/09\/Affiche-BIS-lavande-aubellys-768x1086.png 768w, https:\/\/aubellys.fr\/wp-content\/uploads\/2025\/09\/Affiche-BIS-lavande-aubellys-1086x1536.png 1086w, https:\/\/aubellys.fr\/wp-content\/uploads\/2025\/09\/Affiche-BIS-lavande-aubellys.png 1414w\" sizes=\"auto, (max-width: 724px) 100vw, 724px\" \/><\/figure>\n<\/div>","protected":false},"excerpt":{"rendered":"<p>Chaque bouch\u00e9e est une invitation \u00e0 la d\u00e9tente, un moment de douceur o\u00f9 le sucr\u00e9 rencontre la s\u00e9r\u00e9nit\u00e9. Ces biscuits sont une ode \u00e0 la Provence avec la lavande d\u00e9licatement parfum\u00e9e aux vertus relaxante et digestive qui s\u2019unit avec la farine de petit \u00e9peautre compl\u00e8te, douce et nourrissante. Le sucre de canne complet au go\u00fbt &hellip; <\/p>\n<p class=\"link-more\"><a href=\"https:\/\/aubellys.fr\/index.php\/biscuit-lavande\/\" class=\"more-link\">Continuer la lecture<span class=\"screen-reader-text\"> de &laquo;&nbsp;BISCUIT LAVANDE&nbsp;&raquo;<\/span><\/a><\/p>\n","protected":false},"author":1,"featured_media":0,"parent":0,"menu_order":0,"comment_status":"closed","ping_status":"closed","template":"","meta":{"inline_featured_image":false,"footnotes":""},"class_list":["post-565","page","type-page","status-publish","hentry"],"_links":{"self":[{"href":"https:\/\/aubellys.fr\/index.php\/wp-json\/wp\/v2\/pages\/565","targetHints":{"allow":["GET"]}}],"collection":[{"href":"https:\/\/aubellys.fr\/index.php\/wp-json\/wp\/v2\/pages"}],"about":[{"href":"https:\/\/aubellys.fr\/index.php\/wp-json\/wp\/v2\/types\/page"}],"author":[{"embeddable":true,"href":"https:\/\/aubellys.fr\/index.php\/wp-json\/wp\/v2\/users\/1"}],"replies":[{"embeddable":true,"href":"https:\/\/aubellys.fr\/index.php\/wp-json\/wp\/v2\/comments?post=565"}],"version-history":[{"count":4,"href":"https:\/\/aubellys.fr\/index.php\/wp-json\/wp\/v2\/pages\/565\/revisions"}],"predecessor-version":[{"id":823,"href":"https:\/\/aubellys.fr\/index.php\/wp-json\/wp\/v2\/pages\/565\/revisions\/823"}],"wp:attachment":[{"href":"https:\/\/aubellys.fr\/index.php\/wp-json\/wp\/v2\/media?parent=565"}],"curies":[{"name":"wp","href":"https:\/\/api.w.org\/{rel}","templated":true}]}}