{"id":596,"date":"2025-08-31T11:45:35","date_gmt":"2025-08-31T09:45:35","guid":{"rendered":"https:\/\/aubellys.fr\/?page_id=596"},"modified":"2026-03-26T17:11:24","modified_gmt":"2026-03-26T16:11:24","slug":"biscuit-floral","status":"publish","type":"page","link":"https:\/\/aubellys.fr\/index.php\/biscuit-floral\/","title":{"rendered":"BISCUIT FLORAL"},"content":{"rendered":"\n<figure class=\"wp-block-image size-full is-resized\"><img loading=\"lazy\" decoding=\"async\" width=\"525\" height=\"700\" src=\"http:\/\/aubellys.fr\/wp-content\/uploads\/2026\/03\/Coffret-biscuits-assortiment-IG-bas-Aubellys-biscuiterie-artisanale-rotated.jpg\" alt=\"\" class=\"wp-image-1512\" style=\"width:221px;height:auto\" srcset=\"https:\/\/aubellys.fr\/wp-content\/uploads\/2026\/03\/Coffret-biscuits-assortiment-IG-bas-Aubellys-biscuiterie-artisanale-rotated.jpg 525w, https:\/\/aubellys.fr\/wp-content\/uploads\/2026\/03\/Coffret-biscuits-assortiment-IG-bas-Aubellys-biscuiterie-artisanale-225x300.jpg 225w\" sizes=\"auto, (max-width: 525px) 100vw, 525px\" \/><\/figure>\n\n\n\n<h2 class=\"wp-block-heading\"><strong>Savourez une \u0153uvre d\u2019art culinaire o\u00f9 chaque bouch\u00e9e est une c\u00e9l\u00e9bration de la nature.<\/strong><\/h2>\n\n\n\n<p>Ces petits sabl\u00e9s aux fleurs comestibles, un plaisir bienfaisant avec l\u2019indice glyc\u00e9mique faible, recette po\u00e9tique et respectueuse de votre \u00e9nergie.<\/p>\n\n\n\n<figure class=\"wp-block-gallery has-nested-images columns-default is-cropped wp-block-gallery-1 is-layout-flex wp-block-gallery-is-layout-flex\">\n<figure class=\"wp-block-image size-large\"><img loading=\"lazy\" decoding=\"async\" width=\"768\" height=\"1024\" data-id=\"296\" src=\"https:\/\/aubellys.fr\/wp-content\/uploads\/2025\/05\/biscuit-mamandouble-768x1024.jpg\" alt=\"\" class=\"wp-image-296\" srcset=\"https:\/\/aubellys.fr\/wp-content\/uploads\/2025\/05\/biscuit-mamandouble-768x1024.jpg 768w, https:\/\/aubellys.fr\/wp-content\/uploads\/2025\/05\/biscuit-mamandouble-225x300.jpg 225w, https:\/\/aubellys.fr\/wp-content\/uploads\/2025\/05\/biscuit-mamandouble-1152x1536.jpg 1152w, https:\/\/aubellys.fr\/wp-content\/uploads\/2025\/05\/biscuit-mamandouble-1536x2048.jpg 1536w, https:\/\/aubellys.fr\/wp-content\/uploads\/2025\/05\/biscuit-mamandouble.jpg 1548w\" sizes=\"auto, (max-width: 706px) 89vw, (max-width: 767px) 82vw, 740px\" \/><\/figure>\n\n\n\n<figure class=\"wp-block-image size-large\"><img loading=\"lazy\" decoding=\"async\" width=\"768\" height=\"1024\" data-id=\"361\" src=\"https:\/\/aubellys.fr\/wp-content\/uploads\/2025\/08\/IMG_2810-768x1024.jpg\" alt=\"\" class=\"wp-image-361\" srcset=\"https:\/\/aubellys.fr\/wp-content\/uploads\/2025\/08\/IMG_2810-768x1024.jpg 768w, https:\/\/aubellys.fr\/wp-content\/uploads\/2025\/08\/IMG_2810-225x300.jpg 225w, https:\/\/aubellys.fr\/wp-content\/uploads\/2025\/08\/IMG_2810-1152x1536.jpg 1152w, https:\/\/aubellys.fr\/wp-content\/uploads\/2025\/08\/IMG_2810-1536x2048.jpg 1536w, https:\/\/aubellys.fr\/wp-content\/uploads\/2025\/08\/IMG_2810-scaled.jpg 1920w\" sizes=\"auto, (max-width: 706px) 89vw, (max-width: 767px) 82vw, 740px\" \/><\/figure>\n\n\n\n<figure class=\"wp-block-image size-large\"><img loading=\"lazy\" decoding=\"async\" width=\"768\" height=\"1024\" data-id=\"1357\" src=\"http:\/\/aubellys.fr\/wp-content\/uploads\/2026\/03\/biscuits-floraux-personnalise-IG-bas-Aubellys-sans-gluten-768x1024.jpg\" alt=\"\" class=\"wp-image-1357\" srcset=\"https:\/\/aubellys.fr\/wp-content\/uploads\/2026\/03\/biscuits-floraux-personnalise-IG-bas-Aubellys-sans-gluten-768x1024.jpg 768w, https:\/\/aubellys.fr\/wp-content\/uploads\/2026\/03\/biscuits-floraux-personnalise-IG-bas-Aubellys-sans-gluten-225x300.jpg 225w, https:\/\/aubellys.fr\/wp-content\/uploads\/2026\/03\/biscuits-floraux-personnalise-IG-bas-Aubellys-sans-gluten-1152x1536.jpg 1152w, https:\/\/aubellys.fr\/wp-content\/uploads\/2026\/03\/biscuits-floraux-personnalise-IG-bas-Aubellys-sans-gluten-1536x2048.jpg 1536w, https:\/\/aubellys.fr\/wp-content\/uploads\/2026\/03\/biscuits-floraux-personnalise-IG-bas-Aubellys-sans-gluten-scaled.jpg 1920w\" sizes=\"auto, (max-width: 706px) 89vw, (max-width: 767px) 82vw, 740px\" \/><\/figure>\n\n\n\n<figure class=\"wp-block-image size-large\"><img loading=\"lazy\" decoding=\"async\" width=\"768\" height=\"1024\" data-id=\"295\" src=\"https:\/\/aubellys.fr\/wp-content\/uploads\/2025\/05\/biscuits-floraux-768x1024.jpg\" alt=\"\" class=\"wp-image-295\" srcset=\"https:\/\/aubellys.fr\/wp-content\/uploads\/2025\/05\/biscuits-floraux-768x1024.jpg 768w, https:\/\/aubellys.fr\/wp-content\/uploads\/2025\/05\/biscuits-floraux-225x300.jpg 225w, https:\/\/aubellys.fr\/wp-content\/uploads\/2025\/05\/biscuits-floraux-1152x1536.jpg 1152w, https:\/\/aubellys.fr\/wp-content\/uploads\/2025\/05\/biscuits-floraux-1536x2048.jpg 1536w, https:\/\/aubellys.fr\/wp-content\/uploads\/2025\/05\/biscuits-floraux.jpg 1548w\" sizes=\"auto, (max-width: 706px) 89vw, (max-width: 767px) 82vw, 740px\" \/><\/figure>\n\n\n\n<figure class=\"wp-block-image size-large\"><img loading=\"lazy\" decoding=\"async\" width=\"768\" height=\"1024\" data-id=\"1345\" src=\"http:\/\/aubellys.fr\/wp-content\/uploads\/2026\/03\/biscuit-floral-personnalise-IG-bas-mariage-naissance-Aubellys-768x1024.jpg\" alt=\"\" class=\"wp-image-1345\" srcset=\"https:\/\/aubellys.fr\/wp-content\/uploads\/2026\/03\/biscuit-floral-personnalise-IG-bas-mariage-naissance-Aubellys-768x1024.jpg 768w, https:\/\/aubellys.fr\/wp-content\/uploads\/2026\/03\/biscuit-floral-personnalise-IG-bas-mariage-naissance-Aubellys-225x300.jpg 225w, https:\/\/aubellys.fr\/wp-content\/uploads\/2026\/03\/biscuit-floral-personnalise-IG-bas-mariage-naissance-Aubellys-1152x1536.jpg 1152w, https:\/\/aubellys.fr\/wp-content\/uploads\/2026\/03\/biscuit-floral-personnalise-IG-bas-mariage-naissance-Aubellys-1536x2048.jpg 1536w, https:\/\/aubellys.fr\/wp-content\/uploads\/2026\/03\/biscuit-floral-personnalise-IG-bas-mariage-naissance-Aubellys-scaled.jpg 1920w\" sizes=\"auto, (max-width: 706px) 89vw, (max-width: 767px) 82vw, 740px\" \/><\/figure>\n\n\n\n<figure class=\"wp-block-image size-large\"><img loading=\"lazy\" decoding=\"async\" width=\"768\" height=\"1024\" data-id=\"360\" src=\"https:\/\/aubellys.fr\/wp-content\/uploads\/2025\/08\/biscuits-personnalises-768x1024.jpg\" alt=\"\" class=\"wp-image-360\" srcset=\"https:\/\/aubellys.fr\/wp-content\/uploads\/2025\/08\/biscuits-personnalises-768x1024.jpg 768w, https:\/\/aubellys.fr\/wp-content\/uploads\/2025\/08\/biscuits-personnalises-225x300.jpg 225w, https:\/\/aubellys.fr\/wp-content\/uploads\/2025\/08\/biscuits-personnalises-1152x1536.jpg 1152w, https:\/\/aubellys.fr\/wp-content\/uploads\/2025\/08\/biscuits-personnalises-rotated.jpg 1330w\" sizes=\"auto, (max-width: 706px) 89vw, (max-width: 767px) 82vw, 740px\" \/><\/figure>\n<\/figure>\n\n\n\n<h2 class=\"wp-block-heading\"><strong>Chaque cr\u00e9ation est une promesse de douceur, une pause enchant\u00e9e o\u00f9 la po\u00e9sie des fleurs rencontre la gourmandise culinaire.<\/strong><\/h2>\n\n\n\n<p><strong>Ingr\u00e9dient locaux, de qualit\u00e9 et biologiques<\/strong> en circuit court.<\/p>\n\n\n\n<p>Recettes avec la farine de <strong>petit \u00e9peautre<\/strong> et des farines <strong>sans gluten<\/strong>.<\/p>\n\n\n\n<p><strong>IG bas : <\/strong>indice glyc\u00e9mique faible pour une \u00e9nergie stable<\/p>\n\n\n\n<div class=\"wp-block-group is-layout-grid wp-container-core-group-is-layout-9649a0d9 wp-block-group-is-layout-grid\">\n<figure class=\"wp-block-image size-full\"><img loading=\"lazy\" decoding=\"async\" width=\"300\" height=\"400\" src=\"https:\/\/aubellys.fr\/wp-content\/uploads\/2026\/03\/Biscuit-floral-forme-fleur-IG-bas-Biscuiterie-tarn-agout-Aubellys-1.jpg\" alt=\"\" class=\"wp-image-1490\" srcset=\"https:\/\/aubellys.fr\/wp-content\/uploads\/2026\/03\/Biscuit-floral-forme-fleur-IG-bas-Biscuiterie-tarn-agout-Aubellys-1.jpg 300w, https:\/\/aubellys.fr\/wp-content\/uploads\/2026\/03\/Biscuit-floral-forme-fleur-IG-bas-Biscuiterie-tarn-agout-Aubellys-1-225x300.jpg 225w\" sizes=\"auto, (max-width: 300px) 100vw, 300px\" \/><\/figure>\n\n\n\n<figure class=\"wp-block-image size-large\"><img loading=\"lazy\" decoding=\"async\" width=\"724\" height=\"1024\" src=\"http:\/\/aubellys.fr\/wp-content\/uploads\/2026\/03\/biscuit-floral-personnalise-sans-gluten-IG-bas-Aubellys-724x1024.png\" alt=\"\" class=\"wp-image-1395\" srcset=\"https:\/\/aubellys.fr\/wp-content\/uploads\/2026\/03\/biscuit-floral-personnalise-sans-gluten-IG-bas-Aubellys-724x1024.png 724w, https:\/\/aubellys.fr\/wp-content\/uploads\/2026\/03\/biscuit-floral-personnalise-sans-gluten-IG-bas-Aubellys-212x300.png 212w, https:\/\/aubellys.fr\/wp-content\/uploads\/2026\/03\/biscuit-floral-personnalise-sans-gluten-IG-bas-Aubellys-768x1086.png 768w, https:\/\/aubellys.fr\/wp-content\/uploads\/2026\/03\/biscuit-floral-personnalise-sans-gluten-IG-bas-Aubellys-1086x1536.png 1086w, https:\/\/aubellys.fr\/wp-content\/uploads\/2026\/03\/biscuit-floral-personnalise-sans-gluten-IG-bas-Aubellys.png 1414w\" sizes=\"auto, (max-width: 724px) 100vw, 724px\" \/><\/figure>\n\n\n\n<figure class=\"wp-block-image size-large\"><img loading=\"lazy\" decoding=\"async\" width=\"768\" height=\"1024\" src=\"http:\/\/aubellys.fr\/wp-content\/uploads\/2026\/03\/biscuit-fleur-personalise-bio-Aubellys-IG-bas-lavaur-768x1024.jpg\" alt=\"\" class=\"wp-image-1346\" srcset=\"https:\/\/aubellys.fr\/wp-content\/uploads\/2026\/03\/biscuit-fleur-personalise-bio-Aubellys-IG-bas-lavaur-768x1024.jpg 768w, https:\/\/aubellys.fr\/wp-content\/uploads\/2026\/03\/biscuit-fleur-personalise-bio-Aubellys-IG-bas-lavaur-225x300.jpg 225w, https:\/\/aubellys.fr\/wp-content\/uploads\/2026\/03\/biscuit-fleur-personalise-bio-Aubellys-IG-bas-lavaur-1152x1536.jpg 1152w, https:\/\/aubellys.fr\/wp-content\/uploads\/2026\/03\/biscuit-fleur-personalise-bio-Aubellys-IG-bas-lavaur-1536x2048.jpg 1536w, https:\/\/aubellys.fr\/wp-content\/uploads\/2026\/03\/biscuit-fleur-personalise-bio-Aubellys-IG-bas-lavaur-scaled.jpg 1920w\" sizes=\"auto, (max-width: 706px) 89vw, (max-width: 767px) 82vw, 740px\" \/><\/figure>\n\n\n\n<div class=\"wp-block-columns is-layout-flex wp-container-core-columns-is-layout-9d6595d7 wp-block-columns-is-layout-flex\">\n<div class=\"wp-block-column is-layout-flow wp-block-column-is-layout-flow\">\n<figure class=\"wp-block-image size-full\"><img loading=\"lazy\" decoding=\"async\" width=\"300\" height=\"400\" src=\"http:\/\/aubellys.fr\/wp-content\/uploads\/2026\/03\/biscuit-floral-violette-IG-bas-Aubellys-biscuit-sur-mesure-toulouse-rotated.jpg\" alt=\"\" class=\"wp-image-1393\" srcset=\"https:\/\/aubellys.fr\/wp-content\/uploads\/2026\/03\/biscuit-floral-violette-IG-bas-Aubellys-biscuit-sur-mesure-toulouse-rotated.jpg 300w, https:\/\/aubellys.fr\/wp-content\/uploads\/2026\/03\/biscuit-floral-violette-IG-bas-Aubellys-biscuit-sur-mesure-toulouse-225x300.jpg 225w\" sizes=\"auto, (max-width: 300px) 100vw, 300px\" \/><\/figure>\n<\/div>\n<\/div>\n\n\n\n<figure class=\"wp-block-image size-large\"><img loading=\"lazy\" decoding=\"async\" width=\"768\" height=\"1024\" src=\"http:\/\/aubellys.fr\/wp-content\/uploads\/2026\/03\/biscuit-floral-communion-IG-bas-Aubellys-Tarn-768x1024.jpg\" alt=\"\" class=\"wp-image-1351\" srcset=\"https:\/\/aubellys.fr\/wp-content\/uploads\/2026\/03\/biscuit-floral-communion-IG-bas-Aubellys-Tarn-768x1024.jpg 768w, https:\/\/aubellys.fr\/wp-content\/uploads\/2026\/03\/biscuit-floral-communion-IG-bas-Aubellys-Tarn-225x300.jpg 225w, https:\/\/aubellys.fr\/wp-content\/uploads\/2026\/03\/biscuit-floral-communion-IG-bas-Aubellys-Tarn-1152x1536.jpg 1152w, https:\/\/aubellys.fr\/wp-content\/uploads\/2026\/03\/biscuit-floral-communion-IG-bas-Aubellys-Tarn-1536x2048.jpg 1536w, https:\/\/aubellys.fr\/wp-content\/uploads\/2026\/03\/biscuit-floral-communion-IG-bas-Aubellys-Tarn-scaled.jpg 1920w\" sizes=\"auto, (max-width: 706px) 89vw, (max-width: 767px) 82vw, 740px\" \/><\/figure>\n\n\n\n<figure class=\"wp-block-image size-large\"><img loading=\"lazy\" decoding=\"async\" width=\"768\" height=\"1024\" src=\"http:\/\/aubellys.fr\/wp-content\/uploads\/2026\/03\/IMG_3843-768x1024.jpg\" alt=\"\" class=\"wp-image-1354\" srcset=\"https:\/\/aubellys.fr\/wp-content\/uploads\/2026\/03\/IMG_3843-768x1024.jpg 768w, https:\/\/aubellys.fr\/wp-content\/uploads\/2026\/03\/IMG_3843-225x300.jpg 225w, https:\/\/aubellys.fr\/wp-content\/uploads\/2026\/03\/IMG_3843-1152x1536.jpg 1152w, https:\/\/aubellys.fr\/wp-content\/uploads\/2026\/03\/IMG_3843-1536x2048.jpg 1536w, https:\/\/aubellys.fr\/wp-content\/uploads\/2026\/03\/IMG_3843-scaled.jpg 1920w\" sizes=\"auto, (max-width: 706px) 89vw, (max-width: 767px) 82vw, 740px\" \/><\/figure>\n<\/div>\n\n\n\n<figure class=\"wp-block-image size-large\"><img loading=\"lazy\" decoding=\"async\" width=\"768\" height=\"1024\" src=\"http:\/\/aubellys.fr\/wp-content\/uploads\/2025\/04\/ab1ed7c12df134b1a3a31c70b55d09bf-768x1024.png\" alt=\"\" class=\"wp-image-211\" srcset=\"https:\/\/aubellys.fr\/wp-content\/uploads\/2025\/04\/ab1ed7c12df134b1a3a31c70b55d09bf-768x1024.png 768w, https:\/\/aubellys.fr\/wp-content\/uploads\/2025\/04\/ab1ed7c12df134b1a3a31c70b55d09bf-225x300.png 225w, https:\/\/aubellys.fr\/wp-content\/uploads\/2025\/04\/ab1ed7c12df134b1a3a31c70b55d09bf-1152x1536.png 1152w, https:\/\/aubellys.fr\/wp-content\/uploads\/2025\/04\/ab1ed7c12df134b1a3a31c70b55d09bf.png 1200w\" sizes=\"auto, (max-width: 706px) 89vw, (max-width: 767px) 82vw, 740px\" \/><\/figure>\n\n\n\n<p>Commande \u00e0 partir de 10 biscuits.<\/p>\n","protected":false},"excerpt":{"rendered":"<p>Savourez une \u0153uvre d\u2019art culinaire o\u00f9 chaque bouch\u00e9e est une c\u00e9l\u00e9bration de la nature. Ces petits sabl\u00e9s aux fleurs comestibles, un plaisir bienfaisant avec l\u2019indice glyc\u00e9mique faible, recette po\u00e9tique et respectueuse de votre \u00e9nergie. Chaque cr\u00e9ation est une promesse de douceur, une pause enchant\u00e9e o\u00f9 la po\u00e9sie des fleurs rencontre la gourmandise culinaire. Ingr\u00e9dient locaux, &hellip; <\/p>\n<p class=\"link-more\"><a href=\"https:\/\/aubellys.fr\/index.php\/biscuit-floral\/\" class=\"more-link\">Continuer la lecture<span class=\"screen-reader-text\"> de &laquo;&nbsp;BISCUIT FLORAL&nbsp;&raquo;<\/span><\/a><\/p>\n","protected":false},"author":1,"featured_media":0,"parent":0,"menu_order":0,"comment_status":"closed","ping_status":"closed","template":"","meta":{"inline_featured_image":false,"footnotes":""},"class_list":["post-596","page","type-page","status-publish","hentry"],"_links":{"self":[{"href":"https:\/\/aubellys.fr\/index.php\/wp-json\/wp\/v2\/pages\/596","targetHints":{"allow":["GET"]}}],"collection":[{"href":"https:\/\/aubellys.fr\/index.php\/wp-json\/wp\/v2\/pages"}],"about":[{"href":"https:\/\/aubellys.fr\/index.php\/wp-json\/wp\/v2\/types\/page"}],"author":[{"embeddable":true,"href":"https:\/\/aubellys.fr\/index.php\/wp-json\/wp\/v2\/users\/1"}],"replies":[{"embeddable":true,"href":"https:\/\/aubellys.fr\/index.php\/wp-json\/wp\/v2\/comments?post=596"}],"version-history":[{"count":22,"href":"https:\/\/aubellys.fr\/index.php\/wp-json\/wp\/v2\/pages\/596\/revisions"}],"predecessor-version":[{"id":1574,"href":"https:\/\/aubellys.fr\/index.php\/wp-json\/wp\/v2\/pages\/596\/revisions\/1574"}],"wp:attachment":[{"href":"https:\/\/aubellys.fr\/index.php\/wp-json\/wp\/v2\/media?parent=596"}],"curies":[{"name":"wp","href":"https:\/\/api.w.org\/{rel}","templated":true}]}}