{"id":603,"date":"2025-08-31T12:14:38","date_gmt":"2025-08-31T10:14:38","guid":{"rendered":"https:\/\/aubellys.fr\/?page_id=603"},"modified":"2025-10-16T16:50:29","modified_gmt":"2025-10-16T14:50:29","slug":"cookies-frais-amande-pepite-chocolat","status":"publish","type":"page","link":"https:\/\/aubellys.fr\/index.php\/cookies-frais-amande-pepite-chocolat\/","title":{"rendered":"COOKIES AMANDE PEPITE CHOCOLAT PETIT EPEAUTRE"},"content":{"rendered":"\n<h3 class=\"wp-block-heading\"><strong>Cookie frais nutritif riche en prot\u00e9ines et fibres<\/strong><\/h3>\n\n\n\n<p>Elabor\u00e9 avec de la farine de petit \u00e9peautre compl\u00e8te, farine de lupin, poudre d&rsquo;amande, le beurre pour le moelleux, p\u00e9pites de chocolat noir 70% pour l&rsquo;intensit\u00e9, \u0153uf et du sucre fleur de coco, riche en prot\u00e9ine et fibres, peu sucr\u00e9.<\/p>\n\n\n\n<p><strong>Une recette qui marie gourmandise et sant\u00e9 pour un en-cas \u00e9nerg\u00e9tique irr\u00e9sistible, \u00e0 d\u00e9guster sans culpabilit\u00e9.<\/strong><\/p>\n\n\n\n<p>D\u00e9cor\u00e9s avec des fleurs de ma production.<\/p>\n\n\n\n<p>Produit extra-frais. A consommer dans 3 jours et pouvant \u00eatre congel\u00e9.<\/p>\n\n\n\n<p>IG bas: indice glyc\u00e9mique bas<\/p>\n\n\n<div class=\"wp-block-image\">\n<figure class=\"aligncenter size-large is-resized\"><img loading=\"lazy\" decoding=\"async\" width=\"794\" height=\"1123\" src=\"http:\/\/aubellys.fr\/wp-content\/uploads\/2025\/10\/Amande-Pepite-de-Chocolat-Petit-Epeautre.svg\" alt=\"\" class=\"wp-image-929\" style=\"width:577px;height:auto\"\/><\/figure>\n<\/div>","protected":false},"excerpt":{"rendered":"<p>Cookie frais nutritif riche en prot\u00e9ines et fibres Elabor\u00e9 avec de la farine de petit \u00e9peautre compl\u00e8te, farine de lupin, poudre d&rsquo;amande, le beurre pour le moelleux, p\u00e9pites de chocolat noir 70% pour l&rsquo;intensit\u00e9, \u0153uf et du sucre fleur de coco, riche en prot\u00e9ine et fibres, peu sucr\u00e9. Une recette qui marie gourmandise et sant\u00e9 &hellip; <\/p>\n<p class=\"link-more\"><a href=\"https:\/\/aubellys.fr\/index.php\/cookies-frais-amande-pepite-chocolat\/\" class=\"more-link\">Continuer la lecture<span class=\"screen-reader-text\"> de &laquo;&nbsp;COOKIES AMANDE PEPITE CHOCOLAT PETIT EPEAUTRE&nbsp;&raquo;<\/span><\/a><\/p>\n","protected":false},"author":1,"featured_media":0,"parent":0,"menu_order":0,"comment_status":"closed","ping_status":"closed","template":"","meta":{"inline_featured_image":false,"footnotes":""},"class_list":["post-603","page","type-page","status-publish","hentry"],"_links":{"self":[{"href":"https:\/\/aubellys.fr\/index.php\/wp-json\/wp\/v2\/pages\/603","targetHints":{"allow":["GET"]}}],"collection":[{"href":"https:\/\/aubellys.fr\/index.php\/wp-json\/wp\/v2\/pages"}],"about":[{"href":"https:\/\/aubellys.fr\/index.php\/wp-json\/wp\/v2\/types\/page"}],"author":[{"embeddable":true,"href":"https:\/\/aubellys.fr\/index.php\/wp-json\/wp\/v2\/users\/1"}],"replies":[{"embeddable":true,"href":"https:\/\/aubellys.fr\/index.php\/wp-json\/wp\/v2\/comments?post=603"}],"version-history":[{"count":5,"href":"https:\/\/aubellys.fr\/index.php\/wp-json\/wp\/v2\/pages\/603\/revisions"}],"predecessor-version":[{"id":934,"href":"https:\/\/aubellys.fr\/index.php\/wp-json\/wp\/v2\/pages\/603\/revisions\/934"}],"wp:attachment":[{"href":"https:\/\/aubellys.fr\/index.php\/wp-json\/wp\/v2\/media?parent=603"}],"curies":[{"name":"wp","href":"https:\/\/api.w.org\/{rel}","templated":true}]}}