{"id":610,"date":"2025-08-31T12:46:01","date_gmt":"2025-08-31T10:46:01","guid":{"rendered":"https:\/\/aubellys.fr\/?page_id=610"},"modified":"2025-10-16T16:53:30","modified_gmt":"2025-10-16T14:53:30","slug":"cookies-sarrasin-pepite-chocolat-melilot-noisette","status":"publish","type":"page","link":"https:\/\/aubellys.fr\/index.php\/cookies-sarrasin-pepite-chocolat-melilot-noisette\/","title":{"rendered":"COOKIES SARRASIN PEPITE CHOCOLAT MELILOT NOISETTE"},"content":{"rendered":"\n<h3 class=\"wp-block-heading\"><strong>Fondant et bienfaits nutritionnels.<\/strong><\/h3>\n\n\n\n<p>Une recette aux saveurs intense et \u00e9quilibr\u00e9e \u00e0 base de farine de sarrasin et de riz complet, huile de coco et de sucre de fleur de coco. Enrichi en graines de chia, m\u00e9lilot, la \u00ab\u00a0vanille tarnaise\u00a0\u00bb et des noisettes torr\u00e9fi\u00e9es.<\/p>\n\n\n\n<p>Un plaisir gourmand avec les p\u00e9pites de chocolat noir 70% offrant une saveur profonde.<\/p>\n\n\n\n<h5 class=\"wp-block-heading\">En qu\u00eate d&rsquo;\u00e9nergie durable ou pour ceux cherchant un en-cas nutritif, ce cookie est le compagnon id\u00e9al pour une pause gourmande, avant ou apr\u00e8s un effort.<\/h5>\n\n\n\n<p>IG bas: indice glyc\u00e9mique bas<\/p>\n\n\n\n<p>Produit extra-frais pouvant se congeler. A consommer dans les 3 jours dans une boite herm\u00e9tique.<\/p>\n\n\n\n<p>Naturellement sans gluten et V\u00e9gan; <em>Atelier de fabrication utilisant du gluten<\/em><\/p>\n\n\n<div class=\"wp-block-image\">\n<figure class=\"aligncenter size-large is-resized\"><img loading=\"lazy\" decoding=\"async\" width=\"724\" height=\"1024\" src=\"http:\/\/aubellys.fr\/wp-content\/uploads\/2025\/10\/Pepite-de-chocolat-Sarrasin-Noisette-Melilot-724x1024.png\" alt=\"\" class=\"wp-image-931\" style=\"width:513px;height:auto\" srcset=\"https:\/\/aubellys.fr\/wp-content\/uploads\/2025\/10\/Pepite-de-chocolat-Sarrasin-Noisette-Melilot-724x1024.png 724w, https:\/\/aubellys.fr\/wp-content\/uploads\/2025\/10\/Pepite-de-chocolat-Sarrasin-Noisette-Melilot-212x300.png 212w, https:\/\/aubellys.fr\/wp-content\/uploads\/2025\/10\/Pepite-de-chocolat-Sarrasin-Noisette-Melilot-768x1086.png 768w, https:\/\/aubellys.fr\/wp-content\/uploads\/2025\/10\/Pepite-de-chocolat-Sarrasin-Noisette-Melilot-1086x1536.png 1086w, https:\/\/aubellys.fr\/wp-content\/uploads\/2025\/10\/Pepite-de-chocolat-Sarrasin-Noisette-Melilot.png 1414w\" sizes=\"auto, (max-width: 724px) 100vw, 724px\" \/><\/figure>\n<\/div>","protected":false},"excerpt":{"rendered":"<p>Fondant et bienfaits nutritionnels. Une recette aux saveurs intense et \u00e9quilibr\u00e9e \u00e0 base de farine de sarrasin et de riz complet, huile de coco et de sucre de fleur de coco. Enrichi en graines de chia, m\u00e9lilot, la \u00ab\u00a0vanille tarnaise\u00a0\u00bb et des noisettes torr\u00e9fi\u00e9es. Un plaisir gourmand avec les p\u00e9pites de chocolat noir 70% offrant &hellip; <\/p>\n<p class=\"link-more\"><a href=\"https:\/\/aubellys.fr\/index.php\/cookies-sarrasin-pepite-chocolat-melilot-noisette\/\" class=\"more-link\">Continuer la lecture<span class=\"screen-reader-text\"> de &laquo;&nbsp;COOKIES SARRASIN PEPITE CHOCOLAT MELILOT NOISETTE&nbsp;&raquo;<\/span><\/a><\/p>\n","protected":false},"author":1,"featured_media":0,"parent":0,"menu_order":0,"comment_status":"closed","ping_status":"closed","template":"","meta":{"inline_featured_image":false,"footnotes":""},"class_list":["post-610","page","type-page","status-publish","hentry"],"_links":{"self":[{"href":"https:\/\/aubellys.fr\/index.php\/wp-json\/wp\/v2\/pages\/610","targetHints":{"allow":["GET"]}}],"collection":[{"href":"https:\/\/aubellys.fr\/index.php\/wp-json\/wp\/v2\/pages"}],"about":[{"href":"https:\/\/aubellys.fr\/index.php\/wp-json\/wp\/v2\/types\/page"}],"author":[{"embeddable":true,"href":"https:\/\/aubellys.fr\/index.php\/wp-json\/wp\/v2\/users\/1"}],"replies":[{"embeddable":true,"href":"https:\/\/aubellys.fr\/index.php\/wp-json\/wp\/v2\/comments?post=610"}],"version-history":[{"count":5,"href":"https:\/\/aubellys.fr\/index.php\/wp-json\/wp\/v2\/pages\/610\/revisions"}],"predecessor-version":[{"id":937,"href":"https:\/\/aubellys.fr\/index.php\/wp-json\/wp\/v2\/pages\/610\/revisions\/937"}],"wp:attachment":[{"href":"https:\/\/aubellys.fr\/index.php\/wp-json\/wp\/v2\/media?parent=610"}],"curies":[{"name":"wp","href":"https:\/\/api.w.org\/{rel}","templated":true}]}}