{"id":630,"date":"2025-09-03T11:24:28","date_gmt":"2025-09-03T09:24:28","guid":{"rendered":"https:\/\/aubellys.fr\/?page_id=630"},"modified":"2026-03-25T11:20:15","modified_gmt":"2026-03-25T10:20:15","slug":"lor-vert-des-collines-tarnaise-pesto-revisite-frais-100-vegetal-aux-plantes-sauvages","status":"publish","type":"page","link":"https:\/\/aubellys.fr\/index.php\/lor-vert-des-collines-tarnaise-pesto-revisite-frais-100-vegetal-aux-plantes-sauvages\/","title":{"rendered":"L\u2019or vert des collines tarnaise:  100% v\u00e9g\u00e9tal aux plantes sauvages"},"content":{"rendered":"\n<p><br><strong>Une explosion de saveurs onctueuses et nourrissantes,  frais et vibrant<\/strong><\/p>\n\n\n<div class=\"wp-block-image is-style-rounded\">\n<figure class=\"aligncenter size-large is-resized\"><img loading=\"lazy\" decoding=\"async\" width=\"768\" height=\"1024\" src=\"https:\/\/aubellys.fr\/wp-content\/uploads\/2026\/03\/IMG_5058-768x1024.jpg\" alt=\"\" class=\"wp-image-1472\" style=\"aspect-ratio:0.750008693535487;width:345px;height:auto\" srcset=\"https:\/\/aubellys.fr\/wp-content\/uploads\/2026\/03\/IMG_5058-768x1024.jpg 768w, https:\/\/aubellys.fr\/wp-content\/uploads\/2026\/03\/IMG_5058-225x300.jpg 225w, https:\/\/aubellys.fr\/wp-content\/uploads\/2026\/03\/IMG_5058-1152x1536.jpg 1152w, https:\/\/aubellys.fr\/wp-content\/uploads\/2026\/03\/IMG_5058-1536x2048.jpg 1536w, https:\/\/aubellys.fr\/wp-content\/uploads\/2026\/03\/IMG_5058-scaled.jpg 1920w\" sizes=\"auto, (max-width: 706px) 89vw, (max-width: 767px) 82vw, 740px\" \/><\/figure>\n<\/div>\n\n\n<p>Un m\u00e9lange croquant avec des amandes, noisettes et graines de tournesol, relev\u00e9 par la fraicheur du basilic, persil et plantes sauvages.<br>Un l\u00e9ger piquant avec l\u2019oignon rouge et l\u2019ail, une pointe d\u2019acidul\u00e9 avec le citron et la g\u00e9n\u00e9reuse huile d\u2019olive.<\/p>\n\n\n\n<p><strong>Aroma&rsquo;Tartinade audacieuse et un boost de vitalit\u00e9 au naturel <\/strong><\/p>\n\n\n\n<p>\u00e0 tartiner ou pour sublimer vos plats.<\/p>\n\n\n\n<p>Pot de 80g (\u00ab consign\u00e9 \u00bb)<br>Non pasteuris\u00e9<br>Sans lactose<\/p>\n\n\n\n<div class=\"wp-block-columns is-layout-flex wp-container-core-columns-is-layout-9d6595d7 wp-block-columns-is-layout-flex\">\n<div class=\"wp-block-column is-layout-flow wp-block-column-is-layout-flow\">\n<figure class=\"wp-block-image size-large\"><img loading=\"lazy\" decoding=\"async\" width=\"768\" height=\"1024\" src=\"http:\/\/aubellys.fr\/wp-content\/uploads\/2026\/01\/IMG_2661-768x1024.jpg\" alt=\"\" class=\"wp-image-1210\" srcset=\"https:\/\/aubellys.fr\/wp-content\/uploads\/2026\/01\/IMG_2661-768x1024.jpg 768w, https:\/\/aubellys.fr\/wp-content\/uploads\/2026\/01\/IMG_2661-225x300.jpg 225w, https:\/\/aubellys.fr\/wp-content\/uploads\/2026\/01\/IMG_2661-1152x1536.jpg 1152w, https:\/\/aubellys.fr\/wp-content\/uploads\/2026\/01\/IMG_2661-1536x2048.jpg 1536w, https:\/\/aubellys.fr\/wp-content\/uploads\/2026\/01\/IMG_2661-scaled.jpg 1920w\" sizes=\"auto, (max-width: 706px) 89vw, (max-width: 767px) 82vw, 740px\" \/><\/figure>\n<\/div>\n\n\n\n<div class=\"wp-block-column is-layout-flow wp-block-column-is-layout-flow\">\n<figure class=\"wp-block-image size-large\"><img loading=\"lazy\" decoding=\"async\" width=\"768\" height=\"1024\" src=\"http:\/\/aubellys.fr\/wp-content\/uploads\/2026\/01\/Plateau-grazing-traiteur-tarn-vegetarien-bio-Aubellys-768x1024.jpg\" alt=\"\" class=\"wp-image-1212\" srcset=\"https:\/\/aubellys.fr\/wp-content\/uploads\/2026\/01\/Plateau-grazing-traiteur-tarn-vegetarien-bio-Aubellys-768x1024.jpg 768w, https:\/\/aubellys.fr\/wp-content\/uploads\/2026\/01\/Plateau-grazing-traiteur-tarn-vegetarien-bio-Aubellys-225x300.jpg 225w, https:\/\/aubellys.fr\/wp-content\/uploads\/2026\/01\/Plateau-grazing-traiteur-tarn-vegetarien-bio-Aubellys-1152x1536.jpg 1152w, https:\/\/aubellys.fr\/wp-content\/uploads\/2026\/01\/Plateau-grazing-traiteur-tarn-vegetarien-bio-Aubellys-1536x2048.jpg 1536w, https:\/\/aubellys.fr\/wp-content\/uploads\/2026\/01\/Plateau-grazing-traiteur-tarn-vegetarien-bio-Aubellys-scaled.jpg 1920w\" sizes=\"auto, (max-width: 706px) 89vw, (max-width: 767px) 82vw, 740px\" \/><\/figure>\n<\/div>\n\n\n\n<div class=\"wp-block-column is-layout-flow wp-block-column-is-layout-flow\">\n<figure class=\"wp-block-image size-large\"><img loading=\"lazy\" decoding=\"async\" width=\"768\" height=\"1024\" src=\"https:\/\/aubellys.fr\/wp-content\/uploads\/2026\/01\/aroma-tartinade-plantes-sauvge-traiteur-vegetale-tarn-Aubellys-768x1024.jpg\" alt=\"\" class=\"wp-image-1213\" srcset=\"https:\/\/aubellys.fr\/wp-content\/uploads\/2026\/01\/aroma-tartinade-plantes-sauvge-traiteur-vegetale-tarn-Aubellys-768x1024.jpg 768w, https:\/\/aubellys.fr\/wp-content\/uploads\/2026\/01\/aroma-tartinade-plantes-sauvge-traiteur-vegetale-tarn-Aubellys-225x300.jpg 225w, https:\/\/aubellys.fr\/wp-content\/uploads\/2026\/01\/aroma-tartinade-plantes-sauvge-traiteur-vegetale-tarn-Aubellys-1152x1536.jpg 1152w, https:\/\/aubellys.fr\/wp-content\/uploads\/2026\/01\/aroma-tartinade-plantes-sauvge-traiteur-vegetale-tarn-Aubellys-1536x2048.jpg 1536w, https:\/\/aubellys.fr\/wp-content\/uploads\/2026\/01\/aroma-tartinade-plantes-sauvge-traiteur-vegetale-tarn-Aubellys-scaled.jpg 1920w\" sizes=\"auto, (max-width: 706px) 89vw, (max-width: 767px) 82vw, 740px\" \/><\/figure>\n<\/div>\n<\/div>\n","protected":false},"excerpt":{"rendered":"<p>Une explosion de saveurs onctueuses et nourrissantes, frais et vibrant Un m\u00e9lange croquant avec des amandes, noisettes et graines de tournesol, relev\u00e9 par la fraicheur du basilic, persil et plantes sauvages.Un l\u00e9ger piquant avec l\u2019oignon rouge et l\u2019ail, une pointe d\u2019acidul\u00e9 avec le citron et la g\u00e9n\u00e9reuse huile d\u2019olive. Aroma&rsquo;Tartinade audacieuse et un boost de &hellip; <\/p>\n<p class=\"link-more\"><a href=\"https:\/\/aubellys.fr\/index.php\/lor-vert-des-collines-tarnaise-pesto-revisite-frais-100-vegetal-aux-plantes-sauvages\/\" class=\"more-link\">Continuer la lecture<span class=\"screen-reader-text\"> de &laquo;&nbsp;L\u2019or vert des collines tarnaise:  100% v\u00e9g\u00e9tal aux plantes sauvages&nbsp;&raquo;<\/span><\/a><\/p>\n","protected":false},"author":1,"featured_media":0,"parent":0,"menu_order":0,"comment_status":"closed","ping_status":"closed","template":"","meta":{"inline_featured_image":false,"footnotes":""},"class_list":["post-630","page","type-page","status-publish","hentry"],"_links":{"self":[{"href":"https:\/\/aubellys.fr\/index.php\/wp-json\/wp\/v2\/pages\/630","targetHints":{"allow":["GET"]}}],"collection":[{"href":"https:\/\/aubellys.fr\/index.php\/wp-json\/wp\/v2\/pages"}],"about":[{"href":"https:\/\/aubellys.fr\/index.php\/wp-json\/wp\/v2\/types\/page"}],"author":[{"embeddable":true,"href":"https:\/\/aubellys.fr\/index.php\/wp-json\/wp\/v2\/users\/1"}],"replies":[{"embeddable":true,"href":"https:\/\/aubellys.fr\/index.php\/wp-json\/wp\/v2\/comments?post=630"}],"version-history":[{"count":9,"href":"https:\/\/aubellys.fr\/index.php\/wp-json\/wp\/v2\/pages\/630\/revisions"}],"predecessor-version":[{"id":1474,"href":"https:\/\/aubellys.fr\/index.php\/wp-json\/wp\/v2\/pages\/630\/revisions\/1474"}],"wp:attachment":[{"href":"https:\/\/aubellys.fr\/index.php\/wp-json\/wp\/v2\/media?parent=630"}],"curies":[{"name":"wp","href":"https:\/\/api.w.org\/{rel}","templated":true}]}}