{"id":879,"date":"2025-09-30T08:14:04","date_gmt":"2025-09-30T06:14:04","guid":{"rendered":"https:\/\/aubellys.fr\/?page_id=879"},"modified":"2025-10-30T17:48:24","modified_gmt":"2025-10-30T16:48:24","slug":"cake-ou-muffin-sureau-amande-avoine-sg-sl","status":"publish","type":"page","link":"https:\/\/aubellys.fr\/index.php\/cake-ou-muffin-sureau-amande-avoine-sg-sl\/","title":{"rendered":"Cake ou Muffin Sureau Amande Avoine SG &#8211; SL"},"content":{"rendered":"\n<h2 class=\"wp-block-heading\"><strong>Un voyage gourmand au coeur des saveurs douces et florale du sureau.<\/strong><\/h2>\n\n\n\n<p>La poudre d&rsquo;amande danse avec le sucre fleur de coco, l&rsquo;avoine et le yaourt v\u00e9g\u00e9tal de soja qui s&rsquo;unissent pour une texture l\u00e9g\u00e8re et moelleuse.&nbsp;L&rsquo;huile de coco apporte une rondeur envo\u00fbtante.<\/p>\n\n\n<div class=\"wp-block-image\">\n<figure class=\"aligncenter size-large is-resized\"><img loading=\"lazy\" decoding=\"async\" width=\"768\" height=\"1024\" src=\"http:\/\/aubellys.fr\/wp-content\/uploads\/2025\/08\/IMG_2545-768x1024.jpg\" alt=\"\" class=\"wp-image-364\" style=\"width:321px;height:auto\" srcset=\"https:\/\/aubellys.fr\/wp-content\/uploads\/2025\/08\/IMG_2545-768x1024.jpg 768w, https:\/\/aubellys.fr\/wp-content\/uploads\/2025\/08\/IMG_2545-225x300.jpg 225w, https:\/\/aubellys.fr\/wp-content\/uploads\/2025\/08\/IMG_2545-1152x1536.jpg 1152w, https:\/\/aubellys.fr\/wp-content\/uploads\/2025\/08\/IMG_2545-1536x2048.jpg 1536w, https:\/\/aubellys.fr\/wp-content\/uploads\/2025\/08\/IMG_2545-scaled.jpg 1920w\" sizes=\"auto, (max-width: 706px) 89vw, (max-width: 767px) 82vw, 740px\" \/><\/figure>\n<\/div>\n\n\n<p><\/p>\n\n\n\n<p>Une recette peu sucr\u00e9e, bienfaisante et respectueuse de votre \u00e9nergie, avec un indice glyc\u00e9mique faible.<\/p>\n\n\n\n<p><strong>Parfait pour une pause douce, o\u00f9 le corps et l&rsquo;esprit se r\u00e9galent.<\/strong><\/p>\n\n\n\n<p>Sans gluten et sans lactose&nbsp;<\/p>\n\n\n\n<p>Pour 4, 6 ,8 ou 10 personnes ou  Part individuelle<\/p>\n\n\n\n<p><\/p>\n","protected":false},"excerpt":{"rendered":"<p>Un voyage gourmand au coeur des saveurs douces et florale du sureau. La poudre d&rsquo;amande danse avec le sucre fleur de coco, l&rsquo;avoine et le yaourt v\u00e9g\u00e9tal de soja qui s&rsquo;unissent pour une texture l\u00e9g\u00e8re et moelleuse.&nbsp;L&rsquo;huile de coco apporte une rondeur envo\u00fbtante. Une recette peu sucr\u00e9e, bienfaisante et respectueuse de votre \u00e9nergie, avec un &hellip; <\/p>\n<p class=\"link-more\"><a href=\"https:\/\/aubellys.fr\/index.php\/cake-ou-muffin-sureau-amande-avoine-sg-sl\/\" class=\"more-link\">Continuer la lecture<span class=\"screen-reader-text\"> de &laquo;&nbsp;Cake ou Muffin Sureau Amande Avoine SG &#8211; SL&nbsp;&raquo;<\/span><\/a><\/p>\n","protected":false},"author":1,"featured_media":0,"parent":0,"menu_order":0,"comment_status":"closed","ping_status":"closed","template":"","meta":{"inline_featured_image":false,"footnotes":""},"class_list":["post-879","page","type-page","status-publish","hentry"],"_links":{"self":[{"href":"https:\/\/aubellys.fr\/index.php\/wp-json\/wp\/v2\/pages\/879","targetHints":{"allow":["GET"]}}],"collection":[{"href":"https:\/\/aubellys.fr\/index.php\/wp-json\/wp\/v2\/pages"}],"about":[{"href":"https:\/\/aubellys.fr\/index.php\/wp-json\/wp\/v2\/types\/page"}],"author":[{"embeddable":true,"href":"https:\/\/aubellys.fr\/index.php\/wp-json\/wp\/v2\/users\/1"}],"replies":[{"embeddable":true,"href":"https:\/\/aubellys.fr\/index.php\/wp-json\/wp\/v2\/comments?post=879"}],"version-history":[{"count":6,"href":"https:\/\/aubellys.fr\/index.php\/wp-json\/wp\/v2\/pages\/879\/revisions"}],"predecessor-version":[{"id":1004,"href":"https:\/\/aubellys.fr\/index.php\/wp-json\/wp\/v2\/pages\/879\/revisions\/1004"}],"wp:attachment":[{"href":"https:\/\/aubellys.fr\/index.php\/wp-json\/wp\/v2\/media?parent=879"}],"curies":[{"name":"wp","href":"https:\/\/api.w.org\/{rel}","templated":true}]}}