{"id":897,"date":"2025-10-09T18:22:39","date_gmt":"2025-10-09T16:22:39","guid":{"rendered":"https:\/\/aubellys.fr\/?page_id=897"},"modified":"2026-03-11T16:07:19","modified_gmt":"2026-03-11T15:07:19","slug":"a-propos","status":"publish","type":"page","link":"https:\/\/aubellys.fr\/index.php\/a-propos\/","title":{"rendered":"A propos"},"content":{"rendered":"\n<p><\/p>\n\n\n\n<div class=\"wp-block-media-text is-stacked-on-mobile\"><figure class=\"wp-block-media-text__media\"><img loading=\"lazy\" decoding=\"async\" width=\"1024\" height=\"768\" src=\"http:\/\/aubellys.fr\/wp-content\/uploads\/2025\/10\/DSC06949-1024x768.jpg\" alt=\"\" class=\"wp-image-901 size-full\" srcset=\"https:\/\/aubellys.fr\/wp-content\/uploads\/2025\/10\/DSC06949-1024x768.jpg 1024w, https:\/\/aubellys.fr\/wp-content\/uploads\/2025\/10\/DSC06949-300x225.jpg 300w, https:\/\/aubellys.fr\/wp-content\/uploads\/2025\/10\/DSC06949-768x576.jpg 768w, https:\/\/aubellys.fr\/wp-content\/uploads\/2025\/10\/DSC06949-1536x1152.jpg 1536w, https:\/\/aubellys.fr\/wp-content\/uploads\/2025\/10\/DSC06949-2048x1536.jpg 2048w\" sizes=\"auto, (max-width: 706px) 89vw, (max-width: 767px) 82vw, 740px\" \/><\/figure><div class=\"wp-block-media-text__content\">\n<p>Je m&rsquo;appelle Ana\u00efs, passionn\u00e9e de la nature et des tr\u00e9sors quelle nous offre.<\/p>\n\n\n\n<p>J&rsquo;ai a c\u0153ur de vous partager ces richesses \u00e0 travers ma cuisine florale bienfaisante et engag\u00e9e.<\/p>\n<\/div><\/div>\n\n\n\n<div class=\"wp-block-columns is-layout-flex wp-container-core-columns-is-layout-9d6595d7 wp-block-columns-is-layout-flex\">\n<div class=\"wp-block-column is-layout-flow wp-block-column-is-layout-flow\">\n<h2 class=\"wp-block-heading\"><strong>AUBELLYS<\/strong><\/h2>\n\n\n\n<p>Ce nom est issu d&rsquo;une combinaison de 3 mots :<\/p>\n\n\n\n<p><strong>Aub\u00e9pine<\/strong>, cet arbuste que j&rsquo;aime tant, \u00ab la plante du c\u0153ur \u00bb de la famille des Rosac\u00e9es. C&rsquo;\u00e9tait une \u00e9vidence pour moi de l&rsquo;int\u00e9grer dans le nom de mon entreprise.<\/p>\n\n\n\n<p><strong>Bellis<\/strong>, nom latin de la p\u00e2querette, m&rsquo;a toujours fascin\u00e9e par sa simplicit\u00e9 et sa capacit\u00e9 \u00e0 \u00e9clore parmi les premi\u00e8res au printemps. C&rsquo;est une fleur qui rappelle que la beaut\u00e9 peut \u00eatre trouv\u00e9e dans les choses les plus simples. J\u2019ai chang\u00e9 son i par un Y pour une note \u00e9l\u00e9gante.<\/p>\n\n\n\n<p><strong>Aube<\/strong>, ce moment magique o\u00f9 le jour se l\u00e8ve, synonyme de renouveau et d&rsquo;espoir. J&rsquo;aime observer le lever du soleil, je suis une l\u00e8ve t\u00f4t ! Ce spectacle quotidien rappelant que chaque jour est une nouvelle chance, un nouveau d\u00e9part.<\/p>\n<\/div>\n<\/div>\n\n\n\n<figure class=\"wp-block-gallery has-nested-images columns-default is-cropped wp-block-gallery-1 is-layout-flex wp-block-gallery-is-layout-flex\">\n<figure class=\"wp-block-image size-large\"><img loading=\"lazy\" decoding=\"async\" width=\"819\" height=\"1024\" data-id=\"343\" src=\"https:\/\/aubellys.fr\/wp-content\/uploads\/2025\/08\/AUBEPINE-AUBELLYS-819x1024.png\" alt=\"\" class=\"wp-image-343\" srcset=\"https:\/\/aubellys.fr\/wp-content\/uploads\/2025\/08\/AUBEPINE-AUBELLYS-819x1024.png 819w, https:\/\/aubellys.fr\/wp-content\/uploads\/2025\/08\/AUBEPINE-AUBELLYS-240x300.png 240w, https:\/\/aubellys.fr\/wp-content\/uploads\/2025\/08\/AUBEPINE-AUBELLYS-768x960.png 768w, https:\/\/aubellys.fr\/wp-content\/uploads\/2025\/08\/AUBEPINE-AUBELLYS.png 1080w\" sizes=\"auto, (max-width: 706px) 89vw, (max-width: 767px) 82vw, 740px\" \/><\/figure>\n\n\n\n<figure class=\"wp-block-image size-large\"><img loading=\"lazy\" decoding=\"async\" width=\"819\" height=\"1024\" data-id=\"345\" src=\"https:\/\/aubellys.fr\/wp-content\/uploads\/2025\/08\/BELLIS-AUBELLYS-819x1024.png\" alt=\"\" class=\"wp-image-345\" srcset=\"https:\/\/aubellys.fr\/wp-content\/uploads\/2025\/08\/BELLIS-AUBELLYS-819x1024.png 819w, https:\/\/aubellys.fr\/wp-content\/uploads\/2025\/08\/BELLIS-AUBELLYS-240x300.png 240w, https:\/\/aubellys.fr\/wp-content\/uploads\/2025\/08\/BELLIS-AUBELLYS-768x960.png 768w, https:\/\/aubellys.fr\/wp-content\/uploads\/2025\/08\/BELLIS-AUBELLYS.png 1080w\" sizes=\"auto, (max-width: 706px) 89vw, (max-width: 767px) 82vw, 740px\" \/><\/figure>\n\n\n\n<figure class=\"wp-block-image size-large\"><img loading=\"lazy\" decoding=\"async\" width=\"819\" height=\"1024\" data-id=\"342\" src=\"https:\/\/aubellys.fr\/wp-content\/uploads\/2025\/08\/AUBE-AUBELLYS-819x1024.png\" alt=\"\" class=\"wp-image-342\" srcset=\"https:\/\/aubellys.fr\/wp-content\/uploads\/2025\/08\/AUBE-AUBELLYS-819x1024.png 819w, https:\/\/aubellys.fr\/wp-content\/uploads\/2025\/08\/AUBE-AUBELLYS-240x300.png 240w, https:\/\/aubellys.fr\/wp-content\/uploads\/2025\/08\/AUBE-AUBELLYS-768x960.png 768w, https:\/\/aubellys.fr\/wp-content\/uploads\/2025\/08\/AUBE-AUBELLYS.png 1080w\" sizes=\"auto, (max-width: 706px) 89vw, (max-width: 767px) 82vw, 740px\" \/><\/figure>\n<\/figure>\n","protected":false},"excerpt":{"rendered":"<p>Je m&rsquo;appelle Ana\u00efs, passionn\u00e9e de la nature et des tr\u00e9sors quelle nous offre. J&rsquo;ai a c\u0153ur de vous partager ces richesses \u00e0 travers ma cuisine florale bienfaisante et engag\u00e9e. AUBELLYS Ce nom est issu d&rsquo;une combinaison de 3 mots : Aub\u00e9pine, cet arbuste que j&rsquo;aime tant, \u00ab la plante du c\u0153ur \u00bb de la famille &hellip; <\/p>\n<p class=\"link-more\"><a href=\"https:\/\/aubellys.fr\/index.php\/a-propos\/\" class=\"more-link\">Continuer la lecture<span class=\"screen-reader-text\"> de &laquo;&nbsp;A propos&nbsp;&raquo;<\/span><\/a><\/p>\n","protected":false},"author":1,"featured_media":0,"parent":0,"menu_order":0,"comment_status":"closed","ping_status":"closed","template":"","meta":{"inline_featured_image":false,"footnotes":""},"class_list":["post-897","page","type-page","status-publish","hentry"],"_links":{"self":[{"href":"https:\/\/aubellys.fr\/index.php\/wp-json\/wp\/v2\/pages\/897","targetHints":{"allow":["GET"]}}],"collection":[{"href":"https:\/\/aubellys.fr\/index.php\/wp-json\/wp\/v2\/pages"}],"about":[{"href":"https:\/\/aubellys.fr\/index.php\/wp-json\/wp\/v2\/types\/page"}],"author":[{"embeddable":true,"href":"https:\/\/aubellys.fr\/index.php\/wp-json\/wp\/v2\/users\/1"}],"replies":[{"embeddable":true,"href":"https:\/\/aubellys.fr\/index.php\/wp-json\/wp\/v2\/comments?post=897"}],"version-history":[{"count":7,"href":"https:\/\/aubellys.fr\/index.php\/wp-json\/wp\/v2\/pages\/897\/revisions"}],"predecessor-version":[{"id":1390,"href":"https:\/\/aubellys.fr\/index.php\/wp-json\/wp\/v2\/pages\/897\/revisions\/1390"}],"wp:attachment":[{"href":"https:\/\/aubellys.fr\/index.php\/wp-json\/wp\/v2\/media?parent=897"}],"curies":[{"name":"wp","href":"https:\/\/api.w.org\/{rel}","templated":true}]}}